{"id":2637,"date":"2024-06-27T15:38:19","date_gmt":"2024-06-27T13:38:19","guid":{"rendered":"https:\/\/hand16.com\/WP\/?page_id=2637"},"modified":"2025-09-19T10:18:22","modified_gmt":"2025-09-19T08:18:22","slug":"9mx","status":"publish","type":"page","link":"https:\/\/hand16.com\/WP\/9mx\/","title":{"rendered":"MOINS DE 9 ANS MIXTE"},"content":{"rendered":"\n<p><strong>R\u00e8glements &amp; Pr\u00e9conisations<\/strong> <em>(Extrait M\u00e9mento Annuel et M\u00e9mento Technique)<\/em><br><strong>R\u00e9f\u00e9rent : <\/strong>Benjamin MEHDAOUI &#8211; 07 88 86 85 16 &#8211; 6016000.bmehdaoui@ffhandball.net<\/p>\n\n\n\n<figure class=\"wp-block-table is-style-stripes has-small-font-size\"><table class=\"has-fixed-layout\"><tbody><tr><td class=\"has-text-align-center\" data-align=\"center\"><a href=\"https:\/\/hand16.com\/WP\/calendriers\/\">Calendriers<\/a><br>+ <a href=\"https:\/\/hand16.com\/WP\/evenements\/\" title=\"\">Hand Dr\u00f4les\/Drolesses<\/a><\/td><td class=\"has-text-align-center\" data-align=\"center\"><a href=\"https:\/\/ffhandball-my.sharepoint.com\/my?id=%2Fpersonal%2F6016000%5Fffhandball%5Fnet%2FDocuments%2FPDF%20SITE%2FCalendriers%2FAMPLITUDE%20AGE%2Epdf&amp;parent=%2Fpersonal%2F6016000%5Fffhandball%5Fnet%2FDocuments%2FPDF%20SITE%2FCalendriers&amp;ga=1\" target=\"_blank\" rel=\"noreferrer noopener\">Tableau<br>amplitudes d&rsquo;\u00e2ges<\/a><\/td><td class=\"has-text-align-center\" data-align=\"center\"><a href=\"https:\/\/ffhandball-my.sharepoint.com\/:b:\/g\/personal\/6016000_ffhandball_net\/EbAjI7GAc5dHtjStI431h5YBfJE9s7U1nvrkybWK3d3_1w?e=9yzgvS\" target=\"_blank\" rel=\"noopener\" title=\"\">M\u00e9mento Annuel<\/a><\/td><td class=\"has-text-align-center\" data-align=\"center\"><a href=\"https:\/\/ffhandball-my.sharepoint.com\/:b:\/g\/personal\/6016000_ffhandball_net\/EQ3KY8gReGtNntIftn2RYVoBvg_SqsP8VS6RzF_6h7nhIA?e=R83fer\" target=\"_blank\" rel=\"noopener\" title=\"\">M\u00e9mento Technique<\/a><\/td><\/tr><\/tbody><\/table><\/figure>\n\n\n\n<hr class=\"wp-block-separator has-alpha-channel-opacity\"\/>\n\n\n\n<p><a href=\"https:\/\/ffhandball-my.sharepoint.com\/:b:\/g\/personal\/6016000_ffhandball_net\/EfvPj2ddCmdGgY4Qe6v6sRsBt7q4nuriip42I9rUW6iaEw?e=uUK49U\" target=\"_blank\" rel=\"noreferrer noopener\">R\u00e8gles et pr\u00e9conisations sportives <\/a>(.pdf)<\/p>\n\n\n\n<figure class=\"wp-block-image size-large\"><img loading=\"lazy\" decoding=\"async\" width=\"1024\" height=\"576\" src=\"https:\/\/hand16.com\/WP\/wp-content\/uploads\/2025\/09\/7-1024x576.jpg\" alt=\"\" class=\"wp-image-3492\" srcset=\"https:\/\/hand16.com\/WP\/wp-content\/uploads\/2025\/09\/7-1024x576.jpg 1024w, https:\/\/hand16.com\/WP\/wp-content\/uploads\/2025\/09\/7-300x169.jpg 300w, https:\/\/hand16.com\/WP\/wp-content\/uploads\/2025\/09\/7-768x432.jpg 768w, https:\/\/hand16.com\/WP\/wp-content\/uploads\/2025\/09\/7-1536x864.jpg 1536w, https:\/\/hand16.com\/WP\/wp-content\/uploads\/2025\/09\/7.jpg 1920w\" sizes=\"auto, (max-width: 1024px) 100vw, 1024px\" \/><\/figure>\n\n\n\n<figure class=\"wp-block-image size-large\"><img loading=\"lazy\" decoding=\"async\" width=\"1024\" height=\"576\" src=\"https:\/\/hand16.com\/WP\/wp-content\/uploads\/2025\/09\/9-1024x576.jpg\" alt=\"\" class=\"wp-image-3493\" srcset=\"https:\/\/hand16.com\/WP\/wp-content\/uploads\/2025\/09\/9-1024x576.jpg 1024w, https:\/\/hand16.com\/WP\/wp-content\/uploads\/2025\/09\/9-300x169.jpg 300w, https:\/\/hand16.com\/WP\/wp-content\/uploads\/2025\/09\/9-768x432.jpg 768w, https:\/\/hand16.com\/WP\/wp-content\/uploads\/2025\/09\/9-1536x864.jpg 1536w, https:\/\/hand16.com\/WP\/wp-content\/uploads\/2025\/09\/9.jpg 1920w\" sizes=\"auto, (max-width: 1024px) 100vw, 1024px\" \/><\/figure>\n\n\n\n<hr class=\"wp-block-separator has-alpha-channel-opacity\"\/>\n\n\n\n<p>Rappel des r\u00e8gles de participation des joueurs applicables dans les comp\u00e9titions d\u00e9partementales pour les clubs ayant plusieurs \u00e9quipes engag\u00e9es dans des championnats de niveaux diff\u00e9rents. Elles sont l\u2019application des Statuts et R\u00e8glements de la F\u00e9d\u00e9ration Fran\u00e7aise de Handball.<\/p>\n\n\n\n<p><strong>REGLE IMPORTANTE :<\/strong> Les accompagnateurs des \u00e9quipes de jeunes Moins de 9, 11, 13, 15, 18 ans devront \u00eatre en possession d\u2019une licence \u00ab dirigeant ou joueur \u00bb. Ces officiels adultes qui seront inscrits sur la feuille de match \u00e9lectronique assureront le bon d\u00e9roulement des rencontres. En cas de litige, seules les personnes inscrites sur la feuille pourront apporter des informations.<\/p>\n\n\n\n<hr class=\"wp-block-separator has-alpha-channel-opacity\"\/>\n\n\n\n<p>MAJ : 19\/09\/2025<\/p>\n\n\n\n<p><br><br><\/p>\n","protected":false},"excerpt":{"rendered":"<p>R\u00e8glements &amp; Pr\u00e9conisations (Extrait M\u00e9mento Annuel et M\u00e9mento Technique)R\u00e9f\u00e9rent : Benjamin MEHDAOUI &#8211; 07 88 86 85 16 &#8211; 6016000.bmehdaoui@ffhandball.net Calendriers+ Hand Dr\u00f4les\/Drolesses Tableauamplitudes d&rsquo;\u00e2ges M\u00e9mento Annuel M\u00e9mento Technique R\u00e8gles et pr\u00e9conisations sportives (.pdf) Rappel des r\u00e8gles de participation des joueurs applicables dans les comp\u00e9titions d\u00e9partementales pour les clubs ayant plusieurs \u00e9quipes engag\u00e9es dans des [&hellip;]<\/p>\n","protected":false},"author":1,"featured_media":0,"parent":0,"menu_order":0,"comment_status":"closed","ping_status":"closed","template":"","meta":{"footnotes":""},"class_list":["post-2637","page","type-page","status-publish","hentry"],"aioseo_notices":[],"_links":{"self":[{"href":"https:\/\/hand16.com\/WP\/wp-json\/wp\/v2\/pages\/2637","targetHints":{"allow":["GET"]}}],"collection":[{"href":"https:\/\/hand16.com\/WP\/wp-json\/wp\/v2\/pages"}],"about":[{"href":"https:\/\/hand16.com\/WP\/wp-json\/wp\/v2\/types\/page"}],"author":[{"embeddable":true,"href":"https:\/\/hand16.com\/WP\/wp-json\/wp\/v2\/users\/1"}],"replies":[{"embeddable":true,"href":"https:\/\/hand16.com\/WP\/wp-json\/wp\/v2\/comments?post=2637"}],"version-history":[{"count":8,"href":"https:\/\/hand16.com\/WP\/wp-json\/wp\/v2\/pages\/2637\/revisions"}],"predecessor-version":[{"id":3514,"href":"https:\/\/hand16.com\/WP\/wp-json\/wp\/v2\/pages\/2637\/revisions\/3514"}],"wp:attachment":[{"href":"https:\/\/hand16.com\/WP\/wp-json\/wp\/v2\/media?parent=2637"}],"curies":[{"name":"wp","href":"https:\/\/api.w.org\/{rel}","templated":true}]}}