{"id":2641,"date":"2024-06-27T15:50:48","date_gmt":"2024-06-27T13:50:48","guid":{"rendered":"https:\/\/hand16.com\/WP\/?page_id=2641"},"modified":"2025-09-19T10:17:28","modified_gmt":"2025-09-19T08:17:28","slug":"11fg","status":"publish","type":"page","link":"https:\/\/hand16.com\/WP\/11fg\/","title":{"rendered":"MOINS DE 11 ANS"},"content":{"rendered":"\n<p><strong>R\u00e8glements &amp; Pr\u00e9conisations<\/strong> <em>(Extrait M\u00e9mento Annuel et M\u00e9mento Technique)<\/em><br><strong>R\u00e9f\u00e9rente : <\/strong><span style=\"font-size: revert; color: initial;\">LOU\u00c9-GAUCHER<\/span> <span style=\"font-size: revert; color: initial;\">Julie<\/span>  &nbsp;@ :&nbsp;  julielouegaucher@gmail.com<br> <\/p>\n\n\n\n<figure class=\"wp-block-table is-style-stripes has-small-font-size\"><table class=\"has-fixed-layout\"><tbody><tr><td class=\"has-text-align-center\" data-align=\"center\"><a href=\"https:\/\/hand16.com\/WP\/calendriers\/\">Calendriers<\/a><br>+ <a href=\"https:\/\/hand16.com\/WP\/evenements\/\" title=\"\">Hand Dr\u00f4les\/Drolesses<\/a><\/td><td class=\"has-text-align-center\" data-align=\"center\"><a href=\"https:\/\/ffhandball-my.sharepoint.com\/my?id=%2Fpersonal%2F6016000%5Fffhandball%5Fnet%2FDocuments%2FPDF%20SITE%2FCalendriers%2FAMPLITUDE%20AGE%2Epdf&amp;parent=%2Fpersonal%2F6016000%5Fffhandball%5Fnet%2FDocuments%2FPDF%20SITE%2FCalendriers&amp;ga=1\" target=\"_blank\" rel=\"noopener\" title=\"\">Tableau<br>amplitudes d&rsquo;\u00e2ges<\/a><\/td><td class=\"has-text-align-center\" data-align=\"center\">M\u00e9mento Annuel<\/td><td class=\"has-text-align-center\" data-align=\"center\"><a href=\"https:\/\/ffhandball-my.sharepoint.com\/:b:\/g\/personal\/6016000_ffhandball_net\/EQ3KY8gReGtNntIftn2RYVoBvg_SqsP8VS6RzF_6h7nhIA?e=R83fer\" target=\"_blank\" rel=\"noopener\" title=\"\">M\u00e9mento Technique<\/a><\/td><\/tr><\/tbody><\/table><\/figure>\n\n\n\n<hr class=\"wp-block-separator has-alpha-channel-opacity\"\/>\n\n\n\n<p><a href=\"https:\/\/ffhandball-my.sharepoint.com\/:b:\/g\/personal\/6016000_ffhandball_net\/EfvPj2ddCmdGgY4Qe6v6sRsBt7q4nuriip42I9rUW6iaEw?e=uUK49U\" target=\"_blank\" rel=\"noreferrer noopener\">R\u00e8gles et pr\u00e9conisations sportives <\/a>(.pdf)<\/p>\n\n\n\n<hr class=\"wp-block-separator has-alpha-channel-opacity\"\/>\n\n\n\n<figure class=\"wp-block-gallery has-nested-images columns-default is-cropped wp-block-gallery-1 is-layout-flex wp-block-gallery-is-layout-flex\">\n<figure class=\"wp-block-image size-large\"><img loading=\"lazy\" decoding=\"async\" width=\"1024\" height=\"576\" data-id=\"3495\" src=\"https:\/\/hand16.com\/WP\/wp-content\/uploads\/2025\/09\/8-1024x576.jpg\" alt=\"\" class=\"wp-image-3495\" srcset=\"https:\/\/hand16.com\/WP\/wp-content\/uploads\/2025\/09\/8-1024x576.jpg 1024w, https:\/\/hand16.com\/WP\/wp-content\/uploads\/2025\/09\/8-300x169.jpg 300w, https:\/\/hand16.com\/WP\/wp-content\/uploads\/2025\/09\/8-768x432.jpg 768w, https:\/\/hand16.com\/WP\/wp-content\/uploads\/2025\/09\/8-1536x864.jpg 1536w, https:\/\/hand16.com\/WP\/wp-content\/uploads\/2025\/09\/8.jpg 1920w\" sizes=\"auto, (max-width: 1024px) 100vw, 1024px\" \/><\/figure>\n<\/figure>\n\n\n\n<figure class=\"wp-block-image size-large\"><img loading=\"lazy\" decoding=\"async\" width=\"1024\" height=\"576\" src=\"https:\/\/hand16.com\/WP\/wp-content\/uploads\/2025\/09\/9-1-1024x576.jpg\" alt=\"\" class=\"wp-image-3496\" srcset=\"https:\/\/hand16.com\/WP\/wp-content\/uploads\/2025\/09\/9-1-1024x576.jpg 1024w, https:\/\/hand16.com\/WP\/wp-content\/uploads\/2025\/09\/9-1-300x169.jpg 300w, https:\/\/hand16.com\/WP\/wp-content\/uploads\/2025\/09\/9-1-768x432.jpg 768w, https:\/\/hand16.com\/WP\/wp-content\/uploads\/2025\/09\/9-1-1536x864.jpg 1536w, https:\/\/hand16.com\/WP\/wp-content\/uploads\/2025\/09\/9-1.jpg 1920w\" sizes=\"auto, (max-width: 1024px) 100vw, 1024px\" \/><\/figure>\n\n\n\n<hr class=\"wp-block-separator has-alpha-channel-opacity\"\/>\n\n\n\n<p>Rappel des r\u00e8gles de participation des joueurs applicables dans les comp\u00e9titions d\u00e9partementales pour les clubs ayant plusieurs \u00e9quipes engag\u00e9es dans des championnats de niveaux diff\u00e9rents. Elles sont l\u2019application des Statuts et R\u00e8glements de la F\u00e9d\u00e9ration Fran\u00e7aise de Handball.<\/p>\n\n\n\n<p><strong>REGLEMENT JEUNES TOURNOIS ET CHAMPIONNATS DEPARTEMENTAUX<\/strong><br><strong>Cat\u00e9gories -11, -13, -15 et -18 d\u00e9partemental.<\/strong><\/p>\n\n\n\n<p>A) Un responsable de plateau pour les -11 et -13 ans<br>Un responsable de la salle et du terrain obligatoire pour les -15 et -18 ans et au moins un majeur \u00e0 la table (ou un mineur avec tuteur qui ne peut \u00eatre un responsable d\u2019\u00e9quipe)<\/p>\n\n\n\n<p>B) Un chronom\u00e9treur majeur (ou mineur accompagn\u00e9 d\u2019un tuteur) \u00e9quipe recevante.<\/p>\n\n\n\n<p>C) Un secr\u00e9taire majeur (ou mineur accompagn\u00e9 d\u2019un tuteur) \u00e9quipe visiteuse.<\/p>\n\n\n\n<p>D) Un dirigeant licenci\u00e9 ayant si possible fait la formation d\u2019accompagnateur (fortement souhait\u00e9).<\/p>\n\n\n\n<p>E) Feuille de tournoi ou match par Feuille De Match Electronique (FDME).<\/p>\n\n\n\n<p>F) Les matchs devront \u00eatre arbitr\u00e9es par des JAJ de la tranche d\u2019\u00e2ge sup\u00e9rieure avec tuteurs d\u2019arbitres (souhait\u00e9). Pour les -18 ans \u00e8 d\u00e9signation CDA.<\/p>\n\n\n\n<p>G) Les horaires des matchs (une fois rentr\u00e9s dans Gest\u2019hand) devront \u00eatre respect\u00e9s afin de laisser un temps correct d\u2019\u00e9chauffement aux \u00e9quipes qui jouent en suivant.<\/p>\n\n\n\n<p>H) Sur le banc de touche, \u00e0 la table, et sur l\u2019aire de jeux, ne devront \u00eatre pr\u00e9sentes que les personnes inscrites sur la FDME.<\/p>\n\n\n\n<p>I) Les JA (et tuteurs d\u2019arbitres pour les cat\u00e9gories allant jusqu\u2019aux -18) devront contr\u00f4ler et faire respecter ces points de r\u00e8glement.<\/p>\n\n\n\n<p>J) Pour les tournois, suivre la grille officielle (d\u00e9roulement et temps de jeux \u00e0 respecter).<\/p>\n\n\n\n<p>K) Si les r\u00e8gles ne sont pas respect\u00e9es, le club se verra infliger une amende financi\u00e8re li\u00e9e aux faits.<\/p>\n\n\n\n<p>L) Le secr\u00e9taire et le chronom\u00e9treur de table devront rester neutres, en ne portant aucun jugement sur l\u2019arbitrage et sur le management d\u2019\u00e9quipe avant, pendant et apr\u00e8s le match.<\/p>\n\n\n\n<p>M) Si un club engage plusieurs \u00e9quipes jeunes dans une m\u00eame cat\u00e9gorie, les r\u00e8gles de brulages suivantes s\u2019appliquent&nbsp;:<\/p>\n\n\n\n<ul class=\"wp-block-list\">\n<li>Cat\u00e9gorie -11 et -13&nbsp;: pas de brulage<\/li>\n\n\n\n<li>Cat\u00e9gorie -15 et -18&nbsp;: le point D du r\u00e8glement s\u00e9nior s\u2019applique. Cependant, ce brulage sera remis \u00e0 0 lors d\u2019un changement de phase dans le cas d\u2019un championnat \u00e0 plusieurs phases (la valeur N correspondant alors au nombre de journ\u00e9e de la phase en cours). Dans le cas d\u2019un championnat \u00e0 une phase, les matches aller sont consid\u00e9r\u00e9s comme la 1\u00e8re phase et les matchs retour comme la 2\u00e8me phase, le brulage est donc remis \u00e0 0 \u00e0 la fin des matches aller. Si les phases des 2 \u00e9quipes ne sont pas synchronis\u00e9es, ce sont les phases de l\u2019\u00e9quipe jouant dans le niveau le plus haut qui est prise en compte.<\/li>\n<\/ul>\n\n\n\n<p>N) <strong>En -11 et -13 ans<\/strong>&nbsp;: FDME r\u00e9duite \u00e0 10 joueurs.<\/p>\n\n\n\n<p><strong>REGLE IMPORTANTE :<\/strong> Les accompagnateurs des \u00e9quipes de jeunes Moins de 9, 11, 13, 15, 18 ans devront \u00eatre en possession d\u2019une licence \u00ab dirigeant ou joueur \u00bb. Ces officiels adultes qui seront inscrits sur la feuille de match \u00e9lectronique assureront le bon d\u00e9roulement des rencontres. En cas de litige, seules les personnes inscrites sur la feuille pourront apporter des informations.<\/p>\n\n\n\n<hr class=\"wp-block-separator has-alpha-channel-opacity\"\/>\n\n\n\n<p>MAJ : 19\/09\/2025<\/p>\n\n\n\n<hr class=\"wp-block-separator has-alpha-channel-opacity\"\/>\n","protected":false},"excerpt":{"rendered":"<p>R\u00e8glements &amp; Pr\u00e9conisations (Extrait M\u00e9mento Annuel et M\u00e9mento Technique)R\u00e9f\u00e9rente : LOU\u00c9-GAUCHER Julie &nbsp;@ :&nbsp; julielouegaucher@gmail.com Calendriers+ Hand Dr\u00f4les\/Drolesses Tableauamplitudes d&rsquo;\u00e2ges M\u00e9mento Annuel M\u00e9mento Technique R\u00e8gles et pr\u00e9conisations sportives (.pdf) Rappel des r\u00e8gles de participation des joueurs applicables dans les comp\u00e9titions d\u00e9partementales pour les clubs ayant plusieurs \u00e9quipes engag\u00e9es dans des championnats de niveaux diff\u00e9rents. Elles [&hellip;]<\/p>\n","protected":false},"author":1,"featured_media":0,"parent":0,"menu_order":0,"comment_status":"closed","ping_status":"closed","template":"","meta":{"footnotes":""},"class_list":["post-2641","page","type-page","status-publish","hentry"],"aioseo_notices":[],"_links":{"self":[{"href":"https:\/\/hand16.com\/WP\/wp-json\/wp\/v2\/pages\/2641","targetHints":{"allow":["GET"]}}],"collection":[{"href":"https:\/\/hand16.com\/WP\/wp-json\/wp\/v2\/pages"}],"about":[{"href":"https:\/\/hand16.com\/WP\/wp-json\/wp\/v2\/types\/page"}],"author":[{"embeddable":true,"href":"https:\/\/hand16.com\/WP\/wp-json\/wp\/v2\/users\/1"}],"replies":[{"embeddable":true,"href":"https:\/\/hand16.com\/WP\/wp-json\/wp\/v2\/comments?post=2641"}],"version-history":[{"count":11,"href":"https:\/\/hand16.com\/WP\/wp-json\/wp\/v2\/pages\/2641\/revisions"}],"predecessor-version":[{"id":3511,"href":"https:\/\/hand16.com\/WP\/wp-json\/wp\/v2\/pages\/2641\/revisions\/3511"}],"wp:attachment":[{"href":"https:\/\/hand16.com\/WP\/wp-json\/wp\/v2\/media?parent=2641"}],"curies":[{"name":"wp","href":"https:\/\/api.w.org\/{rel}","templated":true}]}}