{"id":2651,"date":"2024-06-27T15:58:22","date_gmt":"2024-06-27T13:58:22","guid":{"rendered":"https:\/\/hand16.com\/WP\/?page_id=2651"},"modified":"2025-01-09T10:33:23","modified_gmt":"2025-01-09T09:33:23","slug":"18fgid","status":"publish","type":"page","link":"https:\/\/hand16.com\/WP\/18fgid\/","title":{"rendered":"Moins de 18 ans Interd\u00e9p."},"content":{"rendered":"\n<p><strong>R\u00e8glements &amp; Pr\u00e9conisations<\/strong><br><strong>R\u00e9f\u00e9rent : <\/strong>St\u00e9phane FAURE<\/p>\n\n\n\n<figure class=\"wp-block-table is-style-stripes has-small-font-size\"><table class=\"has-fixed-layout\"><tbody><tr><td class=\"has-text-align-center\" data-align=\"center\"><a href=\"https:\/\/hand16.com\/WP\/calendriers\/\">Calendriers<\/a><\/td><td class=\"has-text-align-center\" data-align=\"center\"><a href=\"https:\/\/ffhandball-my.sharepoint.com\/my?id=%2Fpersonal%2F6016000%5Fffhandball%5Fnet%2FDocuments%2FPDF%20SITE%2FCalendriers%2FAMPLITUDE%20AGE%2Epdf&amp;parent=%2Fpersonal%2F6016000%5Fffhandball%5Fnet%2FDocuments%2FPDF%20SITE%2FCalendriers&amp;ga=1\" target=\"_blank\" rel=\"noreferrer noopener\">Tableau<br>amplitudes d&rsquo;\u00e2ges<\/a><\/td><td class=\"has-text-align-center\" data-align=\"center\"><a href=\"https:\/\/ffhandball-my.sharepoint.com\/:b:\/g\/personal\/6016000_ffhandball_net\/EbAjI7GAc5dHtjStI431h5YBfJE9s7U1nvrkybWK3d3_1w?e=9yzgvS\" target=\"_blank\" rel=\"noopener\" title=\"\">M\u00e9mento Annuel<\/a><\/td><td class=\"has-text-align-center\" data-align=\"center\">M\u00e9mento Technique<\/td><\/tr><\/tbody><\/table><\/figure>\n\n\n\n<hr class=\"wp-block-separator has-alpha-channel-opacity\"\/>\n\n\n\n<p><strong>Ann\u00e9es d\u2019\u00e2ge autoris\u00e9es :<\/strong><br>Ann\u00e9es d\u2019\u00e2ge autoris\u00e9es 2007-2008-2009(pas de d\u00e9rogation possible).<br>Les regroupements temporaires d\u2019\u00e9quipes sont autoris\u00e9s ainsi que les conventions.<\/p>\n\n\n\n<hr class=\"wp-block-separator has-alpha-channel-opacity\"\/>\n\n\n\n<p><strong>Mode de qualification :<\/strong><br>Toutes les \u00e9quipes U18 niveau d\u00e9partemental sont qualifi\u00e9es pour la phase Interd\u00e9partementale.<br>Le d\u00e9but du championnat est fix\u00e9 pour janvier 2025.<br>La 1\u00e8re phase d\u00e9partementale doit \u00eatre termin\u00e9e au 22\/12\/2024.<\/p>\n\n\n\n<p><strong>Gestion du championnat :<\/strong><br>Un comit\u00e9 par saison en rotation. Pour saison 2024-2025, la gestion est assur\u00e9e par le comit\u00e9 79.<br>Le Comit\u00e9 gestionnaire, g\u00e8re la partie Gesthand pour le championnat masculin et le championnat f\u00e9minin avec une ouverture aux autres Comit\u00e9s. Le Comit\u00e9 gestionnaire ouvre l\u2019acc\u00e8s des comp\u00e9titions masculines et f\u00e9minines aux autres comit\u00e9s en tant qu\u2019observateurs dans Gesthand.<br>Le responsable de chaque COC se verra envoyer les anomalies de son comit\u00e9 qu\u2019il devra v\u00e9rifier et faire un retour au secr\u00e9tariat du comit\u00e9 gestionnaire dans un d\u00e9lai de 15 jours maximum.<br>Aucune personne ne peut apparaitre sur la feuille de match si elle n\u2019est pas qualifi\u00e9e pour aucune fonction.<\/p>\n\n\n\n<p><strong>Secr\u00e9taire et chronom\u00e9treur, pour toutes les rencontres des championnats r\u00e9gionaux :<\/strong><br>Chaque rencontre d\u2019une comp\u00e9tition r\u00e9gionale doit b\u00e9n\u00e9ficier d\u2019une table de marque charg\u00e9e d\u2019aider les juges-arbitres et les juges-d\u00e9l\u00e9gu\u00e9s pendant le d\u00e9roulement du match, compos\u00e9e d\u2019un chronom\u00e9treur et d\u2019un secr\u00e9taire b\u00e9n\u00e9voles, et au moins l\u2019un des deux doit \u00eatre majeur.<br>En comp\u00e9tition r\u00e9gionale un licenci\u00e9 de chaque club doit \u00eatre inscrit sur la FDME comme \u00ab chronom\u00e9treur \u00bb (club recevant) et \u00ab Secr\u00e9taire \u00bb (club visiteur). Cependant un licenci\u00e9 titulaire d\u2019une licence \u00ab pratiquante \u00bb, \u00ab dirigeante \u00bb ou \u00ab loisir \u00bb dans une structure autre que le club recevant ou titulaire d\u2019une licence blanche dans un autre club peut officier pour l\u2019un des clubs.<br>En cas de non-respect sur une rencontre, le club fautif se verra appliquer une amende en lien avec le paragraphe ci-dessous.<br><strong>Le club visiteur doit fournir un secr\u00e9taire licenci\u00e9. En cas de manquement \u00e0 cette r\u00e8gle, le club devra payer une amende de 10 euros. Le club recevant fournit un chronom\u00e9treur licenci\u00e9. Cependant la Commission d\u2019Organisation des Comp\u00e9titions se laisse le droit d\u2019autoriser deux (2) manquements sans p\u00e9nalit\u00e9 financi\u00e8re pour les \u00e9quipes en cas d\u2019absence du secr\u00e9taire du club visiteur.<\/strong><\/p>\n\n\n\n<p><strong>Reports :<\/strong><br>La demande de report est \u00e0 saisir au plus tard jusqu\u2019au jeudi 20h pr\u00e9c\u00e9dant le weekend initial si les 2 clubs sont d\u2019accord. La nouvelle date sera valid\u00e9e d\u00e8s le vendredi par le Comit\u00e9 gestionnaire de la comp\u00e9tition sinon au plus tard \u00e0 J+8.<br>De plus un mail, faire un mail d\u2019information aux COC de tous les 4 comit\u00e9s.<\/p>\n\n\n\n<p><strong>Br\u00fblage :<\/strong><br>Si un\/une joueur\/euse a jou\u00e9 plus de 10 matchs en championnat sup\u00e9rieur, il\/elle ne peut plus jouer dans cette phase interd\u00e9partementale.<\/p>\n\n\n\n<p><strong>Arbitrage :<\/strong><br>D\u00e9signation par chaque Comit\u00e9.<\/p>\n\n\n\n<p><strong>Discipline :<\/strong><br>La commission de discipline est instruite par le comit\u00e9 gestionnaire du championnat en pr\u00e9sence d\u2019un membre de la commission de discipline des 3 autres d\u00e9partements. <br>Le comit\u00e9 gestionnaire d\u00e9cidera du lieu de l\u2019\u00e9ventuelle commission (la visioconf\u00e9rence est possible).<\/p>\n\n\n\n<hr class=\"wp-block-separator has-alpha-channel-opacity\"\/>\n\n\n\n<p><strong>Tarifs et amendes :<\/strong><br>Tarif des engagements : \u00e0 r\u00e9gler \u00e0 son comit\u00e9<br>Frais et amendes &#8211; championnat ID : Les frais ou amendes seront per\u00e7us par chaque comit\u00e9 :<br>&#8211; Forfait isol\u00e9 50 euros<br>&#8211; Forfait g\u00e9n\u00e9ral 150 euros<br>&#8211; Report (changement de week-end) 10 euros<br>&#8211; Match perdu par p\u00e9nalit\u00e9 10 euros<br>&#8211; Indemnit\u00e9 arbitrage 35 euros (comme pour un match senior actuellement) plus 0.33\u20ac du km aller-retour<br>&#8211;  Retard envoi feuille de match &#8211; Apr\u00e8s 21h le dimanche 10 euros &#8211; Au-del\u00e0 du 3\u00e8me jour 60 euros<br>&#8211; Absence secr\u00e9taire de table FDME (match \u00e0 l\u2019ext\u00e9rieur) match U18 ID : 10 euros<\/p>\n\n\n\n<hr class=\"wp-block-separator has-alpha-channel-opacity\"\/>\n","protected":false},"excerpt":{"rendered":"<p>R\u00e8glements &amp; Pr\u00e9conisationsR\u00e9f\u00e9rent : St\u00e9phane FAURE Calendriers Tableauamplitudes d&rsquo;\u00e2ges M\u00e9mento Annuel M\u00e9mento Technique Ann\u00e9es d\u2019\u00e2ge autoris\u00e9es :Ann\u00e9es d\u2019\u00e2ge autoris\u00e9es 2007-2008-2009(pas de d\u00e9rogation possible).Les regroupements temporaires d\u2019\u00e9quipes sont autoris\u00e9s ainsi que les conventions. Mode de qualification :Toutes les \u00e9quipes U18 niveau d\u00e9partemental sont qualifi\u00e9es pour la phase Interd\u00e9partementale.Le d\u00e9but du championnat est fix\u00e9 pour janvier 2025.La [&hellip;]<\/p>\n","protected":false},"author":1,"featured_media":0,"parent":0,"menu_order":0,"comment_status":"closed","ping_status":"closed","template":"","meta":{"footnotes":""},"class_list":["post-2651","page","type-page","status-publish","hentry"],"aioseo_notices":[],"_links":{"self":[{"href":"https:\/\/hand16.com\/WP\/wp-json\/wp\/v2\/pages\/2651","targetHints":{"allow":["GET"]}}],"collection":[{"href":"https:\/\/hand16.com\/WP\/wp-json\/wp\/v2\/pages"}],"about":[{"href":"https:\/\/hand16.com\/WP\/wp-json\/wp\/v2\/types\/page"}],"author":[{"embeddable":true,"href":"https:\/\/hand16.com\/WP\/wp-json\/wp\/v2\/users\/1"}],"replies":[{"embeddable":true,"href":"https:\/\/hand16.com\/WP\/wp-json\/wp\/v2\/comments?post=2651"}],"version-history":[{"count":8,"href":"https:\/\/hand16.com\/WP\/wp-json\/wp\/v2\/pages\/2651\/revisions"}],"predecessor-version":[{"id":3150,"href":"https:\/\/hand16.com\/WP\/wp-json\/wp\/v2\/pages\/2651\/revisions\/3150"}],"wp:attachment":[{"href":"https:\/\/hand16.com\/WP\/wp-json\/wp\/v2\/media?parent=2651"}],"curies":[{"name":"wp","href":"https:\/\/api.w.org\/{rel}","templated":true}]}}