{"id":2652,"date":"2024-06-27T15:57:58","date_gmt":"2024-06-27T13:57:58","guid":{"rendered":"https:\/\/hand16.com\/WP\/?page_id=2652"},"modified":"2024-10-04T09:16:54","modified_gmt":"2024-10-04T07:16:54","slug":"15fgid","status":"publish","type":"page","link":"https:\/\/hand16.com\/WP\/15fgid\/","title":{"rendered":"Moins de 15 ans Interd\u00e9p."},"content":{"rendered":"\n<p><strong>R\u00e8glements <\/strong><br><strong>R\u00e9f\u00e9rent : <\/strong>Comp\u00e9tition g\u00e9r\u00e9e cette saison par le Comit\u00e9 79<br>Adresse : Maison D\u00e9partementale des Sports, 28 Rue de la Blauderie, CS 38539, 79025 Niort<br>T\u00e9l\u00e9phone : 05 49 06 61 15 &#8211; Mail : 6079000@ffhandball.net <\/p>\n\n\n\n<figure class=\"wp-block-table is-style-stripes has-small-font-size\"><table class=\"has-fixed-layout\"><tbody><tr><td class=\"has-text-align-center\" data-align=\"center\"><a href=\"https:\/\/hand16.com\/WP\/calendriers\/\">Calendriers<\/a><\/td><td class=\"has-text-align-center\" data-align=\"center\"><a href=\"https:\/\/ffhandball-my.sharepoint.com\/my?id=%2Fpersonal%2F6016000%5Fffhandball%5Fnet%2FDocuments%2FPDF%20SITE%2FCalendriers%2FAMPLITUDE%20AGE%2Epdf&amp;parent=%2Fpersonal%2F6016000%5Fffhandball%5Fnet%2FDocuments%2FPDF%20SITE%2FCalendriers&amp;ga=1\" target=\"_blank\" rel=\"noreferrer noopener\">Tableau<br>amplitudes d&rsquo;\u00e2ges<\/a><\/td><td class=\"has-text-align-center\" data-align=\"center\"><a href=\"https:\/\/ffhandball-my.sharepoint.com\/:b:\/g\/personal\/6016000_ffhandball_net\/EbAjI7GAc5dHtjStI431h5YBfJE9s7U1nvrkybWK3d3_1w?e=9yzgvS\" target=\"_blank\" rel=\"noopener\" title=\"\">M\u00e9mento Annuel<\/a><\/td><td class=\"has-text-align-center\" data-align=\"center\">M\u00e9mento Technique<\/td><\/tr><\/tbody><\/table><\/figure>\n\n\n\n<hr class=\"wp-block-separator has-alpha-channel-opacity\"\/>\n\n\n\n<p><strong>Ann\u00e9e d&rsquo;\u00e2ge :<\/strong> 2010, 2011, 2012 (pas de d\u00e9rogation possible)<\/p>\n\n\n\n<hr class=\"wp-block-separator has-alpha-channel-opacity\"\/>\n\n\n\n<p>Toute \u00e9quipe qui s\u2019engage en Interd\u00e9partemental -15 et -18 devra respecter&nbsp; le r\u00e8glement ID commun aux CD 16-17-79 et 86.<\/p>\n\n\n\n<hr class=\"wp-block-separator has-alpha-channel-opacity\"\/>\n\n\n\n<p><strong><u>Mode de qualification<\/u><\/strong>&nbsp;:<br>Sur 3 dates maximum (chaque Comit\u00e9 choisit ses modalit\u00e9s de qualification)<br>Les \u00e9quipes qualifi\u00e9es sont \u00e0 envoyer au comit\u00e9 gestionnaire du championnat (Comit\u00e9 79) avant le 23 septembre (si regroupement temporaire ou convention, merci de pr\u00e9ciser le club porteur et son num\u00e9ro d\u2019affiliation)<br><strong><u>Gestion du championnat<\/u><\/strong>&nbsp;:<br>Un comit\u00e9 par saison en rotation. <br>3 \u00e9quipes qualifi\u00e9es par d\u00e9partement.<\/p>\n\n\n\n<p>Le Comit\u00e9 gestionnaire, g\u00e8re la partie <em>Gesthand<\/em> pour le championnat masculin et le championnat f\u00e9minin avec une ouverture aux autres Comit\u00e9s. Le Comit\u00e9 gestionnaire ouvre l\u2019acc\u00e8s des comp\u00e9titions masculines et f\u00e9minines aux autres comit\u00e9s en tant qu\u2019observateurs dans <em>Gesthand<\/em>.<\/p>\n\n\n\n<p>Le responsable de chaque COC se verra envoyer les anomalies de son comit\u00e9 qu\u2019il devra v\u00e9rifier et faire un retour au secr\u00e9tariat du comit\u00e9 gestionnaire dans un d\u00e9lai de 15 jours maximum.<\/p>\n\n\n\n<p>Aucune personne ne peut apparaitre sur la feuille de match si elle n\u2019est pas qualifi\u00e9e pour aucune fonction.<\/p>\n\n\n\n<p>Le club visiteur doit fournir un secr\u00e9taire licenci\u00e9. En cas de manquement \u00e0 cette r\u00e8gle, le club devra payer une amende de 10 euros. Le club recevant fournit un chronom\u00e9treur licenci\u00e9.<\/p>\n\n\n\n<p>Pour toutes les rencontres des championnats r\u00e9gionaux. Chaque rencontre d\u2019une comp\u00e9tition r\u00e9gionale doit b\u00e9n\u00e9ficier d\u2019une table de marque charg\u00e9e d\u2019aider les juges-arbitres et les juges-d\u00e9l\u00e9gu\u00e9s pendant le d\u00e9roulement du match, compos\u00e9e d\u2019un chronom\u00e9treur et d\u2019un secr\u00e9taire b\u00e9n\u00e9voles, et au moins l\u2019un des deux doit \u00eatre majeur.<\/p>\n\n\n\n<p>En comp\u00e9tition r\u00e9gionale un licenci\u00e9 de chaque club doit \u00eatre inscrit sur la FDME comme \u00ab Chronom\u00e9treur \u00bb (club recevant) et \u00ab Secr\u00e9taire \u00bb (club visiteur). Cependant un licenci\u00e9 titulaire d\u2019une licence \u00ab&nbsp;pratiquante&nbsp;\u00bb, \u00ab&nbsp;dirigeante&nbsp;\u00bb ou \u00ab&nbsp;loisir&nbsp;\u00bb dans une structure autre que le club recevant ou titulaire d\u2019une licence blanche dans un autre club peut officier pour l\u2019un des clubs.<\/p>\n\n\n\n<p>En cas de non-respect sur une rencontre, le club fautif se verra appliquer une amende en lien avec le paragraphe ci-dessous.<\/p>\n\n\n\n<p>La Commission d\u2019Organisation des Comp\u00e9titions se laisse le droit :<\/p>\n\n\n\n<ul class=\"wp-block-list\">\n<li>D\u2019autoriser trois (3) manquements sans p\u00e9nalit\u00e9 financi\u00e8re pour les \u00e9quipes en cas d\u2019absence du secr\u00e9taire du club visiteur<\/li>\n<\/ul>\n\n\n\n<p>Demande de report \u00e0 saisir au plus tard jusqu\u2019au <strong>jeudi 20h<\/strong> pr\u00e9c\u00e9dant le week-end initial si les 2 clubs sont d\u2019accord. La nouvelle date sera valid\u00e9e d\u00e8s le vendredi par le Comit\u00e9 gestionnaire de la comp\u00e9tition sinon au plus tard \u00e0 J+8.<\/p>\n\n\n\n<p>De plus un mail, faire un mail d\u2019information aux 4 COC des 4 comit\u00e9s.<\/p>\n\n\n\n<p>Les regroupements temporaires d\u2019\u00e9quipes sont autoris\u00e9s ainsi que les conventions.<\/p>\n\n\n\n<h2 class=\"wp-block-heading\"><strong><u>Partie sportive&nbsp;:<\/u><\/strong><\/h2>\n\n\n\n<p><strong><u>Technique&nbsp;:<\/u><\/strong><\/p>\n\n\n\n<p>L\u2019officiel responsable pr\u00e9sent sur le banc doit \u00eatre titulaire au minimum d\u2019un dipl\u00f4me \u00ab&nbsp;ex-animateur de handball&nbsp;\u00bb ou du module \u00ab&nbsp;Entrainer les jeunes&nbsp;\u00bb en cours de validit\u00e9 ou \u00eatre inscrit \u00e0 cette formation la saison en cours. 2 absences sont tol\u00e9r\u00e9es lors de la 1<sup>\u00e8re<\/sup> phase (11 matchs) et 1 lors de la seconde phase (6 matchs).<\/p>\n\n\n\n<p>En cas de non-respect de la r\u00e8gle, l\u2019\u00e9quipe sera sanctionn\u00e9e d\u2019un retrait d\u2019un point par match.<\/p>\n\n\n\n<p>Chaque club, lors de son engagement au Tournoi de Qualification, doit fournir la liste des officiels responsables dipl\u00f4m\u00e9s (ou en cours de formation) qui officieront pour la saison.<\/p>\n\n\n\n<p><strong><u>Formes de jeu :<\/u><\/strong><\/p>\n\n\n\n<ul class=\"wp-block-list\">\n<li>Premi\u00e8re mi-temps&nbsp;: dispositif d\u00e9fensif \u00e9tag\u00e9, syst\u00e8me libre.<\/li>\n\n\n\n<li>2eme mi-temps&nbsp;: dispositif et syst\u00e8me d\u00e9fensifs libres.<\/li>\n\n\n\n<li>D\u00e9fense individuelle \u00ab&nbsp;stricte&nbsp;\u00bb interdite sur l\u2019ensemble du match.<\/li>\n<\/ul>\n\n\n\n<p><strong><u>Arbitrage<\/u><\/strong><\/p>\n\n\n\n<p>Les matchs doivent \u00eatre arbitr\u00e9s prioritairement par des Juges Arbitres n\u00e9s entre 2009 et 2001 OU arbitre seniors valid\u00e9s l\u2019ann\u00e9e N.<\/p>\n\n\n\n<p>Chaque club, lors de son engagement au Tournoi de Qualification, doit fournir la liste des Juges Arbitres qui officieront pour la saison.<\/p>\n\n\n\n<p>Le club recevant fournit un accompagnateur d\u2019arbitres lors de chaque rencontre (sauf d\u00e9signation par le Comit\u00e9). Toutefois, il est possible, en cas d\u2019absence d\u2019accompagnateur d\u2019arbitres du club recevant, de proposer un accompagnateur du club visiteur (ou neutre).<\/p>\n\n\n\n<p><strong><u>Discipline&nbsp;:<\/u><\/strong><\/p>\n\n\n\n<p>La commission de discipline est instruite par le comit\u00e9 gestionnaire du championnat en pr\u00e9sence d\u2019un membre de la commission de discipline des 3 autres d\u00e9partements. Le comit\u00e9 gestionnaire d\u00e9cidera du lieu de l\u2019\u00e9ventuelle commission (la visioconf\u00e9rence est possible).<\/p>\n\n\n\n<p><strong><u>Tarif des engagements&nbsp;:&nbsp; \u00e0 r\u00e9gler \u00e0 son comit\u00e9<\/u><\/strong><\/p>\n\n\n\n<p><strong><u>Tarifs Championnat ID (autres)&nbsp;:<\/u><\/strong><\/p>\n\n\n\n<p><strong>Les frais ou amendes seront per\u00e7us par chaque comit\u00e9 :<\/strong><\/p>\n\n\n\n<ul class=\"wp-block-list\">\n<li>Forfait isol\u00e9 50 euros<\/li>\n\n\n\n<li>Forfait g\u00e9n\u00e9ral 150 euros<\/li>\n\n\n\n<li>Report (changement de week-end) 10 euros<\/li>\n\n\n\n<li>Match perdu par p\u00e9nalit\u00e9 10 euros<\/li>\n\n\n\n<li>Indemnit\u00e9 arbitrage 15 euros plus 0.33\u20ac du km aller-retour<\/li>\n\n\n\n<li>Retard envoi feuille de match<ul><li>Apr\u00e8s 21h le dimanche 10 euros<\/li><\/ul>\n<ul class=\"wp-block-list\">\n<li>Au-del\u00e0 du 3\u00e8me jour 60 euros<\/li>\n<\/ul>\n<\/li>\n\n\n\n<li>Absence secr\u00e9taire de table FDME (match \u00e0 l\u2019ext\u00e9rieur) match U15 ID&nbsp;: 10 euros<\/li>\n<\/ul>\n\n\n\n<hr class=\"wp-block-separator has-alpha-channel-opacity\"\/>\n\n\n\n<p><\/p>\n","protected":false},"excerpt":{"rendered":"<p>R\u00e8glements R\u00e9f\u00e9rent : Comp\u00e9tition g\u00e9r\u00e9e cette saison par le Comit\u00e9 79Adresse : Maison D\u00e9partementale des Sports, 28 Rue de la Blauderie, CS 38539, 79025 NiortT\u00e9l\u00e9phone : 05 49 06 61 15 &#8211; Mail : 6079000@ffhandball.net Calendriers Tableauamplitudes d&rsquo;\u00e2ges M\u00e9mento Annuel M\u00e9mento Technique Ann\u00e9e d&rsquo;\u00e2ge : 2010, 2011, 2012 (pas de d\u00e9rogation possible) Toute \u00e9quipe qui [&hellip;]<\/p>\n","protected":false},"author":1,"featured_media":0,"parent":0,"menu_order":0,"comment_status":"closed","ping_status":"closed","template":"","meta":{"footnotes":""},"class_list":["post-2652","page","type-page","status-publish","hentry"],"aioseo_notices":[],"_links":{"self":[{"href":"https:\/\/hand16.com\/WP\/wp-json\/wp\/v2\/pages\/2652","targetHints":{"allow":["GET"]}}],"collection":[{"href":"https:\/\/hand16.com\/WP\/wp-json\/wp\/v2\/pages"}],"about":[{"href":"https:\/\/hand16.com\/WP\/wp-json\/wp\/v2\/types\/page"}],"author":[{"embeddable":true,"href":"https:\/\/hand16.com\/WP\/wp-json\/wp\/v2\/users\/1"}],"replies":[{"embeddable":true,"href":"https:\/\/hand16.com\/WP\/wp-json\/wp\/v2\/comments?post=2652"}],"version-history":[{"count":7,"href":"https:\/\/hand16.com\/WP\/wp-json\/wp\/v2\/pages\/2652\/revisions"}],"predecessor-version":[{"id":3038,"href":"https:\/\/hand16.com\/WP\/wp-json\/wp\/v2\/pages\/2652\/revisions\/3038"}],"wp:attachment":[{"href":"https:\/\/hand16.com\/WP\/wp-json\/wp\/v2\/media?parent=2652"}],"curies":[{"name":"wp","href":"https:\/\/api.w.org\/{rel}","templated":true}]}}