{"id":2655,"date":"2024-06-27T16:01:12","date_gmt":"2024-06-27T14:01:12","guid":{"rendered":"https:\/\/hand16.com\/WP\/?page_id=2655"},"modified":"2024-10-04T09:17:16","modified_gmt":"2024-10-04T07:17:16","slug":"seniors","status":"publish","type":"page","link":"https:\/\/hand16.com\/WP\/seniors\/","title":{"rendered":"S\u00e9niors F\u00e9minins et Masculins"},"content":{"rendered":"\n<p><strong>R\u00e8glements <\/strong>(Extrait du M\u00e9mento Annuel)<br><strong>R\u00e9f\u00e9rent : <\/strong>St\u00e9phane FAURE &#8211; 6016000.coc@ffhandball.net <br>06.25.54.17.95 (privil\u00e9gier messages, @, SMS ou whatsapp)<\/p>\n\n\n\n<figure class=\"wp-block-table is-style-stripes has-small-font-size\"><table><tbody><tr><td class=\"has-text-align-center\" data-align=\"center\"><a href=\"https:\/\/hand16.com\/WP\/calendriers\/\">Calendriers<\/a><\/td><td class=\"has-text-align-center\" data-align=\"center\"><a href=\"https:\/\/ffhandball-my.sharepoint.com\/my?id=%2Fpersonal%2F6016000%5Fffhandball%5Fnet%2FDocuments%2FPDF%20SITE%2FCalendriers%2FAMPLITUDE%20AGE%2Epdf&amp;parent=%2Fpersonal%2F6016000%5Fffhandball%5Fnet%2FDocuments%2FPDF%20SITE%2FCalendriers&amp;ga=1\" target=\"_blank\" rel=\"noreferrer noopener\">Tableau<br>amplitudes d&rsquo;\u00e2ges<\/a><\/td><td class=\"has-text-align-center\" data-align=\"center\"><a href=\"https:\/\/ffhandball-my.sharepoint.com\/:b:\/g\/personal\/6016000_ffhandball_net\/EbAjI7GAc5dHtjStI431h5YBfJE9s7U1nvrkybWK3d3_1w?e=9yzgvS\" target=\"_blank\" rel=\"noopener\" title=\"\">M\u00e9mento Annuel<\/a><\/td><td class=\"has-text-align-center\" data-align=\"center\">M\u00e9mento Technique<\/td><\/tr><\/tbody><\/table><\/figure>\n\n\n\n<hr class=\"wp-block-separator has-alpha-channel-opacity\"\/>\n\n\n\n<p><strong>Ann\u00e9e d&rsquo;\u00e2ge :<\/strong> +16 ans ; 2007 et moins ; <br>2008 et 2009 voir tableau amplitudes d&rsquo;\u00e2ges.<\/p>\n\n\n\n<hr class=\"wp-block-separator has-alpha-channel-opacity\"\/>\n\n\n\n<p>Rappel des r\u00e8gles de participation des joueurs applicables dans les comp\u00e9titions d\u00e9partementales pour les clubs ayant plusieurs \u00e9quipes engag\u00e9es dans des championnats de niveaux diff\u00e9rents.<\/p>\n\n\n\n<p>Elles sont l\u2019application des Statuts et R\u00e8glements de la F\u00e9d\u00e9ration Fran\u00e7aise de Handball.<\/p>\n\n\n\n<hr class=\"wp-block-separator has-alpha-channel-opacity\"\/>\n\n\n\n<p><strong>A) LICENCE \/ <\/strong>D\u2019apr\u00e8s le r\u00e8glement FFHB<\/p>\n\n\n\n<p>Conform\u00e9ment aux articles 7.2 et 7.3 des statuts, il faut \u00eatre titulaire d\u2019une licence de la FFHB, r\u00e9guli\u00e8rement \u00e9tablie, et \u00eatre qualifi\u00e9 au titre de la saison en cours, pour :<\/p>\n\n\n\n<ul class=\"wp-block-list\">\n<li>prendre part aux comp\u00e9titions,<\/li>\n\n\n\n<li>exercer toute responsabilit\u00e9 (dirigeant, entra\u00eeneur, \u00e9ducateur, arbitre, manager\u2026)<br>\u2026<\/li>\n<\/ul>\n\n\n\n<p>En dehors des officiels de table, si une personne est port\u00e9e sur une ou plusieurs feuilles de matches alors qu\u2019elle n\u2019est pas licenci\u00e9e de la FFHB, n\u2019est pas qualifi\u00e9e, ou est sous le coup d\u2019une sanction disciplinaire \u00e0 la date du ou des matches correspondants, le ou les matches sont perdus par p\u00e9nalit\u00e9 (sportive et financi\u00e8re) par l\u2019\u00e9quipe concern\u00e9e.<\/p>\n\n\n\n<p>Si une personne ne respecte pas l\u2019amplitude d\u2019\u00e2ge de la cat\u00e9gorie de jeu, le ou les matches sont perdus par p\u00e9nalit\u00e9 (sportive et financi\u00e8re) pour l\u2019\u00e9quipe concern\u00e9e.<br><strong>Chaque club est responsable des informations relatives aux joueurs(ses), aux officiels, au capitaine, aux signatures \u00e9lectroniques de son club.<\/strong><\/p>\n\n\n\n<p>Lors de l\u2019\u00e9laboration de la feuille de match \u00e9lectronique, si des incoh\u00e9rences apparaissent entre la saisie et les donn\u00e9es Gest\u2019hand&nbsp;, cela d\u00e9clenchera une anomalie qui sera imm\u00e9diatement signal\u00e9e. Cette anomalie ne sera pas bloquante et le joueur pourra \u00e9voluer sous la responsabilit\u00e9 de son club. La COC sera inform\u00e9e et statuera lors du contr\u00f4le de la feuille de match et appliquera le cas \u00e9ch\u00e9ant les sanctions sportives et financi\u00e8res voire disciplinaires.<\/p>\n\n\n\n<p>L\u2019officiel responsable d\u2019une \u00e9quipe peut demander au d\u00e9l\u00e9gu\u00e9 ou \u00e0 d\u00e9faut aux arbitres de proc\u00e9der, \u00e0 l\u2019aide des licences, au contr\u00f4le d\u2019identit\u00e9 des joueurs de l\u2019\u00e9quipe adverse avant la rencontre ou \u00e0 la fin de la rencontre pour les joueurs non-inscrits sur la feuille de match en d\u00e9but de match. <strong>Aucune contestation d\u2019identit\u00e9 ne sera recevable en l\u2019absence de r\u00e9clamation d\u00e9pos\u00e9e sur la feuille de match.<\/strong><\/p>\n\n\n\n<p>Cas des joueurs sans licence avec justificatif d\u2019identit\u00e9 : application de l&rsquo;article 98.4 de l&rsquo;annuaire f\u00e9d\u00e9ral 2017-2018&nbsp;:<\/p>\n\n\n\n<p class=\"has-small-font-size\">\u00ab&nbsp;98.4 Cas des joueurs sans licence avec justificatif d\u2019identit\u00e9 Un joueur dont la licence ne s\u2019affiche pas informatiquement le jour du match doit prouver son identit\u00e9 \u00e0 l\u2019aide d\u2019un justificatif d\u2019identit\u00e9 avec photo. Le justificatif d\u2019identit\u00e9 avec photographie peut \u00eatre pr\u00e9sent\u00e9 sous le format papier classique mais aussi au format num\u00e9rique. Ainsi les juges-arbitres pourront tol\u00e9rer, notamment, la pr\u00e9sentation d\u2019un justificatif d\u2019identit\u00e9 scann\u00e9 sur un t\u00e9l\u00e9phone portable ou sur un ordinateur. Dans tous les cas, la photographie et les informations devront \u00eatre correctement lisibles et identifiables.<\/p>\n\n\n\n<p class=\"has-small-font-size\">98.5 Cas des joueurs sans licence et sans justificatif d\u2019identit\u00e9 Un joueur dont la licence ne s\u2019affiche pas informatiquement le jour du match, et qui ne pr\u00e9sente pas de justificatif d\u2019identit\u00e9 avec photo, ne peut pas \u00eatre inscrit sur la feuille de match et ne peut pas prendre part \u00e0 la rencontre. Les juges-arbitres doivent pr\u00e9venir le joueur, et l\u2019officiel responsable de l\u2019\u00e9quipe s\u2019il s\u2019agit d\u2019un joueur mineur, pour lui signifier son interdiction de jouer et doivent le retirer de la FDME. Si le joueur ou son responsable exige qu\u2019il joue malgr\u00e9 l\u2019interdiction des juges-arbitres, alors ces derniers doivent laisser coch\u00e9e la case \u00ab INV \u00bb et noter un commentaire. Les sanctions suivantes sont prononc\u00e9es par la COC concern\u00e9e : \u2013 perte du match par p\u00e9nalit\u00e9 pour le club fautif ; \u2013 p\u00e9nalit\u00e9 financi\u00e8re dont le montant est fix\u00e9 dans le Guide financier.&nbsp;\u00bb<\/p>\n\n\n\n<p><strong>B) Match report\u00e9<\/strong><\/p>\n\n\n\n<p>\u00ab&nbsp;Conform\u00e9ment \u00e0 l\u2019article 94.2 des Textes r\u00e9glementaires&nbsp;:<\/p>\n\n\n\n<ul class=\"wp-block-list\">\n<li>Dans le cas d\u2019un match diff\u00e9r\u00e9, les joueurs non qualifi\u00e9s \u00e0 la date initiale, en r\u00e9f\u00e9rence aux r\u00e8gles de qualification, peuvent jouer \u00e0 la date de remplacement. Il en est de m\u00eame pour les joueurs suspendus disciplinairement \u00e0 la date initiale, qui peuvent \u00e9voluer \u00e0 la date de remplacement \u00e0 la condition d\u2019avoir effectivement purg\u00e9 avant cette date l\u2019int\u00e9gralit\u00e9 de leur suspension disciplinaire.<\/li>\n\n\n\n<li><span style=\"color: initial;\">Les joueurs ayant jou\u00e9 en championnat dans une autre \u00e9quipe \u00e0 la date initiale, peuvent participer aux rencontres diff\u00e9r\u00e9es dans le respect de l\u2019article 95.1 (voir textes r\u00e9glementaires \u00ab&nbsp;participation d\u2019un joueur sur une m\u00eame semaine de comp\u00e9tition&nbsp;\u00bb).<\/span><\/li>\n\n\n\n<li><span style=\"color: initial;\">Si le match a \u00e9t\u00e9 avanc\u00e9, les joueurs qui ont particip\u00e9 peuvent prendre part \u00e0 une comp\u00e9tition se d\u00e9roulant lors de la date initialement pr\u00e9vue, dans le respect de l\u2019article 95.1.<\/span><\/li>\n\n\n\n<li>Dans le cas o\u00f9, \u00e0 la suite d\u2019une d\u00e9cision officielle, un match doit \u00eatre rejou\u00e9, les dispositions des points pr\u00e9c\u00e9dents sont applicables.<\/li>\n<\/ul>\n\n\n\n<p><strong>&nbsp;C) FORFAIT<\/strong><\/p>\n\n\n\n<p>En cas de forfait g\u00e9n\u00e9ral d\u2019une \u00e9quipe, tous les r\u00e9sultats obtenus par cette \u00e9quipe sont annul\u00e9s et l\u2019\u00e9quipe fautive est mise hors championnat d\u00e8s la d\u00e9cision prise.<br>Cette \u00e9quipe descend obligatoirement d\u2019une division \u00e0 la fin de la saison N ou, s\u2019il s\u2019agit d\u2019une \u00e9preuve par qualification, ne peut participer \u00e0 la comp\u00e9tition consid\u00e9r\u00e9e la saison suivante (N+1).<\/p>\n\n\n\n<p>Un forfait g\u00e9n\u00e9ral est prononc\u00e9 apr\u00e8s 3 forfaits isol\u00e9s ou 6 matches perdus par p\u00e9nalit\u00e9.<\/p>\n\n\n\n<p>Les matches perdus par p\u00e9nalit\u00e9 dans les championnats d\u00e9partementaux seniors sont compt\u00e9s comme \u00bd forfait, c\u2019est \u00e0 dire qu\u2019une \u00e9quipe ne sera d\u00e9finitivement \u00e9limin\u00e9e du championnat qu\u2019apr\u00e8s 6 matchs perdus par p\u00e9nalit\u00e9 (ou 1 forfait + 4 p\u00e9nalit\u00e9s etc&#8230;)<\/p>\n\n\n\n<p><strong>D) Br\u00fblage<\/strong><\/p>\n\n\n\n<p>Quand une \u00e9quipe doit, au cours d\u2019une saison et dans une m\u00eame division, disputer N matches, tout joueur ayant \u00e9volu\u00e9 N\/2 fois dans cette \u00e9quipe, ne peut plus participer dans une division de niveau inf\u00e9rieur \u00e0 celle-ci.<\/p>\n\n\n\n<p>De m\u00eame, si un club qui a deux \u00e9quipes engag\u00e9es dans un m\u00eame championnat d\u00e9partemental, tout joueur ayant \u00e9volu\u00e9 N\/2 fois dans la 1\u00e8re \u00e9quipe, ne peut plus jouer dans la 2\u00e8me \u00e9quipe. Avant le 1er match, le club doit informer la COC quelle \u00e9quipe est son \u00e9quipe premi\u00e8re. Il est attendu que l\u2019\u00e9quipe 1 soit de meilleur niveau ou de niveau \u00e9quivalent \u00e0 son \u00e9quipe 2.<\/p>\n\n\n\n<p>La valeur N\/2 se d\u00e9finit par rapport au nombre de matches dans une comp\u00e9tition par poule ou dans une comp\u00e9tition sur deux ou plusieurs phases, rassemblant l\u2019ensemble des \u00e9quipes engag\u00e9es ; ce qui exclut la prise en compte des matches des phases dites de finalit\u00e9.<\/p>\n\n\n\n<p>Le niveau inf\u00e9rieur se d\u00e9finit en termes de niveau hi\u00e9rarchis\u00e9 de comp\u00e9tition dans la m\u00eame cat\u00e9gorie d\u2019\u00e2ge du licenci\u00e9 concern\u00e9.<\/p>\n\n\n\n<p>Le non-respect de cette disposition entra\u00eene la perte du match par p\u00e9nalit\u00e9.<\/p>\n\n\n\n<p>Un joueur ayant \u00e9volu\u00e9 N\/2 fois, au cours d\u2019une m\u00eame saison, dans une comp\u00e9tition d\u00e9finie, ne peut plus participer, \u00e0 une autre \u00e9preuve de niveau inf\u00e9rieur, concernant des \u00e2ges identiques.<\/p>\n\n\n\n<p>Un joueur qui n\u2019a pas jou\u00e9 pendant 5 dates cons\u00e9cutives officielles de comp\u00e9tition (pour cause de blessure notamment) pourra rejouer normalement en division inf\u00e9rieure, apr\u00e8s accord du Pr\u00e9sident de la Commission sur pr\u00e9sentation d\u2019un justificatif.<\/p>\n\n\n\n<p><strong>E) R\u00e8glement championnat s\u00e9niors (F\/M)<\/strong><\/p>\n\n\n\n<p>1.&nbsp;&nbsp;&nbsp;&nbsp; Un responsable de la salle et du terrain.<br>2.&nbsp;&nbsp;&nbsp; Un chronom\u00e9treur majeur (ou mineur accompagn\u00e9 d\u2019un tuteur) \u00e9quipe recevante.<br>3.&nbsp;&nbsp;&nbsp; Un secr\u00e9taire majeur (ou mineur accompagn\u00e9 d\u2019un tuteur) \u00e9quipe visiteuse.<br>4.&nbsp;&nbsp;&nbsp; Un dirigeant licenci\u00e9 ayant si possible fait la formation d\u2019Accompagnateur (fortement souhait\u00e9).<br>5.&nbsp;&nbsp;&nbsp; Feuille de tournoi ou match r\u00e9alis\u00e9e par Feuille De Match Electronique (FDME)<br>6.&nbsp;&nbsp;&nbsp; Les horaires des matchs (une fois rentr\u00e9 dans Gest\u2019hand) devront \u00eatre respect\u00e9s afin de laisser un temps correct d\u2019\u00e9chauffement aux \u00e9quipes qui jouent en suivant.<br>7.&nbsp;&nbsp;&nbsp; Sur le banc de touche, \u00e0 la table, et sur l\u2019aire de jeux, ne devront \u00eatre pr\u00e9sents que les personnes inscrites sur la FDME.<br>8.&nbsp;&nbsp;&nbsp; Les arbitres devront contr\u00f4ler et faire respecter ces points de r\u00e8glement.<br>9.&nbsp;&nbsp;&nbsp; Pour les tournois, suivre la grille officielle (d\u00e9roulement et temps de jeux \u00e0 respecter).<br>10.&nbsp; Si les r\u00e8gles ne sont pas respect\u00e9es, le club se verra infliger une amende financi\u00e8re li\u00e9e aux faits.<br>11.&nbsp;&nbsp; Le secr\u00e9taire et le chronom\u00e9treur de table devront rester neutres, en ne portant aucun jugement sur l\u2019arbitrage et sur le management d\u2019\u00e9quipe avant, pendant et apr\u00e8s le match.<\/p>\n\n\n\n<p><strong>F) MONTEE ET DESCENTE<\/strong><\/p>\n\n\n\n<p>1. &nbsp;&nbsp;&nbsp; Championnat \u00e0 une phase&nbsp;: Mont\u00e9e et descente conform\u00e9ment \u00e0 la repr\u00e9sentation sch\u00e9matique plus loin.<\/p>\n\n\n\n<p>2. &nbsp;&nbsp; Championnat \u00e0 deux phases, conform\u00e9ment \u00e0 la repr\u00e9sentation sch\u00e9matique&nbsp;: Mont\u00e9e et descente \u00e0 la fin de la phase accession r\u00e9gionale : Seul le premier acc\u00e9dera directement en Championnat R\u00e9gional, \u00e0 condition qu\u2019il soit en r\u00e8gle avec les statuts. Pas de descente.<br>Mont\u00e9e, maintien et descente \u00e0 la fin de la phase accession 1<sup>re<\/sup> division : Le nombre d\u2019\u00e9quipes qui acc\u00e8de ou qui se maintient en 1<sup>re<\/sup> division, qui descend en 2<sup>me <\/sup>division est li\u00e9 au projet propos\u00e9 par la COC et au nombre de descentes des Championnats R\u00e9gionaux et nationaux.<\/p>\n\n\n\n<p>3. &nbsp;&nbsp; Modalit\u00e9s de classements : Voir annuaire f\u00e9d\u00e9ral : \u00ab Guide Sportif &#8211; R\u00e8glement g\u00e9n\u00e9ral des comp\u00e9titions nationales \u00bb<\/p>\n\n\n\n<hr class=\"wp-block-separator has-alpha-channel-opacity\"\/>\n\n\n\n<p><strong>PROCEDURE EN CAS D\u2019ARBITRE DEFAILLANT&nbsp;<\/strong><br><strong>(CHAMPIONNAT &amp; COUPES) :<\/strong><\/p>\n\n\n\n<p>Lors d\u2019un match officiel, 3 cas sont \u00e0 envisager successivement&nbsp;:<\/p>\n\n\n\n<p>1\/ Rechercher s\u2019il y a un <strong><u>arbitre<\/u><\/strong> neutre dans la salle et le solliciter. Si plusieurs sont pr\u00e9sents, c\u2019est l\u2019arbitre le plus grad\u00e9&nbsp;et s\u2019ils sont \u00e0 \u00e9galit\u00e9 d\u2019\u00e9chelon, un tirage au sort est effectu\u00e9.<\/p>\n\n\n\n<p>2\/ En cas d\u2019absence d\u2019un arbitre neutre, rechercher un <strong><u>arbitre officiel<\/u><\/strong> pr\u00e9sent. Si plusieurs sont pr\u00e9sents c\u2019est l\u2019arbitre le plus grad\u00e9 et s\u2019ils sont \u00e0 \u00e9galit\u00e9 d\u2019\u00e9chelon, un tirage au sort est effectu\u00e9.<\/p>\n\n\n\n<p>3\/ A d\u00e9faut d\u2019arbitre officiel, chaque \u00e9quipe d\u00e9signe un joueur inscrit sur la feuille de match en vue d\u2019arbitrer. Le tirage au sort d\u00e9cide de celui qui officiera et l\u2019autre joueur ne peut en aucun cas prendre part au jeu (chaque \u00e9quipe se trouve ainsi diminu\u00e9 d\u2019un joueur). Le remplacement de l\u2019arbitre d\u00e9faillant est \u00e0 effectuer \u00e0 l\u2019heure pr\u00e9cise \u00e0 laquelle doit commencer le match.<\/p>\n\n\n\n<p><strong>Sanction en cas de non-respect de la proc\u00e9dure&nbsp;:<\/strong><br><strong><u>Match perdu par p\u00e9nalit\u00e9 pour les 2 \u00e9quipes.<\/u><\/strong><\/p>\n\n\n\n<hr class=\"wp-block-separator has-alpha-channel-opacity\"\/>\n","protected":false},"excerpt":{"rendered":"<p>R\u00e8glements (Extrait du M\u00e9mento Annuel)R\u00e9f\u00e9rent : St\u00e9phane FAURE &#8211; 6016000.coc@ffhandball.net 06.25.54.17.95 (privil\u00e9gier messages, @, SMS ou whatsapp) Calendriers Tableauamplitudes d&rsquo;\u00e2ges M\u00e9mento Annuel M\u00e9mento Technique Ann\u00e9e d&rsquo;\u00e2ge : +16 ans ; 2007 et moins ; 2008 et 2009 voir tableau amplitudes d&rsquo;\u00e2ges. Rappel des r\u00e8gles de participation des joueurs applicables dans les comp\u00e9titions d\u00e9partementales pour les [&hellip;]<\/p>\n","protected":false},"author":1,"featured_media":0,"parent":0,"menu_order":0,"comment_status":"closed","ping_status":"closed","template":"","meta":{"footnotes":""},"class_list":["post-2655","page","type-page","status-publish","hentry"],"aioseo_notices":[],"_links":{"self":[{"href":"https:\/\/hand16.com\/WP\/wp-json\/wp\/v2\/pages\/2655","targetHints":{"allow":["GET"]}}],"collection":[{"href":"https:\/\/hand16.com\/WP\/wp-json\/wp\/v2\/pages"}],"about":[{"href":"https:\/\/hand16.com\/WP\/wp-json\/wp\/v2\/types\/page"}],"author":[{"embeddable":true,"href":"https:\/\/hand16.com\/WP\/wp-json\/wp\/v2\/users\/1"}],"replies":[{"embeddable":true,"href":"https:\/\/hand16.com\/WP\/wp-json\/wp\/v2\/comments?post=2655"}],"version-history":[{"count":6,"href":"https:\/\/hand16.com\/WP\/wp-json\/wp\/v2\/pages\/2655\/revisions"}],"predecessor-version":[{"id":3041,"href":"https:\/\/hand16.com\/WP\/wp-json\/wp\/v2\/pages\/2655\/revisions\/3041"}],"wp:attachment":[{"href":"https:\/\/hand16.com\/WP\/wp-json\/wp\/v2\/media?parent=2655"}],"curies":[{"name":"wp","href":"https:\/\/api.w.org\/{rel}","templated":true}]}}