{"id":2656,"date":"2024-06-27T16:02:41","date_gmt":"2024-06-27T14:02:41","guid":{"rendered":"https:\/\/hand16.com\/WP\/?page_id=2656"},"modified":"2024-10-04T09:17:20","modified_gmt":"2024-10-04T07:17:20","slug":"ccj","status":"publish","type":"page","link":"https:\/\/hand16.com\/WP\/ccj\/","title":{"rendered":"Coupes Charente &amp; Challenge Jeunes"},"content":{"rendered":"\n<p><strong>R\u00e8glements (<\/strong><em>Extrait du M\u00e9mento Annuel<\/em><strong>)<\/strong><br><strong>R\u00e9f\u00e9rent : <\/strong><\/p>\n\n\n\n<figure class=\"wp-block-table is-style-stripes has-small-font-size\"><table><tbody><tr><td class=\"has-text-align-center\" data-align=\"center\"><a href=\"https:\/\/hand16.com\/WP\/calendriers\/\" title=\"\">Calendriers<\/a><\/td><td class=\"has-text-align-center\" data-align=\"center\"><a href=\"https:\/\/ffhandball-my.sharepoint.com\/my?id=%2Fpersonal%2F6016000%5Fffhandball%5Fnet%2FDocuments%2FPDF%20SITE%2FCalendriers%2FAMPLITUDE%20AGE%2Epdf&amp;parent=%2Fpersonal%2F6016000%5Fffhandball%5Fnet%2FDocuments%2FPDF%20SITE%2FCalendriers&amp;ga=1\" target=\"_blank\" rel=\"noopener\" title=\"\">Tableau<br>amplitudes d&rsquo;\u00e2ges<\/a><\/td><td class=\"has-text-align-center\" data-align=\"center\"><a href=\"https:\/\/ffhandball-my.sharepoint.com\/:b:\/g\/personal\/6016000_ffhandball_net\/EbAjI7GAc5dHtjStI431h5YBfJE9s7U1nvrkybWK3d3_1w?e=9yzgvS\" target=\"_blank\" rel=\"noopener\" title=\"\">M\u00e9mento Annuel<\/a><\/td><td class=\"has-text-align-center\" data-align=\"center\">M\u00e9mento Technique<\/td><\/tr><\/tbody><\/table><\/figure>\n\n\n\n<hr class=\"wp-block-separator has-alpha-channel-opacity\"\/>\n\n\n\n<p>Une coupe \u00ab&nbsp;Challenge&nbsp;\u00bb sera organis\u00e9e s\u2019il y a au moins 7 \u00e9quipes inscrites.<\/p>\n\n\n\n<h5 class=\"wp-block-heading\">A)&nbsp;&nbsp; &nbsp;<\/h5>\n\n\n\n<ul class=\"wp-block-list\">\n<li>1\/ En cas de tournoi, suivre le r\u00e8glement g\u00e9n\u00e9ral avec les temps de jeux en fonction du nombre d\u2019\u00e9quipes. Les arbitrages seront r\u00e9alis\u00e9s par un JAJ de l\u2019\u00e9quipe qui ne joue pas. Il est souhaitable qu\u2019un tuteur accompagne ces JAJ.<\/li>\n<\/ul>\n\n\n\n<ul class=\"wp-block-list\">\n<li>2\/ En cas de match sec, le temps de jeux de la cat\u00e9gorie sera pris en compte. Les JAJ seront d\u00e9sign\u00e9s par le club recevant et accompagn\u00e9s d\u2019un tuteur (souhait\u00e9).<\/li>\n<\/ul>\n\n\n\n<ul class=\"wp-block-list\">\n<li>3\/ R\u00e8gles de jeu en cas de forfait sur un tournoi&nbsp;: le r\u00e8glement devient celui d\u2019un match sec.<\/li>\n<\/ul>\n\n\n\n<ul class=\"wp-block-list\">\n<li>4\/ Pour les tournois, le club organisateur proposera un secr\u00e9taire, un chronom\u00e9treur ainsi qu\u2019un responsable de la salle et du terrain.<\/li>\n<\/ul>\n\n\n\n<ul class=\"wp-block-list\">\n<li>5\/ Pour les matchs secs, le secr\u00e9taire sera du club visiteur, le chronom\u00e9treur ainsi que le responsable de salle seront du club recevant.<\/li>\n<\/ul>\n\n\n\n<ul class=\"wp-block-list\">\n<li>6\/ Les tuteurs de JAJ (la CDA se r\u00e9serve le droit de d\u00e9signer un tuteur) accompagneront les JA dans le contr\u00f4le de la FDME et les aideront \u00e0 appliquer les r\u00e8glements.<\/li>\n<\/ul>\n\n\n\n<ul class=\"wp-block-list\">\n<li>7\/ La FDME est obligatoire. Tout manquement sur FDME sera amendable.<\/li>\n<\/ul>\n\n\n\n<ul class=\"wp-block-list\">\n<li>8\/ Pour les demi-finales et finales, les JAJ seront d\u00e9sign\u00e9s par la C.D.A.<\/li>\n<\/ul>\n\n\n\n<ul class=\"wp-block-list\">\n<li>9\/ Pour les Coupes jeunes, il ne sera pas accept\u00e9 de demande de report de match pour raison de joueurs ou de Jeunes Arbitres s\u00e9lectionn\u00e9s. <em>Conform\u00e9ment \u00e0 l\u2019article 95.3 de l\u2019annuaire f\u00e9d\u00e9rale partie statuts et r\u00e8glements&nbsp;: \u00ab&nbsp;Tout joueur d\u00e9sign\u00e9 pour participer \u00e0 un match de s\u00e9lection (nationale, r\u00e9gionale, d\u00e9partementale ou de ville) ou \u00e0 un entrainement pr\u00e9paratoire \u00e0 une s\u00e9lection, qui d\u00e9clare \u00eatre indisponible, est tenu de justifier de son indisponibilit\u00e9 ou de son absence. Dans ce cas, il ne peut prendre part \u00e0 aucun match \u00e0 la date pour laquelle il \u00e9tait convoqu\u00e9. Sans justification\u2026&nbsp;\u00bb<\/em><\/li>\n<\/ul>\n\n\n\n<ul class=\"wp-block-list\">\n<li>10\/ Joueurs maximums sur match sec : 12&nbsp;; tournoi&nbsp;: 14 (mais seulement 12 sur FDME)<\/li>\n<\/ul>\n\n\n\n<ul class=\"wp-block-list\">\n<li>11\/ Au plus, 3 licences mutations sont autoris\u00e9es \u00e0 figurer sur la feuille de match en tant que joueurs, parmi lesquelles 1 seule licence C. Exemples&nbsp;: 3 licences B, ou 2 licences B + 1 licence C.<\/li>\n<\/ul>\n\n\n\n<ul class=\"wp-block-list\">\n<li>12\/&nbsp;Dans le but de respecter une certaine \u00e9quit\u00e9 sportive, r\u00e8gles de participation&nbsp;:&nbsp; un jeune joueur \u00ab&nbsp;br\u00fbl\u00e9&nbsp;\u00bb en championnat r\u00e9gional et \u00e0 plus forte raison en championnat national ne pourra pas participer \u00e0 la coupe avec l\u2019\u00e9quipe d\u00e9partementale s\u2019il s\u2019agit de la m\u00eame cat\u00e9gorie.\n<ul class=\"wp-block-list\">\n<li>Ce qui veut dire&nbsp;:\n<ul class=\"wp-block-list\">\n<li class=\"has-small-font-size\">une \u00e9quipe nationale ne peut pas s\u2019inscrire.<\/li>\n\n\n\n<li class=\"has-small-font-size\">une \u00e9quipe r\u00e9gionale peut s\u2019inscrire (avec handicaps par rapport \u00e0 une \u00e9quipe d\u00e9partementale).<\/li>\n\n\n\n<li class=\"has-small-font-size\">un jeune joueur -13, qui aurait jou\u00e9 toute l\u2019ann\u00e9e en \u00e9quipe -15 ID, r\u00e9gionale ou d\u00e9partementale, peut tout \u00e0 fait jouer la coupe avec son \u00e9quipe -13.<\/li>\n\n\n\n<li class=\"has-small-font-size\"><strong>un jeune joueur -15, qui aurait jou\u00e9 toute l\u2019ann\u00e9e en \u00e9quipe -18 nationale, r\u00e9gionale ou d\u00e9partementale, peut tout \u00e0 fait jouer la coupe avec son \u00e9quipe -15 r\u00e9gionale ou d\u00e9partementale.<\/strong><\/li>\n\n\n\n<li class=\"has-small-font-size\"><strong>un jeune joueur -18, qui aurait jou\u00e9 toute l\u2019ann\u00e9e en \u00e9quipe s\u00e9nior nationale, r\u00e9gionale ou d\u00e9partementale, peut tout \u00e0 fait jouer la coupe avec son \u00e9quipe -18 r\u00e9gionale ou d\u00e9partementale.<\/strong><\/li>\n<\/ul>\n<\/li>\n<\/ul>\n<\/li>\n<\/ul>\n\n\n\n<ul class=\"wp-block-list\">\n<li>13\/ Le br\u00fblage s\u2019applique entre interd\u00e9p. et d\u00e9partement.<\/li>\n<\/ul>\n\n\n\n<p>14. Dur\u00e9e des matchs&nbsp;:<br>&nbsp;&nbsp;&nbsp;&nbsp;&nbsp;&nbsp;&nbsp;&nbsp;&nbsp;&nbsp;&nbsp; a) -13:&nbsp; &#8211; match sec: 2 x 20 mn.<br>&nbsp;&nbsp;&nbsp;&nbsp;&nbsp;&nbsp;&nbsp;&nbsp;&nbsp;&nbsp;&nbsp;&nbsp;&nbsp;&nbsp;&nbsp;&nbsp;&nbsp;&nbsp;&nbsp;&nbsp;&nbsp;&nbsp;&nbsp;&nbsp;&nbsp;&nbsp;&nbsp;&nbsp;&nbsp;&nbsp;&nbsp;&nbsp;&nbsp;&nbsp;&nbsp; &#8211; tournoi \u00e0 3&nbsp;: 2 x 15 mn.<br>&nbsp;&nbsp;&nbsp;&nbsp;&nbsp;&nbsp;&nbsp;&nbsp;&nbsp;&nbsp;&nbsp; b) -15: &#8211; match sec&nbsp;: 2 x 25 mn.<br>&nbsp;&nbsp;&nbsp;&nbsp;&nbsp;&nbsp;&nbsp;&nbsp;&nbsp;&nbsp;&nbsp;&nbsp;&nbsp;&nbsp;&nbsp;&nbsp;&nbsp;&nbsp;&nbsp;&nbsp;&nbsp;&nbsp;&nbsp;&nbsp;&nbsp;&nbsp;&nbsp;&nbsp;&nbsp;&nbsp;&nbsp;&nbsp;&nbsp;&nbsp;&nbsp; &#8211; tournoi \u00e0 3&nbsp;: 2 x 18 mn.<br>&nbsp;&nbsp;&nbsp;&nbsp;&nbsp;&nbsp;&nbsp;&nbsp;&nbsp;&nbsp;&nbsp; c) -18: &#8211; match sec: 2 x 30 mn.<br>&nbsp;&nbsp;&nbsp;&nbsp;&nbsp;&nbsp;&nbsp;&nbsp;&nbsp;&nbsp;&nbsp;&nbsp;&nbsp;&nbsp;&nbsp;&nbsp;&nbsp;&nbsp;&nbsp;&nbsp;&nbsp;&nbsp;&nbsp;&nbsp;&nbsp;&nbsp;&nbsp;&nbsp;&nbsp;&nbsp;&nbsp;&nbsp;&nbsp;&nbsp;&nbsp; &#8211; tournoi \u00e0 3&nbsp;: 2 x 20 mn.<br>&nbsp;&nbsp;&nbsp;&nbsp;&nbsp;&nbsp;&nbsp;&nbsp;&nbsp;&nbsp;&nbsp; d) dans tous les cas un seul TTO (Temps Mort) par mi-temps.<br>&nbsp;&nbsp;&nbsp;&nbsp;&nbsp;&nbsp;&nbsp;&nbsp;&nbsp;&nbsp;&nbsp; e) si \u00e9galit\u00e9 \u00e0 la fin du match, pas de prolongation mais&nbsp;:<br>&nbsp;&nbsp;&nbsp;&nbsp;&nbsp;&nbsp;&nbsp;&nbsp;&nbsp;&nbsp;&nbsp; &nbsp;&nbsp;&nbsp;&nbsp;&nbsp;&nbsp;&nbsp;&nbsp;&nbsp;&nbsp;&nbsp; -15 et -18&nbsp;: s\u00e9rie de jets de 5 m\u00e8tres. Puis match perdu au premier tir manqu\u00e9.<br>&nbsp;&nbsp;&nbsp;&nbsp;&nbsp;&nbsp;&nbsp;&nbsp;&nbsp;&nbsp;&nbsp; &nbsp;&nbsp;&nbsp;&nbsp;&nbsp;&nbsp;&nbsp;&nbsp;&nbsp;&nbsp;&nbsp; -13&nbsp;: but en or avec tirage au sort pour l\u2019engagement.<br>&nbsp;&nbsp;&nbsp;&nbsp;&nbsp;&nbsp;&nbsp;&nbsp;&nbsp;&nbsp;&nbsp; f) r\u00e8glement pour les tournois, en cas d\u2019\u00e9galit\u00e9 se reporter au r\u00e8glement f\u00e9d\u00e9ral (art.3.3.3 et 3.3.4)&nbsp;:<br>&nbsp;&nbsp;&nbsp;&nbsp;&nbsp;&nbsp;&nbsp;&nbsp;&nbsp;&nbsp;&nbsp; &nbsp;&nbsp;&nbsp;&nbsp;&nbsp;&nbsp;&nbsp;&nbsp;&nbsp;&nbsp;&nbsp; &#8211; prendre la diff\u00e9rence des buts marqu\u00e9s des 3 \u00e9quipes.<br>&nbsp;&nbsp;&nbsp;&nbsp;&nbsp;&nbsp;&nbsp;&nbsp;&nbsp;&nbsp;&nbsp; Si toujours \u00e9galit\u00e9\u2026<br>&nbsp;&nbsp;&nbsp;&nbsp;&nbsp;&nbsp;&nbsp;&nbsp;&nbsp;&nbsp;&nbsp; &nbsp;&nbsp;&nbsp;&nbsp;&nbsp;&nbsp;&nbsp;&nbsp;&nbsp;&nbsp;&nbsp; &#8211; prendre le plus grand nombre de buts marqu\u00e9s sur la comp\u00e9tition.<br>&nbsp;&nbsp;&nbsp;&nbsp;&nbsp;&nbsp;&nbsp;&nbsp;&nbsp;&nbsp;&nbsp; Si toujours \u00e9galit\u00e9\u2026<br>&nbsp;&nbsp;&nbsp;&nbsp;&nbsp;&nbsp;&nbsp;&nbsp;&nbsp;&nbsp;&nbsp; &nbsp;&nbsp;&nbsp;&nbsp;&nbsp;&nbsp;&nbsp;&nbsp;&nbsp;&nbsp;&nbsp; &#8211; prendre le plus grand nombre de licenci\u00e9s comp\u00e9titifs dans la cat\u00e9gorie d\u2019\u00e2ge concern\u00e9e.<br>&nbsp;&nbsp;&nbsp;&nbsp;&nbsp;&nbsp;&nbsp;&nbsp;&nbsp;&nbsp;&nbsp; Si toujours \u00e9galit\u00e9\u2026<br>&nbsp;&nbsp;&nbsp;&nbsp;&nbsp;&nbsp;&nbsp;&nbsp;&nbsp;&nbsp;&nbsp; &nbsp;&nbsp;&nbsp;&nbsp;&nbsp;&nbsp;&nbsp;&nbsp;&nbsp;&nbsp;&nbsp; &#8211; prendre le club qui poss\u00e8de l\u2019affiliation la plus ancienne.<\/p>\n\n\n\n<ul class=\"wp-block-list\">\n<li>15. Cas particulier des matchs de coupes en aller\/retour&nbsp;:\n<ul class=\"wp-block-list\">\n<li>si \u00e9galit\u00e9 sur l\u2019ensemble des 2 matchs, le vainqueur est celui qui a marqu\u00e9 le plus de buts \u00e0 l\u2019ext\u00e9rieur.<\/li>\n\n\n\n<li>Si \u00e9galit\u00e9 parfaite sur l\u2019ensemble des 2 matchs, tirs au but conform\u00e9ment \u00e0 l\u2019article 11e du m\u00e9mento.<\/li>\n<\/ul>\n<\/li>\n<\/ul>\n\n\n\n<ul class=\"wp-block-list\">\n<li>16. Handicap&nbsp;:<\/li>\n<\/ul>\n\n\n\n<p>&nbsp;&nbsp;&nbsp;&nbsp;&nbsp;&nbsp;&nbsp;&nbsp;&nbsp;&nbsp;&nbsp; a) -13&nbsp;: pas de niveau r\u00e9gional en -13.<br>&nbsp;&nbsp;&nbsp;&nbsp;&nbsp;&nbsp;&nbsp;&nbsp;&nbsp;&nbsp;&nbsp; b) -15&nbsp;: Un handicap est ajout\u00e9 pour les \u00e9quipes qui participe au championnat&nbsp; interd\u00e9partemental.<br>&nbsp;&nbsp;&nbsp;&nbsp;&nbsp;&nbsp;&nbsp;&nbsp;&nbsp;&nbsp;&nbsp; &nbsp;&nbsp;&nbsp;&nbsp;&nbsp;&nbsp;&nbsp;&nbsp;&nbsp;&nbsp;&nbsp; &#8211; match sec&nbsp;: filles +5, gar\u00e7ons +4.<br>&nbsp;&nbsp;&nbsp;&nbsp;&nbsp;&nbsp;&nbsp;&nbsp;&nbsp;&nbsp;&nbsp; &nbsp;&nbsp;&nbsp;&nbsp;&nbsp;&nbsp;&nbsp;&nbsp;&nbsp;&nbsp;&nbsp; &#8211; tournoi \u00e0 3&nbsp;: filles +4, gar\u00e7ons +3.<br>&nbsp;&nbsp;&nbsp;&nbsp;&nbsp;&nbsp;&nbsp;&nbsp;&nbsp;&nbsp;&nbsp; c) -18&nbsp;: match sec&nbsp;: filles +6\/-18 r\u00e9gions bassin et +10\/-18 r\u00e9gion \u00e9lite,<br>&nbsp;&nbsp;&nbsp;&nbsp;&nbsp;&nbsp;&nbsp;&nbsp;&nbsp;&nbsp;&nbsp; &nbsp;&nbsp;&nbsp;&nbsp;&nbsp;&nbsp;&nbsp;&nbsp;&nbsp;&nbsp;&nbsp; &#8211; match sec&nbsp;: gar\u00e7ons +5\/-17 r\u00e9gion bassin et +10\/-17 r\u00e9gion \u00e9lite.<br>&nbsp;&nbsp;&nbsp;&nbsp;&nbsp;&nbsp;&nbsp;&nbsp;&nbsp;&nbsp;&nbsp;&nbsp;&nbsp;&nbsp;&nbsp;&nbsp;&nbsp;&nbsp;&nbsp;&nbsp;&nbsp;&nbsp; &#8211; tournoi \u00e0 3&nbsp;: filles +5\/-18 r\u00e9gions bassin et +8\/-18 r\u00e9gion \u00e9lite.<br>&nbsp;&nbsp;&nbsp;&nbsp;&nbsp;&nbsp;&nbsp;&nbsp;&nbsp;&nbsp;&nbsp; &nbsp;&nbsp;&nbsp;&nbsp;&nbsp;&nbsp;&nbsp;&nbsp;&nbsp;&nbsp;&nbsp;&#8211; tournoi \u00e0 3&nbsp;: gar\u00e7ons +4\/-17 r\u00e9gion bassin et +8\/-17 r\u00e9gion \u00e9lite<\/p>\n\n\n\n<ul class=\"wp-block-list\">\n<li>17. Pour les finales, la colle et l\u2019eau seront fournies par le club organisateur.<\/li>\n<\/ul>\n\n\n\n<ul class=\"wp-block-list\">\n<li><strong>18. Toute \u00e9quipe R\u00e9gionale engag\u00e9e en Coupe Charente devra accepter et respecter les dates de chaque tour. En cas de doublon avec une journ\u00e9e de Championnat le samedi, le club devra jouer le match de Coupe le dimanche, ou se retirer de la comp\u00e9tition.<\/strong><\/li>\n<\/ul>\n\n\n\n<ul class=\"wp-block-list\">\n<li>19. Forfait =&gt; Tout forfait en match simple ou tournoi aller\/retour est \u00e9liminatoire.<\/li>\n<\/ul>\n\n\n\n<hr class=\"wp-block-separator has-alpha-channel-opacity\"\/>\n\n\n\n<p><br><br><\/p>\n","protected":false},"excerpt":{"rendered":"<p>R\u00e8glements (Extrait du M\u00e9mento Annuel)R\u00e9f\u00e9rent : Calendriers Tableauamplitudes d&rsquo;\u00e2ges M\u00e9mento Annuel M\u00e9mento Technique Une coupe \u00ab&nbsp;Challenge&nbsp;\u00bb sera organis\u00e9e s\u2019il y a au moins 7 \u00e9quipes inscrites. A)&nbsp;&nbsp; &nbsp; 14. Dur\u00e9e des matchs&nbsp;:&nbsp;&nbsp;&nbsp;&nbsp;&nbsp;&nbsp;&nbsp;&nbsp;&nbsp;&nbsp;&nbsp; a) -13:&nbsp; &#8211; match sec: 2 x 20 mn.&nbsp;&nbsp;&nbsp;&nbsp;&nbsp;&nbsp;&nbsp;&nbsp;&nbsp;&nbsp;&nbsp;&nbsp;&nbsp;&nbsp;&nbsp;&nbsp;&nbsp;&nbsp;&nbsp;&nbsp;&nbsp;&nbsp;&nbsp;&nbsp;&nbsp;&nbsp;&nbsp;&nbsp;&nbsp;&nbsp;&nbsp;&nbsp;&nbsp;&nbsp;&nbsp; &#8211; tournoi \u00e0 3&nbsp;: 2 x 15 mn.&nbsp;&nbsp;&nbsp;&nbsp;&nbsp;&nbsp;&nbsp;&nbsp;&nbsp;&nbsp;&nbsp; b) -15: &#8211; match sec&nbsp;: 2 [&hellip;]<\/p>\n","protected":false},"author":1,"featured_media":0,"parent":0,"menu_order":0,"comment_status":"closed","ping_status":"closed","template":"","meta":{"footnotes":""},"class_list":["post-2656","page","type-page","status-publish","hentry"],"aioseo_notices":[],"_links":{"self":[{"href":"https:\/\/hand16.com\/WP\/wp-json\/wp\/v2\/pages\/2656","targetHints":{"allow":["GET"]}}],"collection":[{"href":"https:\/\/hand16.com\/WP\/wp-json\/wp\/v2\/pages"}],"about":[{"href":"https:\/\/hand16.com\/WP\/wp-json\/wp\/v2\/types\/page"}],"author":[{"embeddable":true,"href":"https:\/\/hand16.com\/WP\/wp-json\/wp\/v2\/users\/1"}],"replies":[{"embeddable":true,"href":"https:\/\/hand16.com\/WP\/wp-json\/wp\/v2\/comments?post=2656"}],"version-history":[{"count":5,"href":"https:\/\/hand16.com\/WP\/wp-json\/wp\/v2\/pages\/2656\/revisions"}],"predecessor-version":[{"id":3042,"href":"https:\/\/hand16.com\/WP\/wp-json\/wp\/v2\/pages\/2656\/revisions\/3042"}],"wp:attachment":[{"href":"https:\/\/hand16.com\/WP\/wp-json\/wp\/v2\/media?parent=2656"}],"curies":[{"name":"wp","href":"https:\/\/api.w.org\/{rel}","templated":true}]}}