{"id":2657,"date":"2024-06-27T16:04:37","date_gmt":"2024-06-27T14:04:37","guid":{"rendered":"https:\/\/hand16.com\/WP\/?page_id=2657"},"modified":"2024-10-04T09:17:25","modified_gmt":"2024-10-04T07:17:25","slug":"ccs","status":"publish","type":"page","link":"https:\/\/hand16.com\/WP\/ccs\/","title":{"rendered":"Coupes Charente &amp; Challenge Seniors"},"content":{"rendered":"\n<p><strong>R\u00e8glements <\/strong><em>(Extrait du M\u00e9mento Annuel)<\/em><br><strong>R\u00e9f\u00e9rent : <\/strong><\/p>\n\n\n\n<figure class=\"wp-block-table is-style-stripes has-small-font-size\"><table class=\"has-fixed-layout\"><tbody><tr><td class=\"has-text-align-center\" data-align=\"center\"><a href=\"https:\/\/hand16.com\/WP\/calendriers\/\">Calendriers<\/a><\/td><td class=\"has-text-align-center\" data-align=\"center\"><a href=\"https:\/\/ffhandball-my.sharepoint.com\/my?id=%2Fpersonal%2F6016000%5Fffhandball%5Fnet%2FDocuments%2FPDF%20SITE%2FCalendriers%2FAMPLITUDE%20AGE%2Epdf&amp;parent=%2Fpersonal%2F6016000%5Fffhandball%5Fnet%2FDocuments%2FPDF%20SITE%2FCalendriers&amp;ga=1\" target=\"_blank\" rel=\"noreferrer noopener\">Tableau<br>amplitudes d&rsquo;\u00e2ges<\/a><\/td><td class=\"has-text-align-center\" data-align=\"center\"><a href=\"https:\/\/ffhandball-my.sharepoint.com\/:b:\/g\/personal\/6016000_ffhandball_net\/EbAjI7GAc5dHtjStI431h5YBfJE9s7U1nvrkybWK3d3_1w?e=9yzgvS\" target=\"_blank\" rel=\"noopener\" title=\"\">M\u00e9mento Annuel<\/a><\/td><td class=\"has-text-align-center\" data-align=\"center\">M\u00e9mento Technique<\/td><\/tr><\/tbody><\/table><\/figure>\n\n\n\n<p><strong>Ann\u00e9e d\u2019\u00e2ge :&nbsp;<\/strong>+16 ans ; 2007 et moins ;<br>(2008 et 2009 voir tableau amplitudes d\u2019\u00e2ges.)<\/p>\n\n\n\n<hr class=\"wp-block-separator has-alpha-channel-opacity\"\/>\n\n\n\n<p><strong>B)&nbsp;&nbsp;<\/strong> &nbsp;<\/p>\n\n\n\n<ul class=\"wp-block-list\">\n<li>1\/ Conform\u00e9ment aux souhaits des clubs (AG 2016), les \u00e9quipes de niveaux pr\u00e9-nationales (a fortiori nationales) ne sont pas admises en coupes Charente.<\/li>\n<\/ul>\n\n\n\n<ul class=\"wp-block-list\">\n<li>2\/ En cas de tournoi, suivre le r\u00e8glement g\u00e9n\u00e9ral avec les temps de jeux en fonction du nombre d\u2019\u00e9quipes. Les arbitrages seront r\u00e9alis\u00e9s par un arbitre de l\u2019\u00e9quipe qui ne joue pas, sauf d\u00e9signation d\u2019arbitre par la CDA. (Dans ce dernier cas, les indemnit\u00e9s d\u2019arbitrage sont \u00e0 r\u00e9partir entre les clubs. Ex.&nbsp;: Rencontre <strong>A<\/strong>\/B \u2013<strong> B<\/strong>\/C \u2013 <strong>C<\/strong>\/A =&gt; Le 1<sup>er<\/sup> club paye les frais).<\/li>\n<\/ul>\n\n\n\n<ul class=\"wp-block-list\">\n<li>3\/ En cas de match sec, le temps de jeux de la cat\u00e9gorie sera pris en compte. Les arbitres seront d\u00e9sign\u00e9s par le Comit\u00e9 D\u00e9partemental.<\/li>\n<\/ul>\n\n\n\n<ul class=\"wp-block-list\">\n<li>4\/ R\u00e8gles de jeu en cas de forfait sur un tournoi&nbsp;: le r\u00e8glement devient celui d\u2019un match sec.<\/li>\n<\/ul>\n\n\n\n<ul class=\"wp-block-list\">\n<li>5\/ Pour les tournois, le club organisateur proposera un secr\u00e9taire, un chronom\u00e9treur ainsi qu\u2019un responsable de la salle et du terrain.<\/li>\n<\/ul>\n\n\n\n<ul class=\"wp-block-list\">\n<li>6\/ La FDME est obligatoire. Tout manquement sur FDME sera amendable.<\/li>\n<\/ul>\n\n\n\n<ul class=\"wp-block-list\">\n<li>7\/ Joueurs maximums sur match sec : 12&nbsp;; tournoi&nbsp;: 14 (mais seulement 12 sur FDME)<\/li>\n<\/ul>\n\n\n\n<ul class=\"wp-block-list\">\n<li>8\/ Un joueur br\u00fbl\u00e9 en championnat ne pourra pas jouer dans une \u00e9quipe de division inf\u00e9rieure en coupe.<\/li>\n<\/ul>\n\n\n\n<ul class=\"wp-block-list\">\n<li>9\/ Pour les finales, le r\u00e8glement des indemnit\u00e9s sera pris en charge par le CD16.<\/li>\n<\/ul>\n\n\n\n<ul class=\"wp-block-list\">\n<li>10\/ Le premier tour doit permettre de conserver 16 ou 8 \u00e9quipes.<\/li>\n<\/ul>\n\n\n\n<ul class=\"wp-block-list\">\n<li>11\/ En fonction du nombre de clubs engag\u00e9s, il pourrait y avoir des tournois triangulaires lors du premier tour. Toutes les rencontres se feront en matchs simples.<\/li>\n<\/ul>\n\n\n\n<ul class=\"wp-block-list\">\n<li>12\/ Apr\u00e8s le premier tour et jusqu\u2019en \u00bc de finale les clubs vaincus int\u00e8grent le challenge. Les clubs qui auront fait un forfait seront \u00e9limin\u00e9s.<\/li>\n<\/ul>\n\n\n\n<ul class=\"wp-block-list\">\n<li>13\/ Cas particulier o\u00f9 le premier tour est un 1\/8me de finale&nbsp;: Si une \u00e9quipe exempte en 1\/8 de finale perd en 1\/4, elle acc\u00e8de n\u00e9anmoins au challenge.<\/li>\n<\/ul>\n\n\n\n<ul class=\"wp-block-list\">\n<li>14\/ Le plus petit club recevra syst\u00e9matiquement, mais \u00e0 partir des \u00bd finales un tirage au sort d\u00e9signera le club recevant.<\/li>\n<\/ul>\n\n\n\n<ul class=\"wp-block-list\">\n<li>15\/ Les handicaps seront les suivants :<\/li>\n<\/ul>\n\n\n\n<figure class=\"wp-block-table is-style-stripes\"><table class=\"has-fixed-layout\"><tbody><tr><td><strong>Plus de 16 ans Masculins (seniors) :<\/strong> <br>6 buts pour une division et 4 buts suppl\u00e9mentaires par division.<br>En tournoi on appliquera 4 + 2<\/td><td><strong>Plus de 16 ans F\u00e9minines (seniors) :<\/strong> <br>5 buts pour une division et 3 buts suppl\u00e9mentaires par division. <br>En tournoi on appliquera 3 + 2<\/td><\/tr><\/tbody><\/table><\/figure>\n\n\n\n<ul class=\"wp-block-list\">\n<li>16\/ Un match de Coupe ne comptera pas dans le d\u00e9compte des br\u00fblages des joueurs.<br><\/li>\n\n\n\n<li>17 \/ Un joueur br\u00fbl\u00e9 en 1<sup>RE<\/sup> division ne pourra pas redescendre dans l\u2019\u00e9quipe 2<sup>me<\/sup> division.<\/li>\n<\/ul>\n\n\n\n<ul class=\"wp-block-list\">\n<li>18\/ Toute \u00e9quipe R\u00e9gionale engag\u00e9e en Coupe Charente devra accepter et respecter les dates de chaque tour. En cas de doublon avec une journ\u00e9e de Championnat le samedi, le club devra jouer le match de Coupe le dimanche, ou se retirer de la comp\u00e9tition.<\/li>\n<\/ul>\n\n\n\n<ul class=\"wp-block-list\">\n<li>19\/ Lorsqu\u2019un club recevant n\u2019aura pas de gymnase libre \u00e0 la date initiale, les rencontres seront invers\u00e9es et il devra alors se d\u00e9placer.<\/li>\n<\/ul>\n\n\n\n<ul class=\"wp-block-list\">\n<li>20\/&nbsp;Lorsqu\u2019un club aura deux \u00e9quipes qualifi\u00e9es en \u00bd finale, celles-ci se rencontreront obligatoirement \u00e0 ce stade de la comp\u00e9tition.<\/li>\n<\/ul>\n\n\n\n<ul class=\"wp-block-list\">\n<li>21\/ Une coupe sera d\u00e9finitivement attribu\u00e9e au club victorieux. Les troph\u00e9es (Masculins et F\u00e9minins) seront remis temporairement aux clubs vainqueurs. Ils en seront d\u00e9tenteurs et responsables pour la saison. Les troph\u00e9es seront acquis d\u00e9finitivement par les clubs qui l\u2019auront gagn\u00e9 3 fois. Dans ce cas, un nouveau troph\u00e9e sera remis en jeu par le Comit\u00e9.<\/li>\n<\/ul>\n\n\n\n<ul class=\"wp-block-list\">\n<li>22\/ Qualifications &#8211; Dur\u00e9e des matchs<\/li>\n<\/ul>\n\n\n\n<ol style=\"list-style-type:lower-alpha\" class=\"wp-block-list\">\n<li>Si \u00e9galit\u00e9 \u00e0 la fin du match, pas de prolongation mais une s\u00e9rie de 5 jets de 7 m\u00e8tres. Puis match perdu au premier tir manqu\u00e9.<\/li>\n\n\n\n<li>R\u00e8glement pour les tournois, en cas d\u2019\u00e9galit\u00e9 se reporter au r\u00e8glement f\u00e9d\u00e9ral&nbsp;(art.3.3.3 et 3.3.4)<\/li>\n<\/ol>\n\n\n\n<ul class=\"wp-block-list\">\n<li>Prendre la diff\u00e9rence des buts marqu\u00e9s des 3 \u00e9quipes. Si toujours \u00e9galit\u00e9\u2026<\/li>\n\n\n\n<li>Prendre le plus grand nombre de buts marqu\u00e9s sur la comp\u00e9tition. Si toujours \u00e9galit\u00e9\u2026<\/li>\n\n\n\n<li>Prendre le plus grand nombre de licenci\u00e9s comp\u00e9titifs dans la cat\u00e9gorie d\u2019\u00e2ge concern\u00e9e. Si toujours \u00e9galit\u00e9\u2026<\/li>\n\n\n\n<li>Prendre le club qui \u00e0 l\u2019affiliation la plus ancienne.<\/li>\n<\/ul>\n\n\n\n<p>  c. Ce r\u00e8glement vaut \u00e9galement pour la Coupe Charente jeunes.<\/p>\n\n\n\n<ul class=\"wp-block-list\">\n<li>23\/ Les dates des finales sont imp\u00e9ratives et si l\u2019un des finalistes est d\u00e9faillant, il sera fait appel au demi-finaliste vaincu.<\/li>\n<\/ul>\n\n\n\n<ul class=\"wp-block-list\">\n<li>24\/ Forfait \u00e0 Si un Club a plusieurs \u00e9quipes engag\u00e9es, il ne peut faire forfait que sur l\u2019\u00e9quipe de rang le plus bas.&nbsp;<\/li>\n<\/ul>\n\n\n\n<p><strong>Rappel<\/strong><strong>&nbsp;<\/strong><strong>: <\/strong>Sur proposition de la Commission d\u2019Organisation des Comp\u00e9titions, le Bureau Directeur du Comit\u00e9 se r\u00e9serve le droit d\u2019annuler ou de modifier une comp\u00e9tition (dates\u2026) avant ou pendant son d\u00e9roulement, suivant le nombre de club engag\u00e9s.<\/p>\n\n\n\n<p>Pour tout point non pr\u00e9cis\u00e9, les R\u00e8glements F\u00e9d\u00e9raux seront appliqu\u00e9s.<\/p>\n\n\n\n<hr class=\"wp-block-separator has-alpha-channel-opacity\"\/>\n\n\n\n<p><strong>PROCEDURE EN CAS D\u2019ARBITRE DEFAILLANT&nbsp;<\/strong><br><strong>(CHAMPIONNAT &amp; COUPES) :<\/strong><\/p>\n\n\n\n<p>Lors d\u2019un match officiel, 3 cas sont \u00e0 envisager successivement&nbsp;:<\/p>\n\n\n\n<p>1\/ Rechercher s\u2019il y a un <strong><u>arbitre<\/u><\/strong> neutre dans la salle et le solliciter. Si plusieurs sont pr\u00e9sents, c\u2019est l\u2019arbitre le plus grad\u00e9&nbsp;et s\u2019ils sont \u00e0 \u00e9galit\u00e9 d\u2019\u00e9chelon, un tirage au sort est effectu\u00e9.<\/p>\n\n\n\n<p>2\/ En cas d\u2019absence d\u2019un arbitre neutre, rechercher un <strong><u>arbitre officiel<\/u><\/strong> pr\u00e9sent. Si plusieurs sont pr\u00e9sents c\u2019est l\u2019arbitre le plus grad\u00e9 et s\u2019ils sont \u00e0 \u00e9galit\u00e9 d\u2019\u00e9chelon, un tirage au sort est effectu\u00e9.<\/p>\n\n\n\n<p>3\/ A d\u00e9faut d\u2019arbitre officiel, chaque \u00e9quipe d\u00e9signe un joueur inscrit sur la feuille de match en vue d\u2019arbitrer. Le tirage au sort d\u00e9cide de celui qui officiera et l\u2019autre joueur ne peut en aucun cas prendre part au jeu (chaque \u00e9quipe se trouve ainsi diminu\u00e9 d\u2019un joueur). Le remplacement de l\u2019arbitre d\u00e9faillant est \u00e0 effectuer \u00e0 l\u2019heure pr\u00e9cise \u00e0 laquelle doit commencer le match.<\/p>\n\n\n\n<p><strong>Sanction en cas de non-respect de la proc\u00e9dure&nbsp;:<\/strong><br><strong><u>Match perdu par p\u00e9nalit\u00e9 pour les 2 \u00e9quipes.<\/u><\/strong><\/p>\n\n\n\n<hr class=\"wp-block-separator has-alpha-channel-opacity\"\/>\n\n\n\n<p><br><br><\/p>\n","protected":false},"excerpt":{"rendered":"<p>R\u00e8glements (Extrait du M\u00e9mento Annuel)R\u00e9f\u00e9rent : Calendriers Tableauamplitudes d&rsquo;\u00e2ges M\u00e9mento Annuel M\u00e9mento Technique Ann\u00e9e d\u2019\u00e2ge :&nbsp;+16 ans ; 2007 et moins ;(2008 et 2009 voir tableau amplitudes d\u2019\u00e2ges.) B)&nbsp;&nbsp; &nbsp; Plus de 16 ans Masculins (seniors) : 6 buts pour une division et 4 buts suppl\u00e9mentaires par division.En tournoi on appliquera 4 + 2 Plus [&hellip;]<\/p>\n","protected":false},"author":1,"featured_media":0,"parent":0,"menu_order":0,"comment_status":"closed","ping_status":"closed","template":"","meta":{"footnotes":""},"class_list":["post-2657","page","type-page","status-publish","hentry"],"aioseo_notices":[],"_links":{"self":[{"href":"https:\/\/hand16.com\/WP\/wp-json\/wp\/v2\/pages\/2657","targetHints":{"allow":["GET"]}}],"collection":[{"href":"https:\/\/hand16.com\/WP\/wp-json\/wp\/v2\/pages"}],"about":[{"href":"https:\/\/hand16.com\/WP\/wp-json\/wp\/v2\/types\/page"}],"author":[{"embeddable":true,"href":"https:\/\/hand16.com\/WP\/wp-json\/wp\/v2\/users\/1"}],"replies":[{"embeddable":true,"href":"https:\/\/hand16.com\/WP\/wp-json\/wp\/v2\/comments?post=2657"}],"version-history":[{"count":6,"href":"https:\/\/hand16.com\/WP\/wp-json\/wp\/v2\/pages\/2657\/revisions"}],"predecessor-version":[{"id":3043,"href":"https:\/\/hand16.com\/WP\/wp-json\/wp\/v2\/pages\/2657\/revisions\/3043"}],"wp:attachment":[{"href":"https:\/\/hand16.com\/WP\/wp-json\/wp\/v2\/media?parent=2657"}],"curies":[{"name":"wp","href":"https:\/\/api.w.org\/{rel}","templated":true}]}}