{"id":47,"date":"2021-09-13T11:19:59","date_gmt":"2021-09-13T09:19:59","guid":{"rendered":"http:\/\/hand16.com\/WP\/?page_id=47"},"modified":"2023-11-14T13:39:14","modified_gmt":"2023-11-14T12:39:14","slug":"comite","status":"publish","type":"page","link":"https:\/\/hand16.com\/WP\/comite\/","title":{"rendered":"Comit\u00e9"},"content":{"rendered":"\n<h2 class=\"wp-block-heading\">Le Comit\u00e9 Charente Handball<\/h2>\n\n\n\n<p>Cr\u00e9\u00e9 en <strong>1966<\/strong>, deux ans apr\u00e8s la naissance de la Ligue, le Comit\u00e9 D\u00e9partemental de Handball de la Charente, va conna\u00eetre une expansion rapide, gr\u00e2ce notamment aux lyc\u00e9es d\u2019Angoul\u00eame, de Cognac, de Chasseneuil et de Confolens, puisqu\u2019\u00e0 cette \u00e9poque, le handball \u00e0 7 permettait de jouer dans les cours de r\u00e9cr\u00e9ation, sans installation particuli\u00e8re.<\/p>\n\n\n\n<p>En <strong>1964<\/strong>, le tournoi organis\u00e9 par l\u2019UFOLEP, gr\u00e2ce \u00e0 Jean RANSON, Secr\u00e9taire G\u00e9n\u00e9ral de la Ligue Poitou-Charentes, et des professeurs d\u2019EPS, permit l\u2019\u00e9mergence de dirigeants d\u00e9partementaux et donc la cr\u00e9ation des premiers clubs de la Charente. L\u2019UFOLEP a un r\u00f4le pionnier dans l\u2019implantation du Handball en Charente, puisqu\u2019il y eu un championnat UFOLEP avant le championnat f\u00e9d\u00e9ral.<\/p>\n\n\n\n<p><strong>1965\/1966<\/strong>&nbsp;: 1<sup>er<\/sup> saison officielle, avec la cr\u00e9ation des premiers clubs.<\/p>\n\n\n\n<p><strong>Le 29 septembre 1965<\/strong>, la presse parle du handball \u00ab&nbsp;Les journ\u00e9es charentaises du handball&nbsp;\u00bb&nbsp;: \u00ab&nbsp;<em>Apr\u00e8s un travail discret, sans propagande tapageuse, les responsables f\u00e9d\u00e9raux du handball fran\u00e7ais peuvent \u00eatre satisfaits de leurs journ\u00e9es charentaises. Le stage ouvert par M. BURELOUP, Directeur D\u00e9partemental de la Jeunesse et des Sports, se d\u00e9roula au Lyc\u00e9e de Sillac et \u00e0 l\u2019Ecole Normale d\u2019Instituteurs. Ces \u00e9tablissements ont \u00e9t\u00e9 mis \u00e0 la disposition de la cinquantaine de stagiaires (joueurs et enseignants) qui purent suivre avec profit les d\u00e9monstrations et les films pr\u00e9sent\u00e9s par M. JOURDIAN, Conseiller Technique R\u00e9gionale (CTR) d\u2019Aquitaine.<\/em><\/p>\n\n\n\n<p><em>La pr\u00e9sence de Nelson PAILLOU, dynamique Pr\u00e9sident de la FFHB, qui vint cl\u00f4turer le stage, montre tout l\u2019int\u00e9r\u00eat apport\u00e9 par la F\u00e9d\u00e9ration \u00e0 la naissance et au d\u00e9veloppement du handball dans notre d\u00e9partement.<\/em>&nbsp;\u00bb<\/p>\n\n\n\n<p><strong>13 mars 1966<\/strong>&nbsp;: Constitution du Comit\u00e9 D\u00e9partemental.<\/p>\n\n\n\n<p><strong>Le 15 avril 1966<\/strong>, nouvel article dans la <strong>Charente Libre<\/strong>&nbsp;: \u00ab&nbsp;<em>le handball part du bon pied \u00e0 Jarnac. Longtemps r\u00e9serv\u00e9 aux scolaires et aux militaires, le handball est en train de prendre vie dans notre r\u00e9gion. A Jarnac, une \u00e9quipe est mise en place et elle prend rang parmi les sections de Jarnac-Sports, en tant que \u00ab&nbsp;sous-section&nbsp;\u00bb de la section basket. Si les r\u00e9sultats de la 1<sup>re<\/sup> ann\u00e9e furent modestes, cette saison l\u2019\u00e9quipe a pu remporter quelques victoires contre Cognac, Ruelle et Montbron\u2026. Ceux qui seraient curieux de mieux conna\u00eetre ce sport, sont invit\u00e9s \u00e0 assister \u00e0 la rencontre qui opposera Jarnac \u00e0 Ruelle.&nbsp;<\/em>\u00bb<\/p>\n\n\n\n<p><strong>17 septembre 1966<\/strong>&nbsp;: Premi\u00e8re Assembl\u00e9e G\u00e9n\u00e9rale et validation du 1<sup>er<\/sup> Conseil d\u2019Administration, \u00e0 savoir&nbsp;:<\/p>\n\n\n\n<p>&nbsp; Pr\u00e9sident&nbsp;: Georges BOIS<br>&nbsp; Vice-Pr\u00e9sidents&nbsp;: L\u00e9on CHABERNAUD et Claude RODRIGUEZ<br>&nbsp; Secr\u00e9taire&nbsp;: Jean RANSON<br>&nbsp; Secr\u00e9taire adjoint&nbsp;: Michel BROTHIER<br>&nbsp; Tr\u00e9sorier&nbsp;: Jean-Guy RANSON<br>&nbsp; Tr\u00e9sorier adjoint&nbsp;: Jean BONNIN<\/p>\n\n\n\n<p><strong>Le 6 octobre 1966<\/strong>, le Comit\u00e9 D\u00e9partemental de Handball, devient une association officielle, suite \u00e0 la d\u00e9claration \u00e0 la Pr\u00e9fecture.<\/p>\n\n\n\n<p>Son but est \u00ab&nbsp;<em>d\u2019organiser, d\u00e9velopper et contr\u00f4ler, dans le cadre des statuts et des r\u00e8glements de la F\u00e9d\u00e9ration Fran\u00e7aise de Handball la pratique du Handball dans le d\u00e9partement de la Charente. Cr\u00e9er des liens entre les clubs affili\u00e9s \u00e0 la F.F.H.B. et servir d\u2019interm\u00e9diaire entre ces clubs et la F\u00e9d\u00e9ration Fran\u00e7aise. D\u2019entretenir toutes relations utiles avec la F.F.H.B. et avec les Pouvoirs Publics.&nbsp;<\/em>\u00bb<\/p>\n\n\n\n<hr class=\"wp-block-separator has-css-opacity\"\/>\n\n\n\n<h2 class=\"wp-block-heading\"><strong> Si\u00e8ge Social<\/strong><\/h2>\n\n\n\n<p><strong>De 1966 \u00e0 nos jours<\/strong><\/p>\n\n\n\n<p>1966&nbsp;: &nbsp;&nbsp;&nbsp;&nbsp;&nbsp;&nbsp;&nbsp;&nbsp;&nbsp;&nbsp;&nbsp;&nbsp;&nbsp;&nbsp;&nbsp;&nbsp;&nbsp;&nbsp;&nbsp;&nbsp;&nbsp; 524, rue Sadi-Carnot \u00e0 Barbezieux<br>1974&nbsp;:&nbsp;&nbsp;&nbsp;&nbsp;&nbsp;&nbsp;&nbsp;&nbsp;&nbsp;&nbsp;&nbsp;&nbsp;&nbsp;&nbsp;&nbsp;&nbsp;&nbsp;&nbsp;&nbsp;&nbsp;&nbsp;&nbsp; Le mas \u00e0 La Couronne<br>1976&nbsp;:&nbsp;&nbsp;&nbsp;&nbsp;&nbsp;&nbsp;&nbsp;&nbsp;&nbsp;&nbsp;&nbsp;&nbsp;&nbsp;&nbsp;&nbsp;&nbsp;&nbsp;&nbsp;&nbsp;&nbsp;&nbsp;&nbsp; 1, rue Vauban \u00e0 Angoul\u00eame&nbsp;<br>1979&nbsp;: &nbsp;&nbsp;&nbsp;&nbsp;&nbsp;&nbsp;&nbsp;&nbsp;&nbsp;&nbsp;&nbsp;&nbsp;&nbsp;&nbsp;&nbsp;&nbsp;&nbsp;&nbsp;&nbsp;&nbsp;&nbsp; 23, rue Fontaine du Lizier \u00e0 Angoul\u00eame (ancien CDDP)<br>1984&nbsp;: &nbsp;&nbsp;&nbsp;&nbsp;&nbsp;&nbsp;&nbsp;&nbsp;&nbsp;&nbsp;&nbsp;&nbsp;&nbsp;&nbsp;&nbsp;&nbsp;&nbsp;&nbsp;&nbsp;&nbsp;&nbsp; 330, route de Paris \u00e0 Gond-Pontouvre <br>1985&nbsp;: &nbsp;&nbsp;&nbsp;&nbsp;&nbsp;&nbsp;&nbsp;&nbsp;&nbsp;&nbsp;&nbsp;&nbsp;&nbsp;&nbsp;&nbsp;&nbsp;&nbsp;&nbsp;&nbsp;&nbsp;&nbsp; 34 bis, rue de Saintes \u00e0 Angoul\u00eame<br>2022 : &nbsp;&nbsp;&nbsp;&nbsp;&nbsp;&nbsp;&nbsp;&nbsp;&nbsp;&nbsp;&nbsp;&nbsp;&nbsp;&nbsp;&nbsp;&nbsp;&nbsp;&nbsp;&nbsp;&nbsp;&nbsp; 11, rue des Fours \u00e0 Chaux \u00e0 Gond-Pontouvre<\/p>\n\n\n\n<hr class=\"wp-block-separator has-css-opacity\"\/>\n\n\n\n<h2 class=\"wp-block-heading\">Ils ont marqu\u00e9s l&rsquo;histoire du Comit\u00e9<\/h2>\n\n\n\n<figure class=\"wp-block-table is-style-stripes\"><table><tbody><tr><td><strong>JEAN RANSON<\/strong><br>1916-1994<\/td><td>Secr\u00e9taire g\u00e9n\u00e9ral de La Ligue de 1964 \u00e0 1977<br>Secr\u00e9taire g\u00e9n\u00e9ral du Comit\u00e9 de 1966 \u00e0 1972<br>Pr\u00e9sident Ligue Poitou-Charentes de 1977 \u00e0 1984<br>1976&nbsp;: Membre du Conseil d\u2019Administration FFHB<br>1979&nbsp;: Vice-pr\u00e9sident FFHB<\/td><\/tr><tr><td><strong>JEAN-GUY RANSON<\/strong><br>1941-1971<\/td><td>Tr\u00e9sorier du Comit\u00e9 de 1966 \u00e0 1971<\/td><\/tr><\/tbody><\/table><\/figure>\n\n\n\n<hr class=\"wp-block-separator has-css-opacity\"\/>\n\n\n\n<h2 class=\"wp-block-heading\">Les Pr\u00e9sidents sucessifs du Comit\u00e9<\/h2>\n\n\n\n<figure class=\"wp-block-table is-style-stripes\"><table><tbody><tr><td>DR Georges BOIS<\/td><td>1966&nbsp;: Pr\u00e9sident du CD16<br>1968 &nbsp;\u00e0 1972&nbsp;: Pr\u00e9sident de la Ligue Poitou-Charentes Handball<\/td><\/tr><tr><td>Claude RODRIGUEZ<\/td><td>de 1967 \u00e0 1969<\/td><\/tr><tr><td>Jean MAZALEYRAT<\/td><td>de 1970 \u00e0 1975<\/td><\/tr><tr><td>Ren\u00e9 BONNET<\/td><td>de 1976 \u00e0 1982<\/td><\/tr><tr><td>Pierre NORMAND<\/td><td>de 1982 \u00e0 1992<\/td><\/tr><tr><td>Jean-Pierre LASSALLE<\/td><td>de 1992 \u00e0 2010<\/td><\/tr><tr><td>Michel BOUGOUIN<\/td><td>de 2010 \u00e0 2012<br>&amp; Tr\u00e9sorier du Comit\u00e9 de 1975 \u00e0 2009 et de 2012 \u00e0 2016<\/td><\/tr><tr><td>Alain GAUDARD<\/td><td>de 2012 \u00e0 2017<\/td><\/tr><tr><td>Ren\u00e9 BOTTELEAU<\/td><td>de 2017 \u00e0 (en cours)<\/td><\/tr><\/tbody><\/table><\/figure>\n\n\n\n<p><\/p>\n\n\n\n<figure class=\"wp-block-table aligncenter is-style-stripes\"><table><tbody><tr><td><a href=\"https:\/\/hand16.com\/WP\/livre-anniversaire\/\"><img loading=\"lazy\" decoding=\"async\" width=\"150\" height=\"102\" class=\"wp-image-154\" style=\"width: 150px;\" src=\"https:\/\/hand16.com\/WP\/wp-content\/uploads\/2021\/09\/logo-50-ans.png\" alt=\"\"><\/a>        <\/td><td class=\"has-text-align-center\" data-align=\"center\"><em>Le Comit\u00e9 Charente Handball a f\u00eat\u00e9 ses 50 ans en 2016.<\/em><br><em>A cette occasion, un livre a \u00e9t\u00e9 \u00e9dit\u00e9. <\/em><br><em>Il est disponible au prix unitaire de 16 \u20ac. <\/em><br><em>aupr\u00e8s du secr\u00e9tariat du Comit\u00e9.<\/em><\/td><\/tr><\/tbody><\/table><\/figure>\n\n\n\n<p><\/p>\n","protected":false},"excerpt":{"rendered":"<p>Le Comit\u00e9 Charente Handball Cr\u00e9\u00e9 en 1966, deux ans apr\u00e8s la naissance de la Ligue, le Comit\u00e9 D\u00e9partemental de Handball de la Charente, va conna\u00eetre une expansion rapide, gr\u00e2ce notamment aux lyc\u00e9es d\u2019Angoul\u00eame, de Cognac, de Chasseneuil et de Confolens, puisqu\u2019\u00e0 cette \u00e9poque, le handball \u00e0 7 permettait de jouer dans les cours de r\u00e9cr\u00e9ation, [&hellip;]<\/p>\n","protected":false},"author":1,"featured_media":0,"parent":0,"menu_order":0,"comment_status":"closed","ping_status":"closed","template":"","meta":{"footnotes":""},"class_list":["post-47","page","type-page","status-publish","hentry"],"aioseo_notices":[],"_links":{"self":[{"href":"https:\/\/hand16.com\/WP\/wp-json\/wp\/v2\/pages\/47","targetHints":{"allow":["GET"]}}],"collection":[{"href":"https:\/\/hand16.com\/WP\/wp-json\/wp\/v2\/pages"}],"about":[{"href":"https:\/\/hand16.com\/WP\/wp-json\/wp\/v2\/types\/page"}],"author":[{"embeddable":true,"href":"https:\/\/hand16.com\/WP\/wp-json\/wp\/v2\/users\/1"}],"replies":[{"embeddable":true,"href":"https:\/\/hand16.com\/WP\/wp-json\/wp\/v2\/comments?post=47"}],"version-history":[{"count":9,"href":"https:\/\/hand16.com\/WP\/wp-json\/wp\/v2\/pages\/47\/revisions"}],"predecessor-version":[{"id":2180,"href":"https:\/\/hand16.com\/WP\/wp-json\/wp\/v2\/pages\/47\/revisions\/2180"}],"wp:attachment":[{"href":"https:\/\/hand16.com\/WP\/wp-json\/wp\/v2\/media?parent=47"}],"curies":[{"name":"wp","href":"https:\/\/api.w.org\/{rel}","templated":true}]}}