{"id":48,"date":"2021-09-13T11:19:59","date_gmt":"2021-09-13T09:19:59","guid":{"rendered":"http:\/\/hand16.com\/WP\/?page_id=48"},"modified":"2022-03-31T10:44:20","modified_gmt":"2022-03-31T08:44:20","slug":"competitions","status":"publish","type":"page","link":"https:\/\/hand16.com\/WP\/competitions\/","title":{"rendered":"Comp\u00e9titions"},"content":{"rendered":"\n<figure class=\"wp-block-table is-style-stripes\"><table><tbody><tr><td><a rel=\"noreferrer noopener\" href=\"https:\/\/www.ffhandball.fr\/fr\/competitions\/C16\" target=\"_blank\">Site FFHB&nbsp;<\/a>(acc\u00e8s tout public)<br><em>Retrouvez toutes ces informations nationales, r\u00e9gionales et d\u00e9partementales<br>(horaire des rencontres, d\u00e9signations des arbitres, r\u00e9sultats et classements)<\/em><\/td><\/tr><tr><td><a href=\"https:\/\/gesthand.net\/\" target=\"_blank\" rel=\"noreferrer noopener\">GESTHAND<\/a>&nbsp;(connexion club)<\/td><\/tr><tr><td><a rel=\"noreferrer noopener\" href=\"http:\/\/gesthand-extraction.ff-handball.org\/\" target=\"_blank\">Gesthand Extractions<\/a>&nbsp;(connexion club)<\/td><\/tr><tr><td><\/td><\/tr><\/tbody><\/table><\/figure>\n\n\n\n<hr class=\"wp-block-separator\"\/>\n\n\n\n<figure class=\"wp-block-table aligncenter is-style-stripes\"><table><tbody><tr><td>Voir la page <a href=\"https:\/\/hand16.com\/WP\/evenements\/\">\u00ab\u00a0Ev\u00e9nements\u00a0\u00bb<\/a><\/td><\/tr><tr><td>Voir la page <a href=\"https:\/\/hand16.com\/WP\/calendriers\/\">\u00ab\u00a0Calendriers\u00a0\u00bb<\/a><\/td><\/tr><tr><td>Voir la page <a href=\"https:\/\/hand16.com\/WP\/reglements\/\">\u00ab\u00a0R\u00e9glements<\/a>\u00ab\u00a0<\/td><\/tr><\/tbody><\/table><\/figure>\n","protected":false},"excerpt":{"rendered":"<p>Site FFHB&nbsp;(acc\u00e8s tout public)Retrouvez toutes ces informations nationales, r\u00e9gionales et d\u00e9partementales(horaire des rencontres, d\u00e9signations des arbitres, r\u00e9sultats et classements) GESTHAND&nbsp;(connexion club) Gesthand Extractions&nbsp;(connexion club) Voir la page \u00ab\u00a0Ev\u00e9nements\u00a0\u00bb Voir la page \u00ab\u00a0Calendriers\u00a0\u00bb Voir la page \u00ab\u00a0R\u00e9glements\u00ab\u00a0<\/p>\n","protected":false},"author":1,"featured_media":0,"parent":0,"menu_order":0,"comment_status":"closed","ping_status":"closed","template":"","meta":{"footnotes":""},"class_list":["post-48","page","type-page","status-publish","hentry"],"aioseo_notices":[],"_links":{"self":[{"href":"https:\/\/hand16.com\/WP\/wp-json\/wp\/v2\/pages\/48","targetHints":{"allow":["GET"]}}],"collection":[{"href":"https:\/\/hand16.com\/WP\/wp-json\/wp\/v2\/pages"}],"about":[{"href":"https:\/\/hand16.com\/WP\/wp-json\/wp\/v2\/types\/page"}],"author":[{"embeddable":true,"href":"https:\/\/hand16.com\/WP\/wp-json\/wp\/v2\/users\/1"}],"replies":[{"embeddable":true,"href":"https:\/\/hand16.com\/WP\/wp-json\/wp\/v2\/comments?post=48"}],"version-history":[{"count":3,"href":"https:\/\/hand16.com\/WP\/wp-json\/wp\/v2\/pages\/48\/revisions"}],"predecessor-version":[{"id":659,"href":"https:\/\/hand16.com\/WP\/wp-json\/wp\/v2\/pages\/48\/revisions\/659"}],"wp:attachment":[{"href":"https:\/\/hand16.com\/WP\/wp-json\/wp\/v2\/media?parent=48"}],"curies":[{"name":"wp","href":"https:\/\/api.w.org\/{rel}","templated":true}]}}