{"id":51,"date":"2021-09-13T11:20:00","date_gmt":"2021-09-13T09:20:00","guid":{"rendered":"http:\/\/hand16.com\/WP\/?page_id=51"},"modified":"2025-09-02T10:06:39","modified_gmt":"2025-09-02T08:06:39","slug":"contacts","status":"publish","type":"page","link":"https:\/\/hand16.com\/WP\/contacts\/","title":{"rendered":"Contacts"},"content":{"rendered":"\n<figure class=\"wp-block-table is-style-stripes\"><table><tbody><tr><td class=\"has-text-align-center\" data-align=\"center\"><img loading=\"lazy\" decoding=\"async\" width=\"150\" height=\"145\" class=\"wp-image-44\" style=\"width: 150px;\" src=\"https:\/\/hand16.com\/WP\/wp-content\/uploads\/2021\/09\/cropped-2017-logo-.png\" alt=\"\" srcset=\"https:\/\/hand16.com\/WP\/wp-content\/uploads\/2021\/09\/cropped-2017-logo-.png 982w, https:\/\/hand16.com\/WP\/wp-content\/uploads\/2021\/09\/cropped-2017-logo--300x289.png 300w, https:\/\/hand16.com\/WP\/wp-content\/uploads\/2021\/09\/cropped-2017-logo--768x740.png 768w\" sizes=\"auto, (max-width: 150px) 100vw, 150px\" \/><\/td><td class=\"has-text-align-center\" data-align=\"center\"><strong>Comit\u00e9 Charente Handball<\/strong><br>11 route des Fours \u00e0 Chaux<br>16160 GOND-PONTOUVRE<br>T\u00e9l\u00e9phone : 07.87.41.40.22<br>Mail : 6016000@ffhandball.net<\/td><td class=\"has-text-align-center\" data-align=\"center\"><img loading=\"lazy\" decoding=\"async\" width=\"250\" height=\"103\" class=\"wp-image-343\" style=\"width: 250px;\" src=\"https:\/\/hand16.com\/WP\/wp-content\/uploads\/2022\/03\/FFHB_LOGO_COMITE_CHARENTE_FD_BL_RVB-1.png\" alt=\"\" srcset=\"https:\/\/hand16.com\/WP\/wp-content\/uploads\/2022\/03\/FFHB_LOGO_COMITE_CHARENTE_FD_BL_RVB-1.png 806w, https:\/\/hand16.com\/WP\/wp-content\/uploads\/2022\/03\/FFHB_LOGO_COMITE_CHARENTE_FD_BL_RVB-1-300x123.png 300w, https:\/\/hand16.com\/WP\/wp-content\/uploads\/2022\/03\/FFHB_LOGO_COMITE_CHARENTE_FD_BL_RVB-1-768x315.png 768w\" sizes=\"auto, (max-width: 250px) 100vw, 250px\" \/><\/td><\/tr><\/tbody><\/table><\/figure>\n\n\n\n<hr class=\"wp-block-separator has-css-opacity\"\/>\n\n\n\n<p class=\"has-text-align-center\"><strong>Horaires d&rsquo;ouverture du secr\u00e9tariat :<\/strong><br>assur\u00e9 par <strong>Soni@ GARCIA<\/strong><br><em>lundi, mardi, jeudi : 8h-12h &amp; 13h-17h<br>vendredi : 8h-12h<\/em> (en t\u00e9l\u00e9travail, contact par t\u00e9l. et mail)<\/p>\n\n\n\n<figure class=\"wp-block-table is-style-stripes\"><table><tbody><tr><td class=\"has-text-align-center\" data-align=\"center\"><strong>Julien GAMBIER C.T.F.<\/strong><br>Portable : 07.86.95.27.05<br>Mail : 6016000.jgambier@ffhandball.net<\/td><td class=\"has-text-align-center\" data-align=\"center\"><strong>Benjamin MEHDAOUI A.D.S.<\/strong><br>Portable : 07.88.86.85.16<br>Mail : 6016000.bmehdaoui@ffhandball.net<\/td><\/tr><\/tbody><\/table><\/figure>\n\n\n\n<hr class=\"wp-block-separator has-css-opacity\"\/>\n\n\n\n<figure class=\"wp-block-table is-style-stripes has-small-font-size\"><table><tbody><tr><td class=\"has-text-align-center\" data-align=\"center\"><br><a href=\"https:\/\/nouvelleaquitaine-handball.org\/\" target=\"_blank\" rel=\"noreferrer noopener\"><img loading=\"lazy\" decoding=\"async\" width=\"250\" height=\"76\" class=\"wp-image-345\" style=\"width: 250px;\" src=\"https:\/\/hand16.com\/WP\/wp-content\/uploads\/2022\/03\/FFHB_LOGO_LIGUE_NOUVELLE_AQUITAINE_FD_BL_RVB-1.png\" alt=\"\" srcset=\"https:\/\/hand16.com\/WP\/wp-content\/uploads\/2022\/03\/FFHB_LOGO_LIGUE_NOUVELLE_AQUITAINE_FD_BL_RVB-1.png 2177w, https:\/\/hand16.com\/WP\/wp-content\/uploads\/2022\/03\/FFHB_LOGO_LIGUE_NOUVELLE_AQUITAINE_FD_BL_RVB-1-300x91.png 300w, https:\/\/hand16.com\/WP\/wp-content\/uploads\/2022\/03\/FFHB_LOGO_LIGUE_NOUVELLE_AQUITAINE_FD_BL_RVB-1-1024x311.png 1024w, https:\/\/hand16.com\/WP\/wp-content\/uploads\/2022\/03\/FFHB_LOGO_LIGUE_NOUVELLE_AQUITAINE_FD_BL_RVB-1-768x233.png 768w, https:\/\/hand16.com\/WP\/wp-content\/uploads\/2022\/03\/FFHB_LOGO_LIGUE_NOUVELLE_AQUITAINE_FD_BL_RVB-1-1536x466.png 1536w, https:\/\/hand16.com\/WP\/wp-content\/uploads\/2022\/03\/FFHB_LOGO_LIGUE_NOUVELLE_AQUITAINE_FD_BL_RVB-1-2048x622.png 2048w\" sizes=\"auto, (max-width: 250px) 100vw, 250px\" \/><\/a><\/td><td><a href=\"https:\/\/www.ffhandball.fr\/\" target=\"_blank\" rel=\"noreferrer noopener\"><img loading=\"lazy\" decoding=\"async\" width=\"150\" height=\"101\" class=\"wp-image-347\" style=\"width: 150px;\" src=\"https:\/\/hand16.com\/WP\/wp-content\/uploads\/2022\/03\/Federation_francaise_de_handball_Logo_2016.svg_.png\" alt=\"\" srcset=\"https:\/\/hand16.com\/WP\/wp-content\/uploads\/2022\/03\/Federation_francaise_de_handball_Logo_2016.svg_.png 1280w, https:\/\/hand16.com\/WP\/wp-content\/uploads\/2022\/03\/Federation_francaise_de_handball_Logo_2016.svg_-300x202.png 300w, https:\/\/hand16.com\/WP\/wp-content\/uploads\/2022\/03\/Federation_francaise_de_handball_Logo_2016.svg_-1024x690.png 1024w, https:\/\/hand16.com\/WP\/wp-content\/uploads\/2022\/03\/Federation_francaise_de_handball_Logo_2016.svg_-768x518.png 768w\" sizes=\"auto, (max-width: 150px) 100vw, 150px\" \/><\/a><\/td><\/tr><\/tbody><\/table><\/figure>\n\n\n\n<hr class=\"wp-block-separator has-css-opacity\"\/>\n\n\n\n<pre class=\"wp-block-preformatted\">Site :  <em>1re mise en ligne le <em>01\/06\/2002<\/em> -  <em>Version 4<\/em><\/em> le 24\/<em>03\/2022 <sub><sup>by Soni@<\/sup><\/sub><sup> <\/sup><\/em><\/pre>\n\n\n\n<hr class=\"wp-block-separator has-alpha-channel-opacity\"\/>\n\n\n\n<p>Publications facebook : (cliquer sur les vignettes pour plus d&rsquo;infos)<\/p>\n\n\n<div class='tagembed-widget' style='width:; height:;' data-widget-id='107924' view-url='https:\/\/widget.tagembed.com\/107924'><\/div>\n","protected":false},"excerpt":{"rendered":"<p>Comit\u00e9 Charente Handball11 route des Fours \u00e0 Chaux16160 GOND-PONTOUVRET\u00e9l\u00e9phone : 07.87.41.40.22Mail : 6016000@ffhandball.net Horaires d&rsquo;ouverture du secr\u00e9tariat :assur\u00e9 par Soni@ GARCIAlundi, mardi, jeudi : 8h-12h &amp; 13h-17hvendredi : 8h-12h (en t\u00e9l\u00e9travail, contact par t\u00e9l. et mail) Julien GAMBIER C.T.F.Portable : 07.86.95.27.05Mail : 6016000.jgambier@ffhandball.net Benjamin MEHDAOUI A.D.S.Portable : 07.88.86.85.16Mail : 6016000.bmehdaoui@ffhandball.net Site : 1re mise en [&hellip;]<\/p>\n","protected":false},"author":1,"featured_media":0,"parent":0,"menu_order":0,"comment_status":"closed","ping_status":"closed","template":"","meta":{"footnotes":""},"class_list":["post-51","page","type-page","status-publish","hentry"],"aioseo_notices":[],"_links":{"self":[{"href":"https:\/\/hand16.com\/WP\/wp-json\/wp\/v2\/pages\/51","targetHints":{"allow":["GET"]}}],"collection":[{"href":"https:\/\/hand16.com\/WP\/wp-json\/wp\/v2\/pages"}],"about":[{"href":"https:\/\/hand16.com\/WP\/wp-json\/wp\/v2\/types\/page"}],"author":[{"embeddable":true,"href":"https:\/\/hand16.com\/WP\/wp-json\/wp\/v2\/users\/1"}],"replies":[{"embeddable":true,"href":"https:\/\/hand16.com\/WP\/wp-json\/wp\/v2\/comments?post=51"}],"version-history":[{"count":35,"href":"https:\/\/hand16.com\/WP\/wp-json\/wp\/v2\/pages\/51\/revisions"}],"predecessor-version":[{"id":3449,"href":"https:\/\/hand16.com\/WP\/wp-json\/wp\/v2\/pages\/51\/revisions\/3449"}],"wp:attachment":[{"href":"https:\/\/hand16.com\/WP\/wp-json\/wp\/v2\/media?parent=51"}],"curies":[{"name":"wp","href":"https:\/\/api.w.org\/{rel}","templated":true}]}}