{"id":78,"date":"2021-09-13T11:48:57","date_gmt":"2021-09-13T09:48:57","guid":{"rendered":"http:\/\/hand16.com\/WP\/?page_id=78"},"modified":"2026-01-08T08:54:24","modified_gmt":"2026-01-08T07:54:24","slug":"entraineurs","status":"publish","type":"page","link":"https:\/\/hand16.com\/WP\/entraineurs\/","title":{"rendered":"Entra\u00eeneurs"},"content":{"rendered":"\n<figure class=\"wp-block-table is-style-stripes\"><table><tbody><tr><td><a href=\"https:\/\/hand16.com\/pdf\/memento%20technique.pdf\" target=\"_blank\" rel=\"noreferrer noopener\"><a href=\"https:\/\/ffhandball-my.sharepoint.com\/:b:\/g\/personal\/6016000_ffhandball_net\/EQ3KY8gReGtNntIftn2RYVoBvg_SqsP8VS6RzF_6h7nhIA?e=dEyCQ5\" target=\"_blank\" rel=\"noopener\" title=\"\">M\u00e9mento technique 2025 x 2026<\/a><\/a><\/td><td class=\"has-text-align-center\" data-align=\"center\">09\/2025<\/td><\/tr><tr><td><a href=\"https:\/\/ffhandball-my.sharepoint.com\/:b:\/g\/personal\/6016000_ffhandball_net\/EaFfq4WwfuhPjTwWFW9HKcIBduM42xmWYRdmDTp33gaMDQ?e=eKrswC\" target=\"_blank\" rel=\"noopener\" title=\"\">Amplitude d&rsquo;\u00e2ge<\/a><\/td><td class=\"has-text-align-center\" data-align=\"center\">07\/2024<\/td><\/tr><tr><td><a href=\"http:\/\/www.hand16.com\/pdf\/L-hand-a-4.pdf\" target=\"_blank\" rel=\"noreferrer noopener\">Livret Hand \u00e0 4<\/a><\/td><td class=\"has-text-align-center\" data-align=\"center\">2018<\/td><\/tr><tr><td><a href=\"http:\/\/nouvelleaquitaine-handball.org\/wp-content\/uploads\/2022\/11\/GUIDE_V09-15112022-1.pdf\" target=\"_blank\" rel=\"noopener\" title=\"\">Guide des formations de l&rsquo;ITFE<\/a> <\/td><td class=\"has-text-align-center\" data-align=\"center\">15\/11\/2022<\/td><\/tr><tr><td><a href=\"https:\/\/nouvelleaquitaine-handball.org\/wp-content\/uploads\/2022\/11\/Guide-des-accompagnateurs-dequipes.pdf\" target=\"_blank\" rel=\"noopener\" title=\"\">Guide du responsable d&rsquo;\u00e9quipe<\/a> <\/td><td class=\"has-text-align-center\" data-align=\"center\">10\/2022<\/td><\/tr><\/tbody><\/table><\/figure>\n\n\n\n<hr class=\"wp-block-separator has-css-opacity\"\/>\n\n\n\n<h2 class=\"wp-block-heading\"><strong>Les s\u00e9ances (.pdf) :<\/strong> <\/h2>\n\n\n\n<figure class=\"wp-block-table is-style-stripes\"><table><tbody><tr><td>14 <a href=\"https:\/\/ffhandball-my.sharepoint.com\/:b:\/g\/personal\/6016000_ffhandball_net\/EaTz0AYMDSFCpL5qQtaIQlYB_qb_vlZZu0sIqa7ThZg2xQ?e=fbxOMf\" target=\"_blank\" rel=\"noopener\" title=\"\">S\u00e9ance Le jeu du porteur de balle, selection 2012 F<\/a><\/td><td class=\"has-text-align-center\" data-align=\"center\">03\/2025<\/td><\/tr><tr><td>13 <a href=\"https:\/\/ffhandball-my.sharepoint.com\/:b:\/g\/personal\/6016000_ffhandball_net\/EVf_ezAv3rlGtsTjE5hywuMBFbQl41UpINBHuyyZfeuHFg?e=ni4eB7\" target=\"_blank\" rel=\"noopener\" title=\"\">S\u00e9ance relation base avant base arri\u00e8re face d\u00e9fense F \u00e0 F<\/a><\/td><td class=\"has-text-align-center\" data-align=\"center\">01\/2024<\/td><\/tr><tr><td>12 <a href=\"https:\/\/ffhandball-my.sharepoint.com\/:b:\/g\/personal\/6016000_ffhandball_net\/Ec6roP_e9BBKoZvb3Di89jcB6FdNFO_E6s_dGwujZl8E5Q?e=nJ4FEP\" target=\"_blank\" rel=\"noopener\" title=\"\">Am\u00e9liorer les intentions d\u00e9fensives -11\/-13<\/a><\/td><td class=\"has-text-align-center\" data-align=\"center\">12\/2023<\/td><\/tr><tr><td>11 <a href=\"https:\/\/ffhandball-my.sharepoint.com\/:b:\/g\/personal\/6016000_ffhandball_net\/EQK6iTKvt1lIh0UcjF8VKeYBPqgRxORtbmHpJ4NAoDfkMg?e=jroO2n\" target=\"_blank\" rel=\"noopener\" title=\"\">Am\u00e9lioration de l&rsquo;enchainement d\u00e9fense-mont\u00e9e de balle<\/a><\/td><td class=\"has-text-align-center\" data-align=\"center\">12\/2023<\/td><\/tr><tr><td>10 <a href=\"https:\/\/ffhandball-my.sharepoint.com\/:b:\/g\/personal\/6016000_ffhandball_net\/EbDTNVUDpoFGpBSDYGX1jfIB0pVnCADOIBu2emkJxr5Hbg?e=XX6h0v\" target=\"_blank\" rel=\"noopener\" title=\"\">Le duel tireur gardien en -13<\/a><\/td><td class=\"has-text-align-center\" data-align=\"center\">11\/2022<\/td><\/tr><tr><td>09 <a href=\"https:\/\/ffhandball-my.sharepoint.com\/:b:\/g\/personal\/6016000_ffhandball_net\/ETZcEzclVvJGn6myLRBnLEQBTqn-A-CZ3pIgxOw8uKEFvw?e=INBKOV\" target=\"_blank\" rel=\"noopener\" title=\"\">Attaque d&rsquo;une d\u00e9fense \u00e9tag\u00e9e 3-3 fille \u00e0 fille (Stage 19 et 29\/04\/2022)<\/a><\/td><td class=\"has-text-align-center\" data-align=\"center\">04\/2022<\/td><\/tr><tr><td>08 <a href=\"https:\/\/ffhandball-my.sharepoint.com\/:b:\/g\/personal\/6016000_ffhandball_net\/EbVJJstozmNDqJxN7Vh902MBRR4Bdxc0nG98RkVanA7blQ?e=a6dQ6b\" target=\"_blank\" rel=\"noopener\" title=\"\">Am\u00e9liorer la relation base AV base ARR face \u00e0 une 3-3 F \u00e0  F<\/a><\/td><td class=\"has-text-align-center\" data-align=\"center\">04\/2022<\/td><\/tr><tr><td>07 <a href=\"https:\/\/ffhandball-my.sharepoint.com\/:b:\/g\/personal\/6016000_ffhandball_net\/EdT8w5Um2W9LmAez544XPuoBqeYJk6ex_NCUe50EjZlFhg?e=GkgiAX\" target=\"_blank\" rel=\"noopener\" title=\"\">Situation de jeu en surnombre (cps G 30-03-22)<\/a><\/td><td class=\"has-text-align-center\" data-align=\"center\">03\/2022<\/td><\/tr><tr><td>06 <a href=\"https:\/\/ffhandball-my.sharepoint.com\/:b:\/g\/personal\/6016000_ffhandball_net\/EUUBzFZ-k3BGiBb29ipqdZQBHMiyQj5EZbWJa59APA6x1w?e=WJdQAg\" target=\"_blank\" rel=\"noopener\" title=\"\">Les geste de l&rsquo;arbitrage<\/a><\/td><td class=\"has-text-align-center\" data-align=\"center\"><\/td><\/tr><tr><td>05 <a href=\"https:\/\/ffhandball-my.sharepoint.com\/:b:\/g\/personal\/6016000_ffhandball_net\/EcJ8FcEU8XlMhfkvzH7tO24ByDMKr-VlWUfSo9jccEWgSQ?e=rb8m9d\" target=\"_blank\" rel=\"noopener\" title=\"\">Guide du manager des jeunes<\/a><\/td><td class=\"has-text-align-center\" data-align=\"center\">2022<\/td><\/tr><tr><td>04 <a href=\"https:\/\/ffhandball-my.sharepoint.com\/:b:\/g\/personal\/6016000_ffhandball_net\/Ea8GDMMgx9pAioHZQLHZ6iIBO722PNE_jlIklMlgZCJ5jg?e=ObValR\" target=\"_blank\" rel=\"noopener\" title=\"\">Am\u00e9liorer les comportements d\u00e9fensifs dans une d\u00e9fense F \u00e0 F<\/a><\/td><td class=\"has-text-align-center\" data-align=\"center\">2021<\/td><\/tr><tr><td>03 <a href=\"https:\/\/ffhandball-my.sharepoint.com\/:b:\/g\/personal\/6016000_ffhandball_net\/EfrSx3mTRHxForXi2ijqGyIBFmpyFCgUtrjLkHGX1b-MAg?e=Mbwk4B\" target=\"_blank\" rel=\"noopener\" title=\"\">L&rsquo;engagement rapide et le changement de statut<\/a><\/td><td class=\"has-text-align-center\" data-align=\"center\">2022<\/td><\/tr><tr><td>02 <a href=\"https:\/\/ffhandball-my.sharepoint.com\/:b:\/g\/personal\/6016000_ffhandball_net\/ER7f0yVqiyFIutN0iZ2AphoBiFTkxibfPxHQgBydXwHgPA?e=jNYGqB\" target=\"_blank\" rel=\"noopener\" title=\"\">Le jeu en courant en -13 -15 Filles<\/a><\/td><td class=\"has-text-align-center\" data-align=\"center\">2021<\/td><\/tr><tr><td>01 <a href=\"https:\/\/ffhandball-my.sharepoint.com\/:b:\/g\/personal\/6016000_ffhandball_net\/EQbjYOnqxOhDv9K5q7oQNkkBbMw_4qqXUFCpW04Ss8nkfw?e=K6tjD9\" target=\"_blank\" rel=\"noopener\" title=\"\">Am\u00e9liorer les comportements d\u00e9fensifs en H \u00e0 H pour r\u00e9cup\u00e9rer la balle sans faute<\/a><\/td><td class=\"has-text-align-center\" data-align=\"center\">2019<\/td><\/tr><\/tbody><\/table><\/figure>\n\n\n\n<hr class=\"wp-block-separator has-css-opacity\"\/>\n\n\n\n<p><strong>Julien GAMBIER CTF<\/strong><br>Portable : 07.86.95.27.05<br>Mail : 6016000.jgambier@ffhandball.net   <\/p>\n\n\n\n<hr class=\"wp-block-separator has-css-opacity\"\/>\n","protected":false},"excerpt":{"rendered":"<p>M\u00e9mento technique 2025 x 2026 09\/2025 Amplitude d&rsquo;\u00e2ge 07\/2024 Livret Hand \u00e0 4 2018 Guide des formations de l&rsquo;ITFE 15\/11\/2022 Guide du responsable d&rsquo;\u00e9quipe 10\/2022 Les s\u00e9ances (.pdf) : 14 S\u00e9ance Le jeu du porteur de balle, selection 2012 F 03\/2025 13 S\u00e9ance relation base avant base arri\u00e8re face d\u00e9fense F \u00e0 F 01\/2024 12 [&hellip;]<\/p>\n","protected":false},"author":1,"featured_media":0,"parent":0,"menu_order":0,"comment_status":"closed","ping_status":"closed","template":"","meta":{"footnotes":""},"class_list":["post-78","page","type-page","status-publish","hentry"],"aioseo_notices":[],"_links":{"self":[{"href":"https:\/\/hand16.com\/WP\/wp-json\/wp\/v2\/pages\/78","targetHints":{"allow":["GET"]}}],"collection":[{"href":"https:\/\/hand16.com\/WP\/wp-json\/wp\/v2\/pages"}],"about":[{"href":"https:\/\/hand16.com\/WP\/wp-json\/wp\/v2\/types\/page"}],"author":[{"embeddable":true,"href":"https:\/\/hand16.com\/WP\/wp-json\/wp\/v2\/users\/1"}],"replies":[{"embeddable":true,"href":"https:\/\/hand16.com\/WP\/wp-json\/wp\/v2\/comments?post=78"}],"version-history":[{"count":34,"href":"https:\/\/hand16.com\/WP\/wp-json\/wp\/v2\/pages\/78\/revisions"}],"predecessor-version":[{"id":3677,"href":"https:\/\/hand16.com\/WP\/wp-json\/wp\/v2\/pages\/78\/revisions\/3677"}],"wp:attachment":[{"href":"https:\/\/hand16.com\/WP\/wp-json\/wp\/v2\/media?parent=78"}],"curies":[{"name":"wp","href":"https:\/\/api.w.org\/{rel}","templated":true}]}}