{"id":79,"date":"2021-09-13T11:48:58","date_gmt":"2021-09-13T09:48:58","guid":{"rendered":"http:\/\/hand16.com\/WP\/?page_id=79"},"modified":"2025-09-02T13:28:22","modified_gmt":"2025-09-02T11:28:22","slug":"arbitres","status":"publish","type":"page","link":"https:\/\/hand16.com\/WP\/arbitres\/","title":{"rendered":"Arbitres"},"content":{"rendered":"\n<hr class=\"wp-block-separator has-css-opacity\"\/>\n\n\n\n<figure class=\"wp-block-table is-style-stripes\"><table><tbody><tr><td><a href=\"https:\/\/view.genially.com\/6801e8502f83150f652206f4?actId=~a2-9RTKJ9Px9tclCUUEDpqmwPzjWFKT1BvOsj2ebrJJOX5XM8LVFH6Qjo_hu_xH1Ei5HUcAnwlmI08UIH4courRrWztCbDanyXij55tng43Oj09bMxz2O&amp;actCampaignType=CAMPAIGN_MAIL&amp;actSource=505185\" target=\"_blank\" rel=\"noopener\" title=\"\">Nouvelles r\u00e9gles d&rsquo;arbitrage<\/a><\/td><td>07\/2025<\/td><\/tr><tr><td><a rel=\"noreferrer noopener\" href=\"http:\/\/www.hand16.com\/pdf\/gestes%20arbitrage.pdf\" target=\"_blank\">Les geste de l&rsquo;arbitrage<\/a><\/td><td><\/td><\/tr><tr><td><a href=\"https:\/\/www.calameo.com\/ffhandball\/read\/0072751114d0768227674?actId=~aoU9By_jjTsplYv8-u5A7QJPYI3hpqiTgBOnc7TnjgEsjMFH672HmS3OGWO72sryeBM6XKF2qrGvLjQkULpdVYyiFOi_Lu5aFbFVNkOQ235d3RXNpOlRO&amp;actCampaignType=CAMPAIGN_MAIL&amp;actSource=505185\" target=\"_blank\" rel=\"noopener\" title=\"\">Livret arbitrage 2025<\/a><\/td><td>07\/2025<\/td><\/tr><tr><td><a href=\"https:\/\/ged.arbitrage.ffhandball.org\/LivretsFFHandball\/LivretInitiationArbitrage-2019\/4\/\" target=\"_blank\" rel=\"noopener\" title=\"\">Initiation \u00e0 l&rsquo;arbitrage<\/a><\/td><td>2019<\/td><\/tr><tr><td><a rel=\"noreferrer noopener\" href=\"https:\/\/hand16.com\/pdf\/FFHB-CCA-InitiationArbitrage-Mai2014.pdf\" target=\"_blank\">Initiation \u00e0 l&rsquo;arbitrage CCA<\/a><\/td><td>05\/2014<\/td><\/tr><tr><td><a href=\"https:\/\/www.youtube.com\/watch?v=FU1hVZeh_9I\" target=\"_blank\" rel=\"noopener\" title=\"\">Tutoriel Ihand Arbitrage LNA<\/a><\/td><td>2020<\/td><\/tr><\/tbody><\/table><\/figure>\n\n\n\n<hr class=\"wp-block-separator has-css-opacity\"\/>\n\n\n\n<figure class=\"wp-block-table is-style-stripes\"><table><tbody><tr><td><a href=\"https:\/\/ged.arbitrage.ffhandball.org\/LivretsFFHandball\/MementoJAJ-2019\/2\/\" target=\"_blank\" rel=\"noopener\" title=\"\">M\u00e9mento Pr\u00e9 JAJ<\/a><\/td><td>2019<\/td><\/tr><tr><td><a rel=\"noreferrer noopener\" href=\"https:\/\/hand16.com\/pdf\/FFHB-CCA-MementoPreAJ-Mai2014.pdf\" target=\"_blank\">Memento CCA Pr\u00e9 AJ<\/a><\/td><td>05\/2014<\/td><\/tr><tr><td><a href=\"http:\/\/www.hand16.com\/pdf\/Parc.%20JAJ.pdf\">Parcours JAJ Territoire M1<\/a><\/td><td>2016&#215;17<\/td><\/tr><tr><td><a href=\"https:\/\/view.genially.com\/5fec39f34a35bd0d034eb408\" target=\"_blank\" rel=\"noopener\" title=\"\">\u00c9cole de sorcellerie de l&rsquo;arbitrage<\/a><\/td><td>2024<\/td><\/tr><\/tbody><\/table><\/figure>\n\n\n\n<hr class=\"wp-block-separator has-css-opacity\"\/>\n\n\n\n<figure class=\"wp-block-table is-style-stripes\"><table><tbody><tr><td><a rel=\"noreferrer noopener\" href=\"http:\/\/www.hand16.com\/pdf\/Feuille%20de%20fair%20play.xlsx\" target=\"_blank\">Fiche de Fair Play (.excel)<\/a><\/td><td><\/td><\/tr><tr><td><a rel=\"noreferrer noopener\" href=\"http:\/\/www.hand16.com\/pdf\/Fiche%20liaison%20officiel.docx\" target=\"_blank\">Fiche de liaison officiel (.doc)<\/a><\/td><td><\/td><\/tr><\/tbody><\/table><\/figure>\n\n\n\n<hr class=\"wp-block-separator has-css-opacity\"\/>\n\n\n\n<figure class=\"wp-block-table is-style-stripes\"><table><tbody><tr><td><a rel=\"noreferrer noopener\" href=\"https:\/\/hand16.com\/pdf\/arbitrages_mutation_CMCD.pdf\" target=\"_blank\">Arbitrage CMCD<\/a><\/td><td><\/td><\/tr><\/tbody><\/table><\/figure>\n\n\n\n<hr class=\"wp-block-separator has-css-opacity\"\/>\n\n\n\n<figure class=\"wp-block-table is-style-stripes\"><table><tbody><tr><td><\/td><td>2022<\/td><\/tr><\/tbody><\/table><\/figure>\n\n\n\n<hr class=\"wp-block-separator has-css-opacity\"\/>\n\n\n<div class=\"wp-block-image\">\n<figure class=\"aligncenter size-full\"><a href=\"https:\/\/www.arbitrhand.fr\/\" target=\"_blank\" rel=\"noopener\"><img loading=\"lazy\" decoding=\"async\" width=\"570\" height=\"106\" src=\"https:\/\/hand16.com\/WP\/wp-content\/uploads\/2022\/03\/arbitrhand.jpg\" alt=\"\" class=\"wp-image-297\" srcset=\"https:\/\/hand16.com\/WP\/wp-content\/uploads\/2022\/03\/arbitrhand.jpg 570w, https:\/\/hand16.com\/WP\/wp-content\/uploads\/2022\/03\/arbitrhand-300x56.jpg 300w\" sizes=\"auto, (max-width: 570px) 100vw, 570px\" \/><\/a><\/figure>\n<\/div>\n\n<div class=\"wp-block-image\">\n<figure class=\"aligncenter size-full\"><a href=\"https:\/\/www.tousarbitres.fr\/\" target=\"_blank\" rel=\"noopener\"><img loading=\"lazy\" decoding=\"async\" width=\"241\" height=\"90\" src=\"https:\/\/hand16.com\/WP\/wp-content\/uploads\/2022\/03\/arb-fr.gif\" alt=\"\" class=\"wp-image-302\"\/><\/a><figcaption class=\"wp-element-caption\"><em>Tous arbitres,<br>l&rsquo;actualit\u00e9 de l&rsquo;arbitrage handball, foot, rugby, basket avec La Poste.<\/em><\/figcaption><\/figure>\n<\/div>","protected":false},"excerpt":{"rendered":"<p>Nouvelles r\u00e9gles d&rsquo;arbitrage 07\/2025 Les geste de l&rsquo;arbitrage Livret arbitrage 2025 07\/2025 Initiation \u00e0 l&rsquo;arbitrage 2019 Initiation \u00e0 l&rsquo;arbitrage CCA 05\/2014 Tutoriel Ihand Arbitrage LNA 2020 M\u00e9mento Pr\u00e9 JAJ 2019 Memento CCA Pr\u00e9 AJ 05\/2014 Parcours JAJ Territoire M1 2016&#215;17 \u00c9cole de sorcellerie de l&rsquo;arbitrage 2024 Fiche de Fair Play (.excel) Fiche de liaison officiel [&hellip;]<\/p>\n","protected":false},"author":1,"featured_media":0,"parent":0,"menu_order":0,"comment_status":"closed","ping_status":"closed","template":"","meta":{"footnotes":""},"class_list":["post-79","page","type-page","status-publish","hentry"],"aioseo_notices":[],"_links":{"self":[{"href":"https:\/\/hand16.com\/WP\/wp-json\/wp\/v2\/pages\/79","targetHints":{"allow":["GET"]}}],"collection":[{"href":"https:\/\/hand16.com\/WP\/wp-json\/wp\/v2\/pages"}],"about":[{"href":"https:\/\/hand16.com\/WP\/wp-json\/wp\/v2\/types\/page"}],"author":[{"embeddable":true,"href":"https:\/\/hand16.com\/WP\/wp-json\/wp\/v2\/users\/1"}],"replies":[{"embeddable":true,"href":"https:\/\/hand16.com\/WP\/wp-json\/wp\/v2\/comments?post=79"}],"version-history":[{"count":32,"href":"https:\/\/hand16.com\/WP\/wp-json\/wp\/v2\/pages\/79\/revisions"}],"predecessor-version":[{"id":3453,"href":"https:\/\/hand16.com\/WP\/wp-json\/wp\/v2\/pages\/79\/revisions\/3453"}],"wp:attachment":[{"href":"https:\/\/hand16.com\/WP\/wp-json\/wp\/v2\/media?parent=79"}],"curies":[{"name":"wp","href":"https:\/\/api.w.org\/{rel}","templated":true}]}}