{"id":81,"date":"2021-09-13T11:48:58","date_gmt":"2021-09-13T09:48:58","guid":{"rendered":"http:\/\/hand16.com\/WP\/?page_id=81"},"modified":"2026-03-17T14:17:01","modified_gmt":"2026-03-17T13:17:01","slug":"calendriers","status":"publish","type":"page","link":"https:\/\/hand16.com\/WP\/calendriers\/","title":{"rendered":"Calendriers"},"content":{"rendered":"\n<figure class=\"wp-block-table is-style-stripes\"><table><tbody><tr><td>C<a href=\"https:\/\/ffhandball-my.sharepoint.com\/:b:\/g\/personal\/6016000_ffhandball_net\/EanihfdH6RVCozw1XVJSYlEBUA8paOk07taUWCRE4dydcA?e=4HTFsM\" target=\"_blank\" rel=\"noopener\" title=\"\">ALENDRIER GENERAL<\/a><\/td><td class=\"has-text-align-right\" data-align=\"right\">12\/2025<\/td><\/tr><tr><td><a href=\"https:\/\/ffhandball-my.sharepoint.com\/:b:\/g\/personal\/6016000_ffhandball_net\/EaFfq4WwfuhPjTwWFW9HKcIBduM42xmWYRdmDTp33gaMDQ?e=EJNU0x\" target=\"_blank\" rel=\"noopener\" title=\"\">AMPLITUDE D\u2019AGE<\/a><\/td><td class=\"has-text-align-right\" data-align=\"right\">06\/2025<\/td><\/tr><tr><td><strong><em>Voir la page <a href=\"https:\/\/hand16.com\/WP\/reglements\/\">\u00ab\u00a0R\u00e8glements\u00a0\u00bb <\/a><\/em><\/strong><sup> (+ imprim\u00e9s surclassement et regroupement)<\/sup><\/td><td class=\"has-text-align-right\" data-align=\"right\"><\/td><\/tr><\/tbody><\/table><\/figure>\n\n\n\n<hr class=\"wp-block-separator has-css-opacity\"\/>\n\n\n\n<figure class=\"wp-block-table is-style-stripes\"><table><tbody><tr><td><a rel=\"noreferrer noopener\" href=\"https:\/\/www.ffhandball.fr\/fr\/competitions\/C16\" target=\"_blank\">Site FFHB&nbsp;<\/a>(acc\u00e8s tout public aux comp\u00e9titions de la Charente)<\/td><td class=\"has-text-align-right\" data-align=\"right\"><\/td><\/tr><tr><td><a rel=\"noreferrer noopener\" href=\"https:\/\/gesthand.net\/\" target=\"_blank\">GESTHAND<\/a>&nbsp;(connexion club)<\/td><td class=\"has-text-align-right\" data-align=\"right\"><\/td><\/tr><\/tbody><\/table><\/figure>\n\n\n\n<hr class=\"wp-block-separator has-css-opacity\"\/>\n\n\n\n<h2 class=\"wp-block-heading\">CHAMPIONNATS :<\/h2>\n\n\n\n<p class=\"has-text-align-right has-small-font-size\">Acc\u00e8s direct \u00e0 la comp\u00e9tition sur le site FFHB (Calendriers, r\u00e9sultats et classement) en cliquant sur <img decoding=\"async\" class=\"wp-image-351\" style=\"width: 30px;\" src=\"https:\/\/hand16.com\/WP\/wp-content\/uploads\/2022\/03\/web.jpg\" alt=\"\"><\/p>\n\n\n\n<figure class=\"wp-block-table is-style-stripes\"><table><tbody><tr><td>1RE DIVISION FEMININE<\/td><td class=\"has-text-align-center\" data-align=\"center\"><a href=\"https:\/\/ffhandball-my.sharepoint.com\/:b:\/g\/personal\/6016000_ffhandball_net\/EWp2WTQYZNxDkLARsOf7lT0BvHYgCLEDS_MKvvwa1tDPtQ?e=3KJatM\" target=\"_blank\" rel=\"noopener\" title=\"\">.pdf<\/a><\/td><td class=\"has-text-align-center\" data-align=\"center\"><a href=\"https:\/\/www.ffhandball.fr\/competitions\/saison-2025-2026-21\/departemental\/premiere-division-feminine-28385\/\" target=\"_blank\" rel=\"noopener\" title=\"\">www<\/a><\/td><td class=\"has-text-align-center\" data-align=\"center\">15\/09\/25<\/td><\/tr><tr><td>1RE DIVISION MASCULINE &#8211; 2me phase<\/td><td class=\"has-text-align-center\" data-align=\"center\"><a href=\"https:\/\/ffhandball-my.sharepoint.com\/:b:\/g\/personal\/6016000_ffhandball_net\/IQCJMXSsbwldTpepJeDMilTSAbh7xiGkwlIm-fnpgWbNDSM?e=czaoHE\" target=\"_blank\" rel=\"noopener\" title=\"\">.pdf<\/a><\/td><td class=\"has-text-align-center\" data-align=\"center\"><a href=\"https:\/\/www.ffhandball.fr\/competitions\/saison-2025-2026-21\/departemental\/1re-division-masculine-28337\/\" target=\"_blank\" rel=\"noopener\" title=\"\">www<\/a><\/td><td class=\"has-text-align-center\" data-align=\"center\">03\/2026<\/td><\/tr><tr><td>2ME DIVISION MASCULINE<\/td><td class=\"has-text-align-center\" data-align=\"center\"><a href=\"https:\/\/ffhandball-my.sharepoint.com\/:b:\/g\/personal\/6016000_ffhandball_net\/EeltdviBIxtEj4MFvIqagrwBZhHpkhnykCe13yV6LnbUEw?e=g6wIsc\" target=\"_blank\" rel=\"noopener\" title=\"\">.pdf<\/a><\/td><td class=\"has-text-align-center\" data-align=\"center\"><a href=\"https:\/\/www.ffhandball.fr\/competitions\/saison-2025-2026-21\/departemental\/2me-division-masculine-28384\/\" target=\"_blank\" rel=\"noopener\" title=\"\">www<\/a><\/td><td class=\"has-text-align-center\" data-align=\"center\">15\/09\/25<\/td><\/tr><tr><td>MOINS DE 15 ANS FEMININE &#8211; 2me phase<\/td><td class=\"has-text-align-center\" data-align=\"center\">.<a href=\"https:\/\/ffhandball-my.sharepoint.com\/:b:\/g\/personal\/6016000_ffhandball_net\/IQADGu_DzO38Raw9XiGaz4ZvAcn43X4apxMyjy99-OLOycE?e=QhejWE\" target=\"_blank\" rel=\"noopener\" title=\"\">pdf<\/a><\/td><td class=\"has-text-align-center\" data-align=\"center\"><a href=\"https:\/\/www.ffhandball.fr\/competitions\/saison-2025-2026-21\/departemental\/moins-de-15-ans-feminine-28388\/\" target=\"_blank\" rel=\"noopener\" title=\"\">www<\/a><\/td><td class=\"has-text-align-center\" data-align=\"center\">18\/12\/25<\/td><\/tr><tr><td>MOINS DE 15 ANS MASCULIN &#8211; 2me phase<\/td><td class=\"has-text-align-center\" data-align=\"center\">.<a href=\"https:\/\/ffhandball-my.sharepoint.com\/:b:\/g\/personal\/6016000_ffhandball_net\/IQB2nN7YJLUlRZGFpW1a462OAeOQS-t_ZU_BOZiiXxFFMP0?e=wPx0jd\" target=\"_blank\" rel=\"noopener\" title=\"\">pdf<\/a><\/td><td class=\"has-text-align-center\" data-align=\"center\"><a href=\"https:\/\/www.ffhandball.fr\/competitions\/saison-2025-2026-21\/departemental\/moins-de-15-ans-masculin-28389\/\" target=\"_blank\" rel=\"noopener\" title=\"\">www<\/a><\/td><td class=\"has-text-align-center\" data-align=\"center\">18\/12\/25<\/td><\/tr><tr><td>MOINS DE 13 ANS FEMININE &#8211; 2me phase<\/td><td class=\"has-text-align-center\" data-align=\"center\">.<a href=\"https:\/\/ffhandball-my.sharepoint.com\/:b:\/g\/personal\/6016000_ffhandball_net\/IQCxfYa9-vaYRpzAbZmFeE26AfJT7MqQEBC5M3BX6q4fPS0?e=opkn04\" target=\"_blank\" rel=\"noopener\" title=\"\">pdf<\/a><\/td><td class=\"has-text-align-center\" data-align=\"center\"><a href=\"https:\/\/www.ffhandball.fr\/competitions\/saison-2025-2026-21\/departemental\/moins-de-13-ans-feminin-28390\/\" target=\"_blank\" rel=\"noopener\" title=\"\">www<\/a><\/td><td class=\"has-text-align-center\" data-align=\"center\">18\/12\/25<\/td><\/tr><tr><td>MOINS DE 13 ANS MASCULIN &#8211; 2me phase<\/td><td class=\"has-text-align-center\" data-align=\"center\">.<a href=\"https:\/\/ffhandball-my.sharepoint.com\/:b:\/g\/personal\/6016000_ffhandball_net\/IQAuxmlUlyOsSIE3Sxm7dVo3ASfXR9l-db75uGb55eOV4Z0?e=lI8ImO\" target=\"_blank\" rel=\"noopener\" title=\"\">pdf<\/a><\/td><td class=\"has-text-align-center\" data-align=\"center\"><a href=\"https:\/\/www.ffhandball.fr\/competitions\/saison-2025-2026-21\/departemental\/moins-de-13-ans-masculin-28391\/\" target=\"_blank\" rel=\"noopener\" title=\"\">www<\/a><\/td><td class=\"has-text-align-center\" data-align=\"center\">18\/12\/25<\/td><\/tr><tr><td>MOINS DE 11 ANS FEMININE &#8211; 2me phase<\/td><td class=\"has-text-align-center\" data-align=\"center\"><a href=\"https:\/\/ffhandball-my.sharepoint.com\/:b:\/g\/personal\/6016000_ffhandball_net\/IQDF21nE02cNQao4otYrI6gTASDWHs0iQhoGy6QQH21HlsQ?e=7afmSh\" target=\"_blank\" rel=\"noopener\" title=\"\">.pdf<\/a><\/td><td class=\"has-text-align-center\" data-align=\"center\"><a href=\"https:\/\/www.ffhandball.fr\/competitions\/saison-2025-2026-21\/departemental\/moins-de-11-ans-feminin-28392\/\" target=\"_blank\" rel=\"noopener\" title=\"\">www<\/a><\/td><td class=\"has-text-align-center\" data-align=\"center\">18\/12\/25<\/td><\/tr><tr><td>MOINS DE 11 ANS MASCULIN &#8211; 2me phase<\/td><td class=\"has-text-align-center\" data-align=\"center\"><a href=\"https:\/\/ffhandball-my.sharepoint.com\/:b:\/g\/personal\/6016000_ffhandball_net\/IQBEEwuHc0yOTL0mqWbtasl3ASEjjf2vHLKr0DyL5VgnI_Q?e=MzJjFv\" target=\"_blank\" rel=\"noopener\" title=\"\">.pdf<\/a><\/td><td class=\"has-text-align-center\" data-align=\"center\"><a href=\"https:\/\/www.ffhandball.fr\/competitions\/saison-2025-2026-21\/departemental\/moins-de-11-ans-masculin-28393\/\" target=\"_blank\" rel=\"noopener\" title=\"\">www<\/a><\/td><td class=\"has-text-align-center\" data-align=\"center\">18\/12\/25<\/td><\/tr><tr><td>MOINS DE 9 ANS MIXTE<\/td><td class=\"has-text-align-center\" data-align=\"center\"><a href=\"https:\/\/ffhandball-my.sharepoint.com\/:b:\/g\/personal\/6016000_ffhandball_net\/IQC5UwsG0LGhQpsT5uUujqzkAV8iHPFpmioTW8Iw_KbXeGg?e=Eo2wtm\" target=\"_blank\" rel=\"noopener\" title=\"\">.pdf<\/a><\/td><td class=\"has-text-align-center\" data-align=\"center\">\/<\/td><td class=\"has-text-align-center\" data-align=\"center\">02\/2026<\/td><\/tr><tr><td>HAND LOISIRS<\/td><td class=\"has-text-align-center\" data-align=\"center\"><a href=\"https:\/\/ffhandball-my.sharepoint.com\/:b:\/g\/personal\/6016000_ffhandball_net\/ETEC2cgyfi5GiOvZofzrkO4BLvaI15Y_UOIxI7N156_QTw?e=xrV95t\" target=\"_blank\" rel=\"noopener\" title=\"\">.pdf<\/a><\/td><td class=\"has-text-align-center\" data-align=\"center\"><a href=\"https:\/\/www.ffhandball.fr\/competitions\/saison-2025-2026-21\/departemental\/hand-loisirs-28395\/\" target=\"_blank\" rel=\"noopener\" title=\"\">www<\/a><\/td><td class=\"has-text-align-center\" data-align=\"center\">22\/09\/25<\/td><\/tr><tr><td><\/td><td class=\"has-text-align-center\" data-align=\"center\"><\/td><td class=\"has-text-align-center\" data-align=\"center\"><\/td><td class=\"has-text-align-center\" data-align=\"center\"><\/td><\/tr><tr><td><strong>MOINS DE 15 ANS FEMININE<\/strong> <strong>INTERDEP.<\/strong><br>Comp\u00e9tition g\u00e9r\u00e9e par le CD17<\/td><td class=\"has-text-align-center\" data-align=\"center\"><a href=\"https:\/\/ffhandball-my.sharepoint.com\/:b:\/g\/personal\/6016000_ffhandball_net\/IQDGhuDuajG2QZ1k10QfkLmXAa8KhjFg8y8oIoIiAZvpCfI?e=2xXamy\" target=\"_blank\" rel=\"noopener\" title=\"\">.pdf<\/a><\/td><td class=\"has-text-align-center\" data-align=\"center\"><a href=\"https:\/\/www.ffhandball.fr\/competitions\/saison-2025-2026-21\/departemental\/f15-ex-poitou-charentes-29361\/\" target=\"_blank\" rel=\"noopener\" title=\"\">www<\/a><\/td><td class=\"has-text-align-center\" data-align=\"center\"><\/td><\/tr><tr><td><strong>MOINS DE 15 ANS MASCULIN INTERDEP.<\/strong><br>Comp\u00e9tition g\u00e9r\u00e9e par le CD17<\/td><td class=\"has-text-align-center\" data-align=\"center\"><a href=\"https:\/\/ffhandball-my.sharepoint.com\/:b:\/g\/personal\/6016000_ffhandball_net\/IQC7o1ik_vnJT6T-l5JZtfznAYVyHXphlZMmEd-05SYgi3c?e=0WhngR\" target=\"_blank\" rel=\"noopener\" title=\"\">.pdf<\/a><\/td><td class=\"has-text-align-center\" data-align=\"center\"><a href=\"https:\/\/www.ffhandball.fr\/competitions\/saison-2025-2026-21\/departemental\/m15-poitou-charentes-29360\/\" target=\"_blank\" rel=\"noopener\" title=\"\">www<\/a><\/td><td class=\"has-text-align-center\" data-align=\"center\"><\/td><\/tr><tr><td><strong>MOINS DE 18 ANS FEMININE INTERDEP.<\/strong><br>2me phase &#8211; Comp\u00e9tition g\u00e9r\u00e9e par le CD17<\/td><td class=\"has-text-align-center\" data-align=\"center\">.<a href=\"https:\/\/ffhandball-my.sharepoint.com\/:b:\/g\/personal\/6016000_ffhandball_net\/IQBRq87F5o6KQqrpJo1tK0RjAagJKYZacwM3HH6bjAAy26A?e=PM2Ohg\" target=\"_blank\" rel=\"noopener\" title=\"\">pdf<\/a><\/td><td class=\"has-text-align-center\" data-align=\"center\"><a href=\"https:\/\/www.ffhandball.fr\/competitions\/saison-2025-2026-21\/departemental\/18f-poitou-charentes-30021\/\" target=\"_blank\" rel=\"noopener\" title=\"\">www<\/a><\/td><td class=\"has-text-align-center\" data-align=\"center\"><\/td><\/tr><tr><td><strong>MOINS DE 18 ANS MASCULIN INTERDEP.<\/strong><br>2me phase &#8211; Comp\u00e9tition g\u00e9r\u00e9e par le CD17<\/td><td class=\"has-text-align-center\" data-align=\"center\">.<a href=\"https:\/\/ffhandball-my.sharepoint.com\/:b:\/g\/personal\/6016000_ffhandball_net\/IQBKbUIQTprRR7RbauW1k6lYAaPHW0y02wQt0A69bO-7c5U?e=gUPhF9\" target=\"_blank\" rel=\"noopener\" title=\"\">pdf<\/a><\/td><td class=\"has-text-align-center\" data-align=\"center\"><a href=\"https:\/\/www.ffhandball.fr\/competitions\/saison-2025-2026-21\/departemental\/18m-poitou-charentes-30019\/\" target=\"_blank\" rel=\"noopener\" title=\"\">www<\/a><\/td><td class=\"has-text-align-center\" data-align=\"center\"><\/td><\/tr><tr><td><strong>MOINS DE 18 ANS FEMININE 1re DIV. TERRIT.<\/strong><br>2me phase &#8211; Comp\u00e9tition g\u00e9r\u00e9e par la Ligue<\/td><td class=\"has-text-align-center\" data-align=\"center\">.<a href=\"https:\/\/ffhandball-my.sharepoint.com\/:b:\/g\/personal\/6016000_ffhandball_net\/IQC0qDaMgWzZQpfPLDqjCuTdAXNQtu4nyE6wXaup06JwkmU?e=9D3ooG\" target=\"_blank\" rel=\"noopener\" title=\"\">pdf<\/a><\/td><td class=\"has-text-align-center\" data-align=\"center\"><a href=\"https:\/\/www.ffhandball.fr\/competitions\/saison-2025-2026-21\/regional\/1ere-division-territoriale-u18-feminines-30026\/\" target=\"_blank\" rel=\"noopener\" title=\"\">www<\/a><\/td><td class=\"has-text-align-center\" data-align=\"center\"><\/td><\/tr><tr><td><strong>MOINS DE 18 ANS MASCULIN <strong>1re DIV. TERRIT.<\/strong><\/strong><br>2me phase &#8211; Comp\u00e9tition g\u00e9r\u00e9e par la Ligue<\/td><td class=\"has-text-align-center\" data-align=\"center\"><a href=\"https:\/\/ffhandball-my.sharepoint.com\/:b:\/g\/personal\/6016000_ffhandball_net\/IQC0qDaMgWzZQpfPLDqjCuTdAXNQtu4nyE6wXaup06JwkmU?e=9D3ooG\" target=\"_blank\" rel=\"noopener\" title=\"\">.pdf<\/a><\/td><td class=\"has-text-align-center\" data-align=\"center\"><a href=\"https:\/\/www.ffhandball.fr\/competitions\/saison-2025-2026-21\/regional\/1ere-division-territoriale-u18-masculins-30025\/\" target=\"_blank\" rel=\"noopener\" title=\"\">www<\/a><\/td><td class=\"has-text-align-center\" data-align=\"center\"><\/td><\/tr><tr><td> <br>=&gt; Voir les <a href=\"https:\/\/hand16.com\/WP\/evenements\/\">\u00e9v\u00e9nements \u00ab\u00a0jeunes\u00a0\u00bb<\/a> <br>(Hand \u00e0 4, Hand des Dr\u00f4lesses, Hand des Dr\u00f4les&#8230;)<br><br>=&gt; Voir <a href=\"https:\/\/hand16.com\/WP\/agenda\/\">l&rsquo;agenda<\/a> avec tous les \u00e9v\u00e9nements<\/td><td class=\"has-text-align-center\" data-align=\"center\"><\/td><td class=\"has-text-align-center\" data-align=\"center\"><\/td><td class=\"has-text-align-center\" data-align=\"center\"><\/td><\/tr><\/tbody><\/table><\/figure>\n\n\n\n<hr class=\"wp-block-separator has-css-opacity\"\/>\n\n\n\n<h2 class=\"wp-block-heading\">COUPES CHARENTE : \u00e0 venir<\/h2>\n\n\n\n<p><a href=\"https:\/\/ffhandball-my.sharepoint.com\/:b:\/g\/personal\/6016000_ffhandball_net\/IQBawxGa623NRbJyiaZrhAPmAQ3tAcdAlAEeTy-rit7vmWw?e=JqHf7F\" target=\"_blank\" rel=\"noopener\" title=\"\">Calendriers \/ Tirages <\/a>(.pdf)<\/p>\n\n\n\n<figure class=\"wp-block-table is-style-stripes\"><table><tbody><tr><td>F\u00e9minine &#8211; Raymond Martial<\/td><td><a href=\"https:\/\/www.ffhandball.fr\/competitions\/saison-2025-2026-21\/departemental\/coupe-charente-feminine-29588\/\" target=\"_blank\" rel=\"noopener\" title=\"\">www<\/a><\/td><td><\/td><\/tr><tr><td>Masculine &#8211; Michel Brothier<\/td><td><a href=\"https:\/\/www.ffhandball.fr\/competitions\/saison-2025-2026-21\/departemental\/coupe-charente-masculine-29589\/\" target=\"_blank\" rel=\"noopener\" title=\"\">www<\/a><\/td><td><\/td><\/tr><tr><td>Moins de 18 ans F\u00e9minine<\/td><td><a href=\"https:\/\/www.ffhandball.fr\/competitions\/saison-2025-2026-21\/departemental\/coupe-charente-moins-de-18-ans-feminines-29591\/\" target=\"_blank\" rel=\"noopener\" title=\"\">www<\/a><\/td><td><\/td><\/tr><tr><td>Moins de 18 ans Masculine<\/td><td><a href=\"https:\/\/www.ffhandball.fr\/competitions\/saison-2025-2026-21\/departemental\/coupe-charente-moins-de-18-ans-masculins-29590\/\" target=\"_blank\" rel=\"noopener\" title=\"\">www<\/a><\/td><td><\/td><\/tr><tr><td>Moins de 15 ans F\u00e9minine<\/td><td><a href=\"https:\/\/www.ffhandball.fr\/competitions\/saison-2025-2026-21\/departemental\/coupe-charente-moins-de-15-ans-feminines-29593\/\" target=\"_blank\" rel=\"noopener\" title=\"\">www<\/a><\/td><td><\/td><\/tr><tr><td>Moins de 15 ans Masculine<\/td><td><a href=\"https:\/\/www.ffhandball.fr\/competitions\/saison-2025-2026-21\/departemental\/coupe-charente-moins-de-15-ans-masculins-29592\/\" target=\"_blank\" rel=\"noopener\" title=\"\">www<\/a><\/td><td><\/td><\/tr><tr><td>Moins de 13 ans F\u00e9minine<\/td><td><a href=\"https:\/\/www.ffhandball.fr\/competitions\/saison-2025-2026-21\/departemental\/coupe-charente-moins-de-13-ans-feminins-29595\/\" target=\"_blank\" rel=\"noopener\" title=\"\">www<\/a><\/td><td><\/td><\/tr><tr><td>Moins de 13 ans Masculine<\/td><td><a href=\"https:\/\/www.ffhandball.fr\/competitions\/saison-2025-2026-21\/departemental\/coupe-charente-moins-de-13-ans-masculins-29594\/\" target=\"_blank\" rel=\"noopener\" title=\"\">www<\/a><\/td><td><\/td><\/tr><\/tbody><\/table><\/figure>\n\n\n\n<hr class=\"wp-block-separator has-css-opacity\"\/>\n\n\n\n<figure class=\"wp-block-image size-large\"><a href=\"https:\/\/hand16.com\/WP\/journee-des-jeunes\/\"><img loading=\"lazy\" decoding=\"async\" width=\"1024\" height=\"341\" src=\"https:\/\/hand16.com\/WP\/wp-content\/uploads\/2026\/03\/bandeau-JDJ-1024x341.jpg\" alt=\"\" class=\"wp-image-3742\" srcset=\"https:\/\/hand16.com\/WP\/wp-content\/uploads\/2026\/03\/bandeau-JDJ-1024x341.jpg 1024w, https:\/\/hand16.com\/WP\/wp-content\/uploads\/2026\/03\/bandeau-JDJ-300x100.jpg 300w, https:\/\/hand16.com\/WP\/wp-content\/uploads\/2026\/03\/bandeau-JDJ-768x256.jpg 768w, https:\/\/hand16.com\/WP\/wp-content\/uploads\/2026\/03\/bandeau-JDJ-1536x512.jpg 1536w, https:\/\/hand16.com\/WP\/wp-content\/uploads\/2026\/03\/bandeau-JDJ-2048x683.jpg 2048w\" sizes=\"auto, (max-width: 1024px) 100vw, 1024px\" \/><\/a><\/figure>\n","protected":false},"excerpt":{"rendered":"<p>CALENDRIER GENERAL 12\/2025 AMPLITUDE D\u2019AGE 06\/2025 Voir la page \u00ab\u00a0R\u00e8glements\u00a0\u00bb (+ imprim\u00e9s surclassement et regroupement) Site FFHB&nbsp;(acc\u00e8s tout public aux comp\u00e9titions de la Charente) GESTHAND&nbsp;(connexion club) CHAMPIONNATS : Acc\u00e8s direct \u00e0 la comp\u00e9tition sur le site FFHB (Calendriers, r\u00e9sultats et classement) en cliquant sur 1RE DIVISION FEMININE .pdf www 15\/09\/25 1RE DIVISION MASCULINE &#8211; 2me [&hellip;]<\/p>\n","protected":false},"author":1,"featured_media":0,"parent":0,"menu_order":0,"comment_status":"closed","ping_status":"closed","template":"","meta":{"footnotes":""},"class_list":["post-81","page","type-page","status-publish","hentry"],"aioseo_notices":[],"_links":{"self":[{"href":"https:\/\/hand16.com\/WP\/wp-json\/wp\/v2\/pages\/81","targetHints":{"allow":["GET"]}}],"collection":[{"href":"https:\/\/hand16.com\/WP\/wp-json\/wp\/v2\/pages"}],"about":[{"href":"https:\/\/hand16.com\/WP\/wp-json\/wp\/v2\/types\/page"}],"author":[{"embeddable":true,"href":"https:\/\/hand16.com\/WP\/wp-json\/wp\/v2\/users\/1"}],"replies":[{"embeddable":true,"href":"https:\/\/hand16.com\/WP\/wp-json\/wp\/v2\/comments?post=81"}],"version-history":[{"count":112,"href":"https:\/\/hand16.com\/WP\/wp-json\/wp\/v2\/pages\/81\/revisions"}],"predecessor-version":[{"id":3762,"href":"https:\/\/hand16.com\/WP\/wp-json\/wp\/v2\/pages\/81\/revisions\/3762"}],"wp:attachment":[{"href":"https:\/\/hand16.com\/WP\/wp-json\/wp\/v2\/media?parent=81"}],"curies":[{"name":"wp","href":"https:\/\/api.w.org\/{rel}","templated":true}]}}