{"id":82,"date":"2021-09-13T11:48:58","date_gmt":"2021-09-13T09:48:58","guid":{"rendered":"http:\/\/hand16.com\/WP\/?page_id=82"},"modified":"2025-09-19T10:14:42","modified_gmt":"2025-09-19T08:14:42","slug":"reglements","status":"publish","type":"page","link":"https:\/\/hand16.com\/WP\/reglements\/","title":{"rendered":"R\u00e9glements"},"content":{"rendered":"\n<figure class=\"wp-block-table is-style-stripes\"><table><tbody><tr><td><a href=\"https:\/\/ffhandball-my.sharepoint.com\/:b:\/g\/personal\/6016000_ffhandball_net\/EaFfq4WwfuhPjTwWFW9HKcIBduM42xmWYRdmDTp33gaMDQ?e=EJNU0x\" target=\"_blank\" rel=\"noopener\" title=\"\">AMPLITUDE D&rsquo;AGE<\/a><\/td><td>06\/2025<\/td><\/tr><tr><td><a href=\"https:\/\/ffhandball-my.sharepoint.com\/:b:\/g\/personal\/6016000_ffhandball_net\/EfvPj2ddCmdGgY4Qe6v6sRsBt7q4nuriip42I9rUW6iaEw?e=uUK49U\" target=\"_blank\" rel=\"noopener\" title=\"\">R\u00e9gles et pr\u00e9conisations sportives <\/a>(.pdf)<br><a href=\"https:\/\/ffhandball-my.sharepoint.com\/:b:\/g\/personal\/6016000_ffhandball_net\/EQ3KY8gReGtNntIftn2RYVoBvg_SqsP8VS6RzF_6h7nhIA?e=dEyCQ5\" target=\"_blank\" rel=\"noopener\" title=\"\">M\u00e9mento technique 2025&#215;26<\/a> (.pdf)<br>&#8211; <a href=\"https:\/\/hand16.com\/WP\/9mx\/\" target=\"_blank\" rel=\"noopener\" title=\"\">Moins de 9 ans Mixte<\/a><br>&#8211; <a href=\"https:\/\/hand16.com\/WP\/11fg\/\" target=\"_blank\" rel=\"noopener\" title=\"\">Moins de 11 ans<\/a><br>&#8211; <a href=\"https:\/\/hand16.com\/WP\/13fg\/\" target=\"_blank\" rel=\"noopener\" title=\"\">Moins de 13 ans<\/a><br>&#8211; <a href=\"https:\/\/hand16.com\/WP\/15fg\/\" target=\"_blank\" rel=\"noopener\" title=\"\">Moins de 15 ans<\/a><br>&#8211; <a href=\"https:\/\/hand16.com\/WP\/?page_id=2652\" target=\"_blank\" rel=\"noopener\" title=\"\">Moins de 15 ans Interd\u00e9p.<\/a><br>&#8211; <a href=\"https:\/\/hand16.com\/WP\/18fg\/\" target=\"_blank\" rel=\"noopener\" title=\"\">Moins de 18 ans<\/a><br>&#8211; <a href=\"https:\/\/hand16.com\/WP\/18fgid\/\" target=\"_blank\" rel=\"noopener\" title=\"\">Moins de 18 ans Interd\u00e9p.<\/a><br>&#8211; <a href=\"https:\/\/hand16.com\/WP\/seniors\/\" target=\"_blank\" rel=\"noopener\" title=\"\">S\u00e9niors<\/a><br>&#8211; <a href=\"https:\/\/hand16.com\/WP\/ccj\/\" target=\"_blank\" rel=\"noopener\" title=\"\">Coupes Jeunes<\/a><br>&#8211; <a href=\"https:\/\/hand16.com\/WP\/ccs\/\" target=\"_blank\" rel=\"noopener\" title=\"\">Coupes Seniors<\/a><\/td><td>09\/2025<br><br><br><br><br><br><br><br><br><br><\/td><\/tr><tr><td><a href=\"https:\/\/ffhandball-my.sharepoint.com\/:b:\/g\/personal\/6016000_ffhandball_net\/EegtBMwtJQBNu_BTde4pjz8BoTNlQbnd786e-TSdN0Qedg?e=gxV9ua\" target=\"_blank\" rel=\"noopener\" title=\"\">Formulaire de surclassements<\/a><\/td><td>06\/2025<\/td><\/tr><tr><td><a href=\"https:\/\/ffhandball-my.sharepoint.com\/:b:\/g\/personal\/6016000_ffhandball_net\/ESNRJL87CjNMsnMpiDW-UZYB_lV7R0T4sTtQRbPlOeqxGg?e=afXLbR\" target=\"_blank\" rel=\"noopener\" title=\"\">Formulaire de rapprochements d&rsquo;\u00e9quipe<\/a><br>+ <a href=\"https:\/\/ffhandball-my.sharepoint.com\/:b:\/g\/personal\/6016000_ffhandball_net\/EQt8f-7jgLZHuokXZTIqqKABSEVgylwHgJeSzo8bs7PqQw?e=bBSnS1\" target=\"_blank\" rel=\"noopener\" title=\"\">Bilan rapprochement \u00e9quipe N-1<\/a><\/td><td>06\/2025<\/td><\/tr><tr><td><a href=\"http:\/\/www.hand16.com\/pdf\/R HAND a 4 2022-23.pdf\" target=\"_blank\" rel=\"noopener\">R\u00e8glements Hand \u00e0 4 <\/a><\/td><td>2022-23<\/td><\/tr><tr><td><a href=\"http:\/\/www.hand16.com\/pdf\/L-hand-a-4.pdf\" target=\"_blank\" rel=\"noopener\">Livret Hand \u00e0 4 FFHB<\/a><\/td><td>09\/2022<\/td><\/tr><tr><td><\/td><td><\/td><\/tr><tr><td><a href=\"https:\/\/hand16.com\/WP\/calendriers\/\">Voir la page des calendriers<\/a><\/td><td><\/td><\/tr><\/tbody><\/table><\/figure>\n\n\n\n<p><\/p>\n","protected":false},"excerpt":{"rendered":"<p>AMPLITUDE D&rsquo;AGE 06\/2025 R\u00e9gles et pr\u00e9conisations sportives (.pdf)M\u00e9mento technique 2025&#215;26 (.pdf)&#8211; Moins de 9 ans Mixte&#8211; Moins de 11 ans&#8211; Moins de 13 ans&#8211; Moins de 15 ans&#8211; Moins de 15 ans Interd\u00e9p.&#8211; Moins de 18 ans&#8211; Moins de 18 ans Interd\u00e9p.&#8211; S\u00e9niors&#8211; Coupes Jeunes&#8211; Coupes Seniors 09\/2025 Formulaire de surclassements 06\/2025 Formulaire de rapprochements [&hellip;]<\/p>\n","protected":false},"author":1,"featured_media":0,"parent":0,"menu_order":0,"comment_status":"closed","ping_status":"closed","template":"","meta":{"footnotes":""},"class_list":["post-82","page","type-page","status-publish","hentry"],"aioseo_notices":[],"_links":{"self":[{"href":"https:\/\/hand16.com\/WP\/wp-json\/wp\/v2\/pages\/82","targetHints":{"allow":["GET"]}}],"collection":[{"href":"https:\/\/hand16.com\/WP\/wp-json\/wp\/v2\/pages"}],"about":[{"href":"https:\/\/hand16.com\/WP\/wp-json\/wp\/v2\/types\/page"}],"author":[{"embeddable":true,"href":"https:\/\/hand16.com\/WP\/wp-json\/wp\/v2\/users\/1"}],"replies":[{"embeddable":true,"href":"https:\/\/hand16.com\/WP\/wp-json\/wp\/v2\/comments?post=82"}],"version-history":[{"count":24,"href":"https:\/\/hand16.com\/WP\/wp-json\/wp\/v2\/pages\/82\/revisions"}],"predecessor-version":[{"id":3505,"href":"https:\/\/hand16.com\/WP\/wp-json\/wp\/v2\/pages\/82\/revisions\/3505"}],"wp:attachment":[{"href":"https:\/\/hand16.com\/WP\/wp-json\/wp\/v2\/media?parent=82"}],"curies":[{"name":"wp","href":"https:\/\/api.w.org\/{rel}","templated":true}]}}