{"id":83,"date":"2021-09-13T11:48:58","date_gmt":"2021-09-13T09:48:58","guid":{"rendered":"http:\/\/hand16.com\/WP\/?page_id=83"},"modified":"2026-03-17T10:29:51","modified_gmt":"2026-03-17T09:29:51","slug":"evenements","status":"publish","type":"page","link":"https:\/\/hand16.com\/WP\/evenements\/","title":{"rendered":"Ev\u00e9nements"},"content":{"rendered":"\n<p class=\"has-vivid-green-cyan-color has-text-color has-link-color wp-elements-7770d1e7efcab7a0a75afd0b5c6cb79f\"><strong>N&rsquo;h\u00e9sitez pas \u00e0 visiter r\u00e9guli\u00e8rement cette page pour suivre l&rsquo;actualit\u00e9 des \u00e9v\u00e9nements \u00e0 venir.<\/strong><\/p>\n\n\n\n<p>Ouvert aux licenci\u00e9s et non licenci\u00e9s, n\u00e9s entre 2015 et 2018 (cat\u00e9gorie -9 et-11 ans)<br>Et toujours le carnet avec les stickers \u00e0 collectionner (avec un cadeau pour 4 participations)<\/p>\n\n\n\n<figure class=\"wp-block-table is-style-stripes\"><table><tbody><tr><td><strong>Prochain \u00e9v\u00e9nement :<\/strong> <br><a href=\"https:\/\/hand16.com\/WP\/hand-droles-ses-mars\/\" title=\"\">Hand des Dr\u00f4lesses, samedi 28 mars \u00e0 Chalais<br>Hand des Dr\u00f4les, dimanche 29 mars \u00e0 Barbezieux<\/a><br><br><strong>&amp; <\/strong><a href=\"https:\/\/hand16.com\/WP\/journee-des-jeunes\/\" title=\"\"><strong>Journ\u00e9e des Jeunes : Dim. 24 mai 2026<\/strong> <strong>\u00e0 Fl\u00e9ac<\/strong><\/a><\/td><\/tr><\/tbody><\/table><\/figure>\n\n\n\n<figure class=\"wp-block-image size-large\"><a href=\"https:\/\/hand16.com\/WP\/journee-des-jeunes\/\"><img loading=\"lazy\" decoding=\"async\" width=\"1024\" height=\"341\" src=\"https:\/\/hand16.com\/WP\/wp-content\/uploads\/2026\/03\/bandeau-JDJ-1024x341.jpg\" alt=\"\" class=\"wp-image-3742\" srcset=\"https:\/\/hand16.com\/WP\/wp-content\/uploads\/2026\/03\/bandeau-JDJ-1024x341.jpg 1024w, https:\/\/hand16.com\/WP\/wp-content\/uploads\/2026\/03\/bandeau-JDJ-300x100.jpg 300w, https:\/\/hand16.com\/WP\/wp-content\/uploads\/2026\/03\/bandeau-JDJ-768x256.jpg 768w, https:\/\/hand16.com\/WP\/wp-content\/uploads\/2026\/03\/bandeau-JDJ-1536x512.jpg 1536w, https:\/\/hand16.com\/WP\/wp-content\/uploads\/2026\/03\/bandeau-JDJ-2048x683.jpg 2048w\" sizes=\"auto, (max-width: 1024px) 100vw, 1024px\" \/><\/a><\/figure>\n\n\n\n<hr class=\"wp-block-separator has-css-opacity\"\/>\n\n\n\n<p><a href=\"https:\/\/hand16.com\/pdf\/ORGANISATION HD DHSSES.pdf\" target=\"_blank\" rel=\"noopener\" title=\"\">Cahier des charges Hand des Dr\u00f4les\/ses<\/a> (.pdf)<\/p>\n\n\n\n<p><strong>Les \u00e9venements pass\u00e9s :<\/strong><\/p>\n\n\n\n<figure class=\"wp-block-table is-style-stripes\"><table class=\"has-fixed-layout\"><tbody><tr><td><strong>Saison 2025 x 2026 :<\/strong><br><a href=\"https:\/\/hand16.com\/WP\/hand-special-noel\/\" title=\"\">HAND \u00ab\u00a0SPECIAL NOEL\u00a0\u00bb 13\/12\/2025 &#8211; 9 ans \u00e0 Montbron et -11 ans \u00e0 Aigre<\/a><br><a href=\"https:\/\/hand16.com\/WP\/hand-des-droles-et-drolesses-22-11\/\" title=\"\"><strong>HAND DES DR\u00d4LES :<\/strong><\/a> 22\/11\/2025 (2 lieux g\u00e9o. par cat.)<br><a href=\"https:\/\/hand16.com\/WP\/hand-des-droles-drolesses\/\" title=\"\"><strong>HAND DES DR\u00d4LES : 18\/10\/2025<\/strong><\/a> (2 lieux g\u00e9o. par cat.)<br><strong><a href=\"https:\/\/hand16.com\/WP\/27-sept-hd\/\" title=\"\">Hand des Dr\u00f4les et Dr\u00f4lesses, samedi 27 sept. \u00e0 l&rsquo;Isle d&rsquo;Espagnac (Cifop)<\/a><\/strong><\/td><\/tr><\/tbody><\/table><\/figure>\n\n\n\n<figure class=\"wp-block-table is-style-stripes\"><table><tbody><tr><td><strong>Saison 2024 x 2025 :<\/strong><br>Samedi 19 avril, Hand des Dr\u00f4les \u00e0 Confolens<br>Dimanche 20 avril, Hand des Dr\u00f4lesses \u00e0 Mornac<br>Hand Dr\u00f4les\/ses \u00ab\u00a0Sp\u00e9cial No\u00ebl\u00a0\u00bb Samedi 14 d\u00e9cembre \u00e0 Villebois, pour les -9 ans F &amp; G<br>Hand Dr\u00f4les\/ses \u00ab\u00a0Sp\u00e9cial No\u00ebl\u00a0\u00bb Dimanche 15 d\u00e9cembre \u00e0 Gond-Pontouvre, pour les -11 ans F &amp; G<br>Hand des Dr\u00f4les et des Dr\u00f4lesses Samedi 16 novembre \u00e0 AIGRE<br>Hand des Dr\u00f4les, samedi 12 octobre \u00e0 ROULLET<br>Hand des Dr\u00f4lesses, dimanche 13 octobre \u00e0 COGNAC<br>Hand des Dr\u00f4les et des Dr\u00f4lesses : Samedi 21 septembre \u00e0 l&rsquo;Isle d&rsquo;Espagnac<br>07\/09\/2024 : Hand \u00e0 4 (-11 et -13 ans) \u00e0 Villebois<br>14\/09\/2024 : Hand \u00e0 4 (-11 et -13 ans) \u00e0 Roullet<\/td><\/tr><\/tbody><\/table><\/figure>\n\n\n\n<figure class=\"wp-block-table is-style-stripes\"><table><tbody><tr><td><strong>Saison 2023 x 2024 :<\/strong><br>Dimanche 16 juin 2024 : Journ\u00e9e des Jeunes \u00e0 Magnac-sur-Touvre \/ Annul\u00e9e<br>23\/03\/2024 Hand des <strong>Dr\u00f4les =&gt; Samedi,<\/strong> Villebois<br>24\/03\/2024 Hand des <strong>Dr\u00f4lesses =&gt; Dimanche, <\/strong>Cognac<br>28\/01\/2024 Hand des <strong>Dr\u00f4les =&gt; Dimanche<\/strong> matin, \u00e0 Villebois<br>28\/01\/2024 Hand des <strong>Dr\u00f4lesses =&gt; Samedi<\/strong> apr\u00e8s-midi, \u00e0 Ch\u00e2teauneuf<br>25\/11\/2023 Hand des <strong>Dr\u00f4les =&gt; Samedi,<\/strong> Confolens<br>26\/11\/2023 Hand des <strong>Dr\u00f4lesses =&gt; Dimanche, <\/strong>St Yrieix<br>14\/10\/2023 Hand des <strong>Dr\u00f4lesses =&gt; Samedi<\/strong>, Montbron<br>15\/10\/2023 Hand des <strong>Dr\u00f4les =&gt; Dimanche<\/strong>, Mornac<br>23\/09\/2023 Hand des <strong>Dr\u00f4lesses =&gt; Samedi<\/strong>, Aigre<br>24\/09\/2023 Hand des <strong>Dr\u00f4les =&gt; Dimanche<\/strong>, La Rochefoucauld<\/td><\/tr><\/tbody><\/table><\/figure>\n\n\n\n<figure class=\"wp-block-table is-style-stripes\"><table><tbody><tr><td><strong>Saison 2022 x 2023 :<\/strong><br>Tournoi Hand des Dr\u00f4lesses \u00e0 Cognac, le samedi 1er avril 2023<br>Tournoi Hand des Dr\u00f4les \u00e0 Montbron, le samedi 1er avril 2023<br>Tournoi des \u00ab&nbsp;Handr\u00f4les&nbsp;\u00bb \u00e0 Confolens, samedi 25 F\u00e9vrier 2023<br>Tournoi des <strong>\u00ab&nbsp;<\/strong>Handr\u00f4lesses&nbsp;\u00bb \u00e0 Ch\u00e2teauneuf, dimanche 26 F\u00e9vrier 2023<br>Tournoi desHandr\u00f4lesses samedi 12 novembre \u00e0 Roullet<br>Tournoi des Handr\u00f4les samedi 12 novembre \u00e0 La Rochefoucauld&nbsp;<br>Hand Dr\u00f4lesses samedi 24 septembre 2022 \u00e0 Angoul\u00eame<br>Hand Dr\u00f4les samedi 24 septembre 2022 \u00e0 Gond-Pontouvre<br>Hand \u00e0 4 \/ -11 -13, le 10\/09\/2022 \u00e0 Montbron<br>Hand \u00e0 4 \/ -11 -13, le 11\/09\/2022 \u00e0 Roullet<\/td><\/tr><\/tbody><\/table><\/figure>\n\n\n\n<figure class=\"wp-block-table is-style-stripes\"><table><tbody><tr><td><strong>Saison 2021 x 2022 : <\/strong><br>Hand \u00e0 4, le 11 juin \u00e0 Cognac<br>HandN\u00e9nettes, le 14 mai \u00e0 Mornac<br>HandN\u00e9nettes, le 16 avril \u00e0 Montbron (annul\u00e9)<br>Mini Handball Tour Charente, le 27 mars \u00e0 Villebois<\/td><\/tr><\/tbody><\/table><\/figure>\n","protected":false},"excerpt":{"rendered":"<p>N&rsquo;h\u00e9sitez pas \u00e0 visiter r\u00e9guli\u00e8rement cette page pour suivre l&rsquo;actualit\u00e9 des \u00e9v\u00e9nements \u00e0 venir. Ouvert aux licenci\u00e9s et non licenci\u00e9s, n\u00e9s entre 2015 et 2018 (cat\u00e9gorie -9 et-11 ans)Et toujours le carnet avec les stickers \u00e0 collectionner (avec un cadeau pour 4 participations) Prochain \u00e9v\u00e9nement : Hand des Dr\u00f4lesses, samedi 28 mars \u00e0 ChalaisHand des [&hellip;]<\/p>\n","protected":false},"author":1,"featured_media":0,"parent":0,"menu_order":0,"comment_status":"closed","ping_status":"closed","template":"","meta":{"footnotes":""},"class_list":["post-83","page","type-page","status-publish","hentry"],"aioseo_notices":[],"_links":{"self":[{"href":"https:\/\/hand16.com\/WP\/wp-json\/wp\/v2\/pages\/83","targetHints":{"allow":["GET"]}}],"collection":[{"href":"https:\/\/hand16.com\/WP\/wp-json\/wp\/v2\/pages"}],"about":[{"href":"https:\/\/hand16.com\/WP\/wp-json\/wp\/v2\/types\/page"}],"author":[{"embeddable":true,"href":"https:\/\/hand16.com\/WP\/wp-json\/wp\/v2\/users\/1"}],"replies":[{"embeddable":true,"href":"https:\/\/hand16.com\/WP\/wp-json\/wp\/v2\/comments?post=83"}],"version-history":[{"count":69,"href":"https:\/\/hand16.com\/WP\/wp-json\/wp\/v2\/pages\/83\/revisions"}],"predecessor-version":[{"id":3751,"href":"https:\/\/hand16.com\/WP\/wp-json\/wp\/v2\/pages\/83\/revisions\/3751"}],"wp:attachment":[{"href":"https:\/\/hand16.com\/WP\/wp-json\/wp\/v2\/media?parent=83"}],"curies":[{"name":"wp","href":"https:\/\/api.w.org\/{rel}","templated":true}]}}