{"id":84,"date":"2021-09-13T11:48:58","date_gmt":"2021-09-13T09:48:58","guid":{"rendered":"http:\/\/hand16.com\/WP\/?page_id=84"},"modified":"2025-10-13T11:40:42","modified_gmt":"2025-10-13T09:40:42","slug":"ca","status":"publish","type":"page","link":"https:\/\/hand16.com\/WP\/ca\/","title":{"rendered":"Conseil d&rsquo;Administration :"},"content":{"rendered":"\n<p class=\"has-text-align-right has-large-font-size\"><a href=\"https:\/\/hand16.com\/WP\/espace-de-partage\/\" target=\"_blank\" rel=\"noopener\" title=\"\"><img loading=\"lazy\" decoding=\"async\" width=\"40\" height=\"41\" class=\"wp-image-2689\" style=\"width: 40px;\" src=\"https:\/\/hand16.com\/WP\/wp-content\/uploads\/2024\/07\/Sans-titre-1.png\" alt=\"\" srcset=\"https:\/\/hand16.com\/WP\/wp-content\/uploads\/2024\/07\/Sans-titre-1.png 332w, https:\/\/hand16.com\/WP\/wp-content\/uploads\/2024\/07\/Sans-titre-1-293x300.png 293w, https:\/\/hand16.com\/WP\/wp-content\/uploads\/2024\/07\/Sans-titre-1-150x150.png 150w\" sizes=\"auto, (max-width: 40px) 100vw, 40px\" \/><\/a><strong> <\/strong><\/p>\n\n\n\n<p class=\"has-large-font-size\"><strong>Bureau Directeur :<\/strong><\/p>\n\n\n\n<figure class=\"wp-block-table is-style-stripes\"><table><tbody><tr><td><strong>BOTTELEAU Ren\u00e9<\/strong><br><em>Pr\u00e9sident<\/em><\/td><td>Port.&nbsp;: 06.32.78.10.88<br>@&nbsp;: 6016000.president@ffhandball.net<\/td><\/tr><tr><td><strong>SAUNIER Fabien<\/strong><br><em>Vice-Pr\u00e9sident<\/em><\/td><td>Port. : 06.50.88.94.22<br>@ : saunier.fabien@gmail.com<\/td><\/tr><tr><td><strong>CHALEIX Elizabeth<\/strong><br><em>Secr\u00e9taire G\u00e9n\u00e9rale<\/em><\/td><td>Port. : 06.12.64.75.01<br>@ : 6016000.sec-gen@ffhandball.net<\/td><\/tr><tr><td><strong>NORMAND Nathalie<\/strong><br><em>Tr\u00e9sori\u00e8re<\/em><\/td><td>Port.: 07.68.46.59.02<br>@&nbsp;: 6016000.tres@ffhandball.net<\/td><\/tr><\/tbody><\/table><\/figure>\n\n\n\n<hr class=\"wp-block-separator has-css-opacity\"\/>\n\n\n\n<h1 class=\"wp-block-heading\"><strong>Les autres membres : <\/strong><\/h1>\n\n\n\n<figure class=\"wp-block-table is-style-stripes\"><table><tbody><tr><td>BENSAAD Fethy<br><em>Pr\u00e9sident Commission M\u00e9dicale<\/em><\/td><td>@ : fethybensaad@orange.fr<\/td><\/tr><tr><td>CHAPOUX Magali<\/td><td>Port. : 06.60.80.12.41<br>@ : dadoumag@wanadoo.fr<\/td><\/tr><tr><td>CHEMINADE Jean<\/td><td>Port. : 06.79.40.68.33<br>@ : paul.cheminade@orange.fr<\/td><\/tr><tr><td>FAURE St\u00e9phane<br><em>Pr\u00e9sident C.O.C<\/em><\/td><td>Port.&nbsp;: 06.25.54.17.95<br>@&nbsp;: stephanefaure@myddleware.com<\/td><\/tr><tr><td>FIDEL Jean<\/td><td>Port.&nbsp;: 06.87.34.57.18<br>@&nbsp;: jean.fidel@sfr.fr&nbsp;<\/td><\/tr><tr><td>GAUDARD Alain<br><\/td><td>Port.&nbsp;: 06.80.08.03.30<br>@&nbsp;: alain.gaudard.handball16@gmail.com<\/td><\/tr><tr><td>GAUTHIER Alain<br><em>Vice-Pr\u00e9sident Sous-Commission Discipline<\/em><\/td><td>Port.&nbsp;: 07.89.01.53.98<br>@&nbsp;: gauthier16.alain@wanadoo.fr&nbsp;&nbsp;<\/td><\/tr><tr><td>MAMER Laurent<\/td><td>Port. : 06.10.81.53.55<br>@ : laurent.mamer13@gmail.com<\/td><\/tr><tr><td>LIVERT Christophe<\/td><td>Port.&nbsp;: 06.30.74.30.39<br>@&nbsp;: christophe.livert@wanadoo.fr<\/td><\/tr><tr><td>LOU\u00c9-GAUCHER Julie<br><em>Pr\u00e9sidente Com. D\u00e9velop.<\/em><\/td><td>Port. :<br>@ : julielouegaucher@gmail.com<\/td><\/tr><tr><td>PAQUET \u00c9ric<br><em>Pr\u00e9sident Com. D\u00e9p. Arb.<\/em><\/td><td>Port. : 0601370758<br>@ : ericetlili16@gmail.com<\/td><\/tr><tr><td>PRINCE Genevi\u00e8ve<\/td><td>Port.&nbsp;: 06.37.29.02.00<br>@&nbsp;: gprince16@gmail.com<\/td><\/tr><tr><td>RAGUENAUD Jean-Luc<\/td><td>Port.&nbsp;: 06.03.48.14.54<br>@&nbsp;: jlraguenaud@orange.fr<\/td><\/tr><tr><td>RODRIGUES Sylvie<\/td><td>Port. : 06.83.26.46.31<br>@ : sylrodri@yahoo.fr<\/td><\/tr><tr><td>TRUFFLANDIER Lo\u00efc<\/td><td>Port. : 07.68.26.00.67<br>@ : tps16600@hotmail.com<\/td><\/tr><tr><td>WENTZINGER Morgane<\/td><td>Port.&nbsp;: 06.60.57.39.72<br>@&nbsp;: morganewzr@gmail.com<\/td><\/tr><\/tbody><\/table><\/figure>\n\n\n\n<hr class=\"wp-block-separator has-alpha-channel-opacity\"\/>\n\n\n\n<h1 class=\"wp-block-heading\"><a href=\"https:\/\/hand16.com\/WP\/commissions\/\" title=\"\">Voir les Commissions<\/a><\/h1>\n","protected":false},"excerpt":{"rendered":"<p>Bureau Directeur : BOTTELEAU Ren\u00e9Pr\u00e9sident Port.&nbsp;: 06.32.78.10.88@&nbsp;: 6016000.president@ffhandball.net SAUNIER FabienVice-Pr\u00e9sident Port. : 06.50.88.94.22@ : saunier.fabien@gmail.com CHALEIX ElizabethSecr\u00e9taire G\u00e9n\u00e9rale Port. : 06.12.64.75.01@ : 6016000.sec-gen@ffhandball.net NORMAND NathalieTr\u00e9sori\u00e8re Port.: 07.68.46.59.02@&nbsp;: 6016000.tres@ffhandball.net Les autres membres : BENSAAD FethyPr\u00e9sident Commission M\u00e9dicale @ : fethybensaad@orange.fr CHAPOUX Magali Port. : 06.60.80.12.41@ : dadoumag@wanadoo.fr CHEMINADE Jean Port. : 06.79.40.68.33@ : paul.cheminade@orange.fr FAURE St\u00e9phanePr\u00e9sident [&hellip;]<\/p>\n","protected":false},"author":1,"featured_media":2807,"parent":0,"menu_order":0,"comment_status":"closed","ping_status":"closed","template":"","meta":{"footnotes":""},"class_list":["post-84","page","type-page","status-publish","has-post-thumbnail","hentry"],"aioseo_notices":[],"_links":{"self":[{"href":"https:\/\/hand16.com\/WP\/wp-json\/wp\/v2\/pages\/84","targetHints":{"allow":["GET"]}}],"collection":[{"href":"https:\/\/hand16.com\/WP\/wp-json\/wp\/v2\/pages"}],"about":[{"href":"https:\/\/hand16.com\/WP\/wp-json\/wp\/v2\/types\/page"}],"author":[{"embeddable":true,"href":"https:\/\/hand16.com\/WP\/wp-json\/wp\/v2\/users\/1"}],"replies":[{"embeddable":true,"href":"https:\/\/hand16.com\/WP\/wp-json\/wp\/v2\/comments?post=84"}],"version-history":[{"count":24,"href":"https:\/\/hand16.com\/WP\/wp-json\/wp\/v2\/pages\/84\/revisions"}],"predecessor-version":[{"id":3591,"href":"https:\/\/hand16.com\/WP\/wp-json\/wp\/v2\/pages\/84\/revisions\/3591"}],"wp:featuredmedia":[{"embeddable":true,"href":"https:\/\/hand16.com\/WP\/wp-json\/wp\/v2\/media\/2807"}],"wp:attachment":[{"href":"https:\/\/hand16.com\/WP\/wp-json\/wp\/v2\/media?parent=84"}],"curies":[{"name":"wp","href":"https:\/\/api.w.org\/{rel}","templated":true}]}}