{"id":85,"date":"2021-09-13T11:48:58","date_gmt":"2021-09-13T09:48:58","guid":{"rendered":"http:\/\/hand16.com\/WP\/?page_id=85"},"modified":"2025-11-27T15:37:29","modified_gmt":"2025-11-27T14:37:29","slug":"commissions","status":"publish","type":"page","link":"https:\/\/hand16.com\/WP\/commissions\/","title":{"rendered":"Commissions"},"content":{"rendered":"\n<h2 class=\"wp-block-heading\">Organisations des Comp\u00e9titions :<\/h2>\n\n\n\n<figure class=\"wp-block-table is-style-stripes\"><table><tbody><tr><td>FAURE St\u00e9phane<br><em>Pr\u00e9sident<\/em><\/td><\/tr><tr><td>CHEMINADE Jean-Denis<br>LOU\u00c9 Julie<br>MAMER Laurent<br>SAUNIER Fabien<br>TRUFFLANDIER Lo\u00efc<br>GAUDARD Alain<\/td><\/tr><tr><td><strong><em>Visiter la page \u00ab\u00a0<a href=\"https:\/\/hand16.com\/WP\/evenements\/\" target=\"_blank\" rel=\"noreferrer noopener\">Ev\u00e9nements<\/a>\u00a0\u00bb &#8211; \u00ab\u00a0<a href=\"https:\/\/hand16.com\/WP\/calendriers\/\" target=\"_blank\" rel=\"noreferrer noopener\">Calendriers<\/a>\u00a0\u00bb &#8211; \u00ab\u00a0<a href=\"https:\/\/hand16.com\/WP\/reglements\/\" target=\"_blank\" rel=\"noreferrer noopener\">R\u00e9glements<\/a><\/em><\/strong>\u00a0\u00bb      <\/td><\/tr><\/tbody><\/table><\/figure>\n\n\n\n<h2 class=\"wp-block-heading\">Arbitrage :<\/h2>\n\n\n\n<figure class=\"wp-block-table is-style-stripes\"><table><tbody><tr><td>PAQUET \u00c9ric<br><em>Pr\u00e9sident<\/em><\/td><\/tr><tr><td>RAGUENAUD Jean-Luc<br>LIVERT Christophe<br>FIDEL Jean<br><br>Sous-Commission JA :<br>CHALEIX Elizabeth<br>LOU\u00c9 Julie<\/td><\/tr><tr><td><strong><em>Visiter la page \u00ab\u00a0<a href=\"https:\/\/hand16.com\/WP\/arbitres\/\">Formation Arbitres<\/a><\/em><\/strong>\u00a0\u00bb  <\/td><\/tr><\/tbody><\/table><\/figure>\n\n\n\n<h2 class=\"wp-block-heading\">Technique :<\/h2>\n\n\n\n<figure class=\"wp-block-table is-style-stripes\"><table><tbody><tr><td>RODRIGUES Sylvie<br><em>Pr\u00e9sident<\/em>e<\/td><\/tr><tr><td><\/td><\/tr><tr><td><strong><em>Visiter la page \u00ab\u00a0<a href=\"https:\/\/hand16.com\/WP\/joueuses-joueurs\/\">Formation joueur\/se &amp;<\/a><a href=\"https:\/\/hand16.com\/WP\/joueuses-joueurs\/\" target=\"_blank\" rel=\"noreferrer noopener\"> <\/a><a href=\"https:\/\/hand16.com\/WP\/joueuses-joueurs\/\">GB<\/a>\u00a0\u00bb &#8211; \u00ab\u00a0<a href=\"https:\/\/hand16.com\/WP\/entraineurs\/\" target=\"_blank\" rel=\"noreferrer noopener\">Formation entra\u00eeneurs<\/a><\/em><\/strong>\u00a0\u00bb  <\/td><\/tr><\/tbody><\/table><\/figure>\n\n\n\n<h2 class=\"wp-block-heading\">Discipline :<\/h2>\n\n\n\n<figure class=\"wp-block-table is-style-stripes\"><table><tbody><tr><td>Alain GAUTHIER (Ind\u00e9pendant))<br><em>Vice-Pr\u00e9sident<\/em><\/td><\/tr><tr><td>BOIVIN ALAIN (Ind\u00e9pendant)<br>BOURIN ANNE-MARIE (Ind\u00e9pendante)<br>CHAUMARIN CHRISTOPHE (MANSLE CCHB)<br>MAPPAS MICKAEL (BARBEZIEUX)<br>PRINCE GENEVIEVE (ETeC)<br>RAGUENAUD JEAN-LUC (Ind\u00e9pendant)<br>ROBIN GUY (HB PAYS D\u2019AIGRE)<br>TRUFFLANDIER Lo\u00efc (GOND-PONTOUVRE)<br>WENTZINGER MORGANE (MONTBRON)<\/td><\/tr><tr><td><strong><em>Visiter la page \u00ab\u00a0<a href=\"https:\/\/hand16.com\/WP\/discipline\/\" title=\"\">Discipline<\/a><\/em><\/strong>\u00ab\u00a0<\/td><\/tr><\/tbody><\/table><\/figure>\n\n\n\n<h2 class=\"wp-block-heading\">Lutte contre les violences\/incivilit\u00e9s<\/h2>\n\n\n\n<figure class=\"wp-block-table is-style-stripes\"><table><tbody><tr><td><br><em>Pr\u00e9sident<\/em><\/td><\/tr><tr><td>PAQUET \u00c9ric<br>LOU\u00c9 Julie<br>RAGUENAUD Jean-Luc<\/td><\/tr><\/tbody><\/table><\/figure>\n\n\n\n<h2 class=\"wp-block-heading\">Status &amp; R\u00e9glements :<\/h2>\n\n\n\n<figure class=\"wp-block-table is-style-stripes\"><table><tbody><tr><td><br><em>Pr\u00e9sident<\/em><\/td><\/tr><tr><td><em><strong>Sous-Commission CMCD<\/strong><\/em><br>CHALEIX Elizabeth<\/td><\/tr><tr><td><strong><em>Sous-Commission Equipements<\/em><\/strong><br>RAGUENAUD Jean-Luc<\/td><\/tr><tr><td><strong><em>Sous-Commission Qualifications<\/em><\/strong><br>CHALEIX Elizabeth<br><\/td><\/tr><tr><td><strong><em>Retrouver les statuts et RI du Comit\u00e9 sur la page \u00ab\u00a0<a href=\"https:\/\/hand16.com\/WP\/documents\/\" target=\"_blank\" rel=\"noreferrer noopener\">Documents<\/a><\/em><\/strong>\u00a0\u00bb  <\/td><\/tr><\/tbody><\/table><\/figure>\n\n\n\n<h2 class=\"wp-block-heading\">Finances :<\/h2>\n\n\n\n<figure class=\"wp-block-table is-style-stripes\"><table><tbody><tr><td>NORMAND Nathalie<br><em>Pr\u00e9sidente<\/em><\/td><\/tr><tr><td>BOTTELEAU Ren\u00e9<br>CHALEIX Elizabeth<br>SAUNIER Fabien<br>GAUDARD Alain<\/td><\/tr><\/tbody><\/table><\/figure>\n\n\n\n<h2 class=\"wp-block-heading\">D\u00e9veloppement, Promotion &amp; Communication :<\/h2>\n\n\n\n<figure class=\"wp-block-table is-style-stripes\"><table><tbody><tr><td>LOU\u00c9-GAUCHER Julie<br><em>Pr\u00e9sidente<\/em><\/td><\/tr><tr><td>CHEMINADE Jean-Denis<br>RODRIGUES Sylvie<br><\/td><\/tr><tr><td><strong><em>Visiter la page \u00ab\u00a0<a rel=\"noreferrer noopener\" href=\"https:\/\/hand16.com\/WP\/evenements\/\" target=\"_blank\">Ev\u00e9nements<\/a>\u00a0\u00bb <\/em><\/strong><\/td><\/tr><\/tbody><\/table><\/figure>\n\n\n\n<h2 class=\"wp-block-heading\">M\u00e9dical :<\/h2>\n\n\n\n<figure class=\"wp-block-table is-style-stripes\"><table><tbody><tr><td>BENSAAD Fethy<\/td><\/tr><\/tbody><\/table><\/figure>\n\n\n\n<h2 class=\"wp-block-heading\">Les Salari\u00e9s :<\/h2>\n\n\n\n<p>GARCIA Sonia<br>GAMBIER Julien<br>MEHDAOUI Benjamin<\/p>\n\n\n\n<hr class=\"wp-block-separator has-css-opacity\"\/>\n\n\n\n<p><\/p>\n","protected":false},"excerpt":{"rendered":"<p>Organisations des Comp\u00e9titions : FAURE St\u00e9phanePr\u00e9sident CHEMINADE Jean-DenisLOU\u00c9 JulieMAMER LaurentSAUNIER FabienTRUFFLANDIER Lo\u00efcGAUDARD Alain Visiter la page \u00ab\u00a0Ev\u00e9nements\u00a0\u00bb &#8211; \u00ab\u00a0Calendriers\u00a0\u00bb &#8211; \u00ab\u00a0R\u00e9glements\u00a0\u00bb Arbitrage : PAQUET \u00c9ricPr\u00e9sident RAGUENAUD Jean-LucLIVERT ChristopheFIDEL Jean Sous-Commission JA :CHALEIX ElizabethLOU\u00c9 Julie Visiter la page \u00ab\u00a0Formation Arbitres\u00a0\u00bb Technique : RODRIGUES SylviePr\u00e9sidente Visiter la page \u00ab\u00a0Formation joueur\/se &amp; GB\u00a0\u00bb &#8211; \u00ab\u00a0Formation entra\u00eeneurs\u00a0\u00bb Discipline : [&hellip;]<\/p>\n","protected":false},"author":1,"featured_media":0,"parent":0,"menu_order":0,"comment_status":"closed","ping_status":"closed","template":"","meta":{"footnotes":""},"class_list":["post-85","page","type-page","status-publish","hentry"],"aioseo_notices":[],"_links":{"self":[{"href":"https:\/\/hand16.com\/WP\/wp-json\/wp\/v2\/pages\/85","targetHints":{"allow":["GET"]}}],"collection":[{"href":"https:\/\/hand16.com\/WP\/wp-json\/wp\/v2\/pages"}],"about":[{"href":"https:\/\/hand16.com\/WP\/wp-json\/wp\/v2\/types\/page"}],"author":[{"embeddable":true,"href":"https:\/\/hand16.com\/WP\/wp-json\/wp\/v2\/users\/1"}],"replies":[{"embeddable":true,"href":"https:\/\/hand16.com\/WP\/wp-json\/wp\/v2\/comments?post=85"}],"version-history":[{"count":46,"href":"https:\/\/hand16.com\/WP\/wp-json\/wp\/v2\/pages\/85\/revisions"}],"predecessor-version":[{"id":3645,"href":"https:\/\/hand16.com\/WP\/wp-json\/wp\/v2\/pages\/85\/revisions\/3645"}],"wp:attachment":[{"href":"https:\/\/hand16.com\/WP\/wp-json\/wp\/v2\/media?parent=85"}],"curies":[{"name":"wp","href":"https:\/\/api.w.org\/{rel}","templated":true}]}}