{"id":86,"date":"2021-09-13T11:48:58","date_gmt":"2021-09-13T09:48:58","guid":{"rendered":"http:\/\/hand16.com\/WP\/?page_id=86"},"modified":"2026-01-08T09:08:11","modified_gmt":"2026-01-08T08:08:11","slug":"documents","status":"publish","type":"page","link":"https:\/\/hand16.com\/WP\/documents\/","title":{"rendered":"Documents"},"content":{"rendered":"\n<p>Documents au format Acrobat Reader (.pdf)<\/p>\n\n\n\n<figure class=\"wp-block-table is-style-stripes\"><table><tbody><tr><td><a href=\"https:\/\/ffhandball-my.sharepoint.com\/:b:\/g\/personal\/6016000_ffhandball_net\/ESa5TclljhZHlhX-4xd-BjIBCkWlMAKWdrADx5JlspS33A?e=Stwcuk\" target=\"_blank\" rel=\"noopener\" title=\"\">M\u00e9mento Annuel 2025 x 2026<\/a><\/td><td class=\"has-text-align-center\" data-align=\"center\">09\/2025<\/td><\/tr><tr><td><a href=\"https:\/\/ffhandball-my.sharepoint.com\/:b:\/g\/personal\/6016000_ffhandball_net\/EQ3KY8gReGtNntIftn2RYVoBvg_SqsP8VS6RzF_6h7nhIA?e=dEyCQ5\" target=\"_blank\" rel=\"noopener\" title=\"\">M\u00e9mento technique 2025 x 2026<\/a><\/td><td class=\"has-text-align-center\" data-align=\"center\">09\/2025<\/td><\/tr><tr><td><a href=\"http:\/\/www.hand16.com\/pdf\/Guide%20Memo%20Club.pdf\" target=\"_blank\" rel=\"noopener\" title=\"\">Guide du club pour faire des \u00e9conomies<\/a><\/td><td class=\"has-text-align-center\" data-align=\"center\">10\/2022<\/td><\/tr><tr><td><a href=\"https:\/\/ffhandball-my.sharepoint.com\/:b:\/g\/personal\/6016000_ffhandball_net\/EcyksTAg3SpDsmuAP7vIxr0B5llU8GtoWA4luInvJRGV7A?e=JaXyfn\" target=\"_blank\" rel=\"noopener\" title=\"\">Statuts<\/a> (pdf)<\/td><td class=\"has-text-align-center\" data-align=\"center\">07\/2024<\/td><\/tr><tr><td><a href=\"https:\/\/ffhandball-my.sharepoint.com\/:b:\/g\/personal\/6016000_ffhandball_net\/EaIRK9-tiFZFvkpO-sm9ceYBSmvv7Ek8GC2rlH-RknnGsQ?e=6B86I8\" target=\"_blank\" rel=\"noopener\" title=\"\">R\u00e9glement Int\u00e9rieur<\/a> (pdf)<\/td><td class=\"has-text-align-center\" data-align=\"center\">2020<\/td><\/tr><\/tbody><\/table><\/figure>\n\n\n\n<hr class=\"wp-block-separator has-css-opacity\"\/>\n\n\n\n<p><strong>Archives \/ M\u00e9mentos assembl\u00e9es g\u00e9n\u00e9rales (.pdf) :<\/strong><br>\u00e0 partir de 2022 : 2 m\u00e9mentos =&gt; <em>M\u00e9mento AG de fin de saison (juin) + M\u00e9mento AG financi\u00e8re (sept.\/oct.)<\/em> <\/p>\n\n\n\n<figure class=\"wp-block-table is-style-stripes\"><table><tbody><tr><td class=\"has-text-align-center\" data-align=\"center\"><\/td><td class=\"has-text-align-center\" data-align=\"center\"><\/td><td class=\"has-text-align-center\" data-align=\"center\"><a href=\"https:\/\/ffhandball-my.sharepoint.com\/:b:\/g\/personal\/6016000_ffhandball_net\/Ea95yaoiNNxPuAVD8_RBB7IBODUZTPoKwdJe4aNT6QGmMw?e=Vjz8HK\" target=\"_blank\" rel=\"noopener\" title=\"\">2025 10 <\/a>+ <a href=\"https:\/\/ffhandball-my.sharepoint.com\/:b:\/g\/personal\/6016000_ffhandball_net\/EWqDwPg35cZNqPY85Cxj1k4BwZQ_E-DvM0PI2x1-2hsJHQ?e=W3jfaG\" target=\"_blank\" rel=\"noopener\" title=\"\">2025 06<\/a><\/td><td class=\"has-text-align-center\" data-align=\"center\"><a href=\"https:\/\/ffhandball-my.sharepoint.com\/:b:\/g\/personal\/6016000_ffhandball_net\/EQhiVYOmapNCkc4KWjKksfYBeRcOIwUa965HfkapMYKvFw?e=iq7u6P\" target=\"_blank\" rel=\"noopener\" title=\"\">2024 10<\/a> + <a href=\"https:\/\/ffhandball-my.sharepoint.com\/:b:\/g\/personal\/6016000_ffhandball_net\/Eee1WeePYVxDiGF1KYYoZ78B10JHwbIWYcBfGGWGqXlhvg?e=ZrWYMs\" target=\"_blank\" rel=\"noopener\" title=\"\">2024 06<\/a><\/td><\/tr><tr><td class=\"has-text-align-center\" data-align=\"center\"><a href=\"https:\/\/ffhandball-my.sharepoint.com\/:b:\/g\/personal\/6016000_ffhandball_net\/EX31tUS-1V5FrtbYP2YzuMwBbsr2yd42kPWcgXcD6xgI6Q?e=ldIojl\" target=\"_blank\" rel=\"noopener\" title=\"\">2023 09<\/a> + <a href=\"https:\/\/ffhandball-my.sharepoint.com\/:b:\/g\/personal\/6016000_ffhandball_net\/Eb6-65Kib7RHuiyTdRQf8IMBHHFv4vLMHNz3p-zWj8yMOQ?e=wZ4wT3\" target=\"_blank\" rel=\"noopener\" title=\"\">2023 06<\/a><\/td><td class=\"has-text-align-center\" data-align=\"center\"><a href=\"https:\/\/ffhandball-my.sharepoint.com\/:b:\/g\/personal\/6016000_ffhandball_net\/Eb7jvliDm0VMilid8dAgP_kBgvXSytBLit0nr0yLkJ7vRw?e=Geo4wS\" target=\"_blank\" rel=\"noopener\" title=\"\">2022 10<\/a> + <a href=\"https:\/\/ffhandball-my.sharepoint.com\/:b:\/g\/personal\/6016000_ffhandball_net\/Ecpp7p1eSv1MmTKlPMV6WMoB-8z-DrDZIkopMbVa-cPFJg?e=MmMYtW\" target=\"_blank\" rel=\"noopener\" title=\"\">2022 06<\/a><\/td><td class=\"has-text-align-center\" data-align=\"center\"><a href=\"https:\/\/ffhandball-my.sharepoint.com\/:b:\/g\/personal\/6016000_ffhandball_net\/EQPdUVceOlFMiDhcJ7gS1CkB9xW_B3eNxqe8NybZb7lP2Q?e=ti1l6E\" target=\"_blank\" rel=\"noopener\" title=\"\">2021<\/a><\/td><td class=\"has-text-align-center\" data-align=\"center\"><a href=\"https:\/\/ffhandball-my.sharepoint.com\/:b:\/g\/personal\/6016000_ffhandball_net\/EaAP-wUiK7FHrohYxd2G37EBb9bixdvawrjNUJtkfAo6ZQ?e=8igAhd\" target=\"_blank\" rel=\"noopener\" title=\"\">2020<\/a><\/td><\/tr><tr><td class=\"has-text-align-center\" data-align=\"center\"><a href=\"https:\/\/ffhandball-my.sharepoint.com\/:b:\/g\/personal\/6016000_ffhandball_net\/Ee0jmdBgpCVHh-PhMkP2NV0BJ8WJ7Cw_paK1sWEV0lSZVg?e=kkdyOx\" target=\"_blank\" rel=\"noopener\" title=\"\">2019<\/a><\/td><td class=\"has-text-align-center\" data-align=\"center\"><a href=\"https:\/\/ffhandball-my.sharepoint.com\/:b:\/g\/personal\/6016000_ffhandball_net\/Ee0jmdBgpCVHh-PhMkP2NV0BJ8WJ7Cw_paK1sWEV0lSZVg?e=kkdyOx\" target=\"_blank\" rel=\"noopener\" title=\"\">2018<\/a><\/td><td class=\"has-text-align-center\" data-align=\"center\"><a href=\"https:\/\/ffhandball-my.sharepoint.com\/:b:\/g\/personal\/6016000_ffhandball_net\/EatOF1bRFS1Dm7SsvCcU_4MB9qqR4E_7COwjcfVuBYMhLQ?e=ng0dE2\" target=\"_blank\" rel=\"noopener\" title=\"\">2017<\/a><\/td><td class=\"has-text-align-center\" data-align=\"center\"><a href=\"https:\/\/ffhandball-my.sharepoint.com\/:b:\/g\/personal\/6016000_ffhandball_net\/EY5e3f2ejv1Ak0kFs0nkqPkBq0GuSHe3xzyORG0z8jvnCw?e=vr7BJZ\" target=\"_blank\" rel=\"noopener\" title=\"\">2016<\/a><\/td><\/tr><\/tbody><\/table><figcaption class=\"wp-element-caption\">depuis 2022 : AG en juin + AG financi\u00e8re en oct.<\/figcaption><\/figure>\n\n\n\n<hr class=\"wp-block-separator has-alpha-channel-opacity\"\/>\n\n\n\n<figure class=\"wp-block-table is-style-stripes has-medium-font-size\"><table><tbody><tr><td><img loading=\"lazy\" decoding=\"async\" width=\"300\" height=\"152\" class=\"wp-image-1426\" style=\"width: 300px;\" src=\"https:\/\/hand16.com\/WP\/wp-content\/uploads\/2022\/10\/fotolia_171881136_subscription_monthly_m.jpg\" alt=\"\" srcset=\"https:\/\/hand16.com\/WP\/wp-content\/uploads\/2022\/10\/fotolia_171881136_subscription_monthly_m.jpg 600w, https:\/\/hand16.com\/WP\/wp-content\/uploads\/2022\/10\/fotolia_171881136_subscription_monthly_m-300x152.jpg 300w\" sizes=\"auto, (max-width: 300px) 100vw, 300px\" \/><\/td><td class=\"has-text-align-center\" data-align=\"center\"><strong>BOITE A OUTILS<\/strong> :<br><strong><em>Les liens administratifs utiles pour le dirigeant <\/em><\/strong> <br><strong><em>sur les sites Ligue et FFHB<\/em><\/strong><\/td><\/tr><\/tbody><\/table><\/figure>\n\n\n\n<p><img loading=\"lazy\" decoding=\"async\" width=\"250\" height=\"76\" class=\"wp-image-345\" style=\"width: 250px;\" src=\"https:\/\/hand16.com\/WP\/wp-content\/uploads\/2022\/03\/FFHB_LOGO_LIGUE_NOUVELLE_AQUITAINE_FD_BL_RVB-1.png\" alt=\"\" srcset=\"https:\/\/hand16.com\/WP\/wp-content\/uploads\/2022\/03\/FFHB_LOGO_LIGUE_NOUVELLE_AQUITAINE_FD_BL_RVB-1.png 2177w, https:\/\/hand16.com\/WP\/wp-content\/uploads\/2022\/03\/FFHB_LOGO_LIGUE_NOUVELLE_AQUITAINE_FD_BL_RVB-1-300x91.png 300w, https:\/\/hand16.com\/WP\/wp-content\/uploads\/2022\/03\/FFHB_LOGO_LIGUE_NOUVELLE_AQUITAINE_FD_BL_RVB-1-1024x311.png 1024w, https:\/\/hand16.com\/WP\/wp-content\/uploads\/2022\/03\/FFHB_LOGO_LIGUE_NOUVELLE_AQUITAINE_FD_BL_RVB-1-768x233.png 768w, https:\/\/hand16.com\/WP\/wp-content\/uploads\/2022\/03\/FFHB_LOGO_LIGUE_NOUVELLE_AQUITAINE_FD_BL_RVB-1-1536x466.png 1536w, https:\/\/hand16.com\/WP\/wp-content\/uploads\/2022\/03\/FFHB_LOGO_LIGUE_NOUVELLE_AQUITAINE_FD_BL_RVB-1-2048x622.png 2048w\" sizes=\"auto, (max-width: 250px) 100vw, 250px\" \/> <br><strong><em>Les ressources sur le site de la Ligue Nouvelle Aquitaine<\/em><\/strong><\/p>\n\n\n\n<p><a href=\"http:\/\/nouvelleaquitaine-handball.org\/wp-content\/uploads\/2023\/07\/Memento-Administratif-2023-2024-Version-1-230707.pdf\" target=\"_blank\" rel=\"noopener\" title=\"\">Memento adminisratif \u00a023-24\u00a0<\/a><br><a href=\"https:\/\/ffhandball-my.sharepoint.com\/personal\/6000000_cdegorce_ffhandball_net\/_layouts\/15\/onedrive.aspx?id=%2Fpersonal%2F6000000%5Fcdegorce%5Fffhandball%5Fnet%2FDocuments%2FANNUAIRE%20LIGUE%202023%2D2024%2FDossier%20partag%C3%A9%20ANNUAIRE%20LIGUE%202023%2D2024%2FAnnuaire%5Fde%5FLigue%5F2023%2D2024%5FV261023%20V6%2Epdf&amp;parent=%2Fpersonal%2F6000000%5Fcdegorce%5Fffhandball%5Fnet%2FDocuments%2FANNUAIRE%20LIGUE%202023%2D2024%2FDossier%20partag%C3%A9%20ANNUAIRE%20LIGUE%202023%2D2024&amp;ga=1\" target=\"_blank\" rel=\"noopener\" title=\"\">Annuaire de Ligue<\/a><br><a href=\"https:\/\/nouvelleaquitaine-handball.org\/wp-content\/uploads\/2025\/12\/GDF-2025-2026-32_compressed-1.pdf\" target=\"_blank\" rel=\"noopener\" title=\"\">Guide des formations de l&rsquo;ITFE <\/a><br><a href=\"https:\/\/nouvelleaquitaine-handball.org\/wp-content\/uploads\/2022\/11\/Guide-des-accompagnateurs-dequipes.pdf\" target=\"_blank\" rel=\"noopener\" title=\"\">Guide du responsable d&rsquo;\u00e9quipe<\/a> (2022)<br><a href=\"https:\/\/nouvelleaquitaine-handball.org\/wp-content\/uploads\/2022\/07\/Fiche-pratique-RSEC.pdf\" target=\"_blank\" rel=\"noopener\" title=\"\">Fiche pratique RSEC<\/a> (Resp. de salle et d&rsquo;espace de comp\u00e9tition) (2022)<br><a href=\"https:\/\/nouvelleaquitaine-handball.org\/wp-content\/uploads\/2022\/07\/Responsabilites-des-acteurs-du-jeu.pdf\" target=\"_blank\" rel=\"noopener\" title=\"\">Responsabilit\u00e9s des acteurs du jeu<\/a> (2022)<br><a href=\"https:\/\/old.nouvelleaquitaine-handball.org\/wp-content\/uploads\/2021\/05\/GUIDE-HELLO-ASSO-MODIF2021.pdf\" target=\"_blank\" rel=\"noopener\" title=\"\">Guide Hello Asso<\/a> (2021)<br><a href=\"https:\/\/old.nouvelleaquitaine-handball.org\/wp-content\/uploads\/2020\/12\/Modele-Lettre-de-non-opposition-MUTATION-2-scaled.jpg\" target=\"_blank\" rel=\"noreferrer noopener\">Mod\u00e8le Lettre de non opposition Mutation\u00a0<\/a><br><a href=\"https:\/\/old.nouvelleaquitaine-handball.org\/wp-content\/uploads\/2020\/06\/Fiche-tuto-adresse-mail-licence-gesthand.pdf\">Fiche tuto Adresse Mail<\/a><br><a href=\"https:\/\/old.nouvelleaquitaine-handball.org\/wp-content\/uploads\/2018\/09\/tuto_office-365_Adresse_F%C3%A9d%C3%A9rale_G%C3%A9n%C3%A9rale.pdf\">Guide d\u2019utilisation office 365<\/a><br><a href=\"https:\/\/nouvelleaquitaine-handball.org\/wp-content\/uploads\/2022\/07\/GUIDE_SALLES.pdf\">Tutoriel guides des salles<\/a> (cr\u00e9ation, inscriptions)<\/p>\n\n\n\n<p>Et d&rsquo;autres ressources \u00e0 voir sur le site de la <a href=\"https:\/\/nouvelleaquitaine-handball.org\/\" target=\"_blank\" rel=\"noopener\" title=\"\">ligue<\/a> dans le menu \u00ab\u00a0documentation\u00a0\u00bb<br>ou dans leur <a href=\"https:\/\/old.nouvelleaquitaine-handball.org\/toutlehand\/\" target=\"_blank\" rel=\"noopener\" title=\"\">centre de ressources<\/a> <\/p>\n\n\n\n<hr class=\"wp-block-separator has-alpha-channel-opacity\"\/>\n\n\n\n<p><strong>GESTHAND<\/strong><\/p>\n\n\n\n<p><a href=\"https:\/\/user-36533708670.cld.bz\/prise-de-licences-2022-2023\" target=\"_blank\" rel=\"noopener\" title=\"\">Processus de prise de licences<\/a><br><a href=\"https:\/\/user-36533708670.cld.bz\/Aide-Gesthand-Club-saison-2022-2023\" target=\"_blank\" rel=\"noopener\" title=\"\">Aide gesthand<\/a><br><a href=\"https:\/\/support.ffhandball.org\/login.php\" title=\"\">Support gesthand<\/a><br><strong><a href=\"https:\/\/www.grandesthandball.fr\/tutoriels\/\" target=\"_blank\" rel=\"noopener\" title=\"\">DES TUTORIELS GESTHAND en vid\u00e9os<\/a><\/strong><\/p>\n\n\n\n<hr class=\"wp-block-separator has-alpha-channel-opacity\"\/>\n\n\n\n<p><img loading=\"lazy\" decoding=\"async\" width=\"150\" height=\"101\" class=\"wp-image-347\" style=\"width: 150px;\" src=\"https:\/\/hand16.com\/WP\/wp-content\/uploads\/2022\/03\/Federation_francaise_de_handball_Logo_2016.svg_.png\" alt=\"\" srcset=\"https:\/\/hand16.com\/WP\/wp-content\/uploads\/2022\/03\/Federation_francaise_de_handball_Logo_2016.svg_.png 1280w, https:\/\/hand16.com\/WP\/wp-content\/uploads\/2022\/03\/Federation_francaise_de_handball_Logo_2016.svg_-300x202.png 300w, https:\/\/hand16.com\/WP\/wp-content\/uploads\/2022\/03\/Federation_francaise_de_handball_Logo_2016.svg_-1024x690.png 1024w, https:\/\/hand16.com\/WP\/wp-content\/uploads\/2022\/03\/Federation_francaise_de_handball_Logo_2016.svg_-768x518.png 768w\" sizes=\"auto, (max-width: 150px) 100vw, 150px\" \/> <br><strong><em>Les ressources sur le site de la FFHB<\/em><\/strong><\/p>\n\n\n\n<p><a href=\"https:\/\/www.ffhandball.fr\/fr\/ffhandball\/documentation\/annuaire\" target=\"_blank\" rel=\"noopener\" title=\"\">Annuaire FFHB<\/a> : textes r\u00e9glementaires, statuts, guide financiers.<br><br><strong>Assurances : <\/strong><\/p>\n\n\n\n<figure class=\"wp-block-table is-style-stripes has-small-font-size\"><table><tbody><tr><td><strong>Vous pouvez retrouver l\u2019ensemble des documents d\u2019assurance en vous connectant sur le site : <\/strong><br><a href=\"https:\/\/link.mail.ffhandball.fr\/m\/ml\/207180\/502001\/XPLVNAyzMq81bD0k_ox0RA==\/SYf4isWOa7Z4DFNQscjwZur1UnvRcPSPkd7FCoKCjG4=\/\" target=\"_blank\" rel=\"noopener\" title=\"\">https:\/\/www.ffhandball.fr\/vie-du-hand\/jouer\/sassurer\/<\/a><br><br><strong><a href=\"https:\/\/assurances.ffhandball.fr\/documentation\/ATTESTATION_2024-25_FFHAND_ANNUELLE.pdf\" target=\"_blank\" rel=\"noopener\" title=\"\">Votre attestation annuelle<\/a><\/strong><br><strong>Suivi des dossiers sinistres&nbsp;:<\/strong>&nbsp;&nbsp;Cabinet Marsh \/&nbsp;<strong>assurances.handball@marsh.com<\/strong>&nbsp;\/ 01 87 21 27 82<br><strong>AIG Travel (Assistance)&nbsp;:<\/strong><br>France : 01.49.02.46.70 \u2013 Etranger : +33.1.49.02.46.70<br>N\u00b0 de contrat \u00e0 rappeler : FRPO000009<br><strong>Autres renseignements&nbsp;:<\/strong><br>Cabinet Marsh \/&nbsp;<strong>assurances.handball@marsh.com<\/strong>&nbsp;\/ 01 87 21 27 82<br><strong>Formation assurances et renseignements f\u00e9d\u00e9raux&nbsp;:<\/strong><br>Gilles BASQUIN \/&nbsp;<a href=\"mailto:g.basquin@ffhandball.net\">g.basquin@ffhandball.net<\/a>&nbsp;\/&nbsp;06 23 13 18 78<\/td><\/tr><\/tbody><\/table><\/figure>\n\n\n\n<p><a href=\"https:\/\/www.ffhandball.fr\/fr\/ffhandball\/documentation\/formulaires\" target=\"_blank\" rel=\"noopener\" title=\"\">Formulaires<\/a> : attestation de sant\u00e9, honorabilit\u00e9, conventions, etc&#8230;<br><a href=\"https:\/\/www.ffhandball.fr\/fr\/ffhandball\/documentation\/fiches-pratiques\" target=\"_blank\" rel=\"noopener\" title=\"\">Fiches pratiques :<\/a> M\u00e9c\u00e9nat, utilisation photos, statut social et fiscal des juges arbitres, r\u00e9glement europ\u00e9en, protection des donn\u00e9es, bizutage, loi \u00e9thique et sport prof., aide au b\u00e9n\u00e9volat et possibilit\u00e9s de r\u00e9mun\u00e9ration, protection p\u00e9nale des arbitres, droit \u00e0 l&rsquo;image, &#8230;<br><a href=\"https:\/\/www.ffhandball.fr\/fr\/vie-des-clubs\/s-engager\/tous-unis-contre-les-violences\" target=\"_blank\" rel=\"noopener\" title=\"\">Tous unis contre les violences :<\/a> kit de pr\u00e9vention, guide et tuto attestation d&rsquo;honorabilit\u00e9&#8230;<br><a href=\"https:\/\/doc.ffhandball.fr\/\" target=\"_blank\" rel=\"noopener\" title=\"\">Centre de ressources documentaires<\/a> : vous permet de trouver facilement un grand nombre de documents et informations sur le handball.<br><a href=\"https:\/\/www.ffhandball.fr\/fr\/ffhandball\/editorial\/hand-mag\/handmag\" target=\"_blank\" rel=\"noopener\" title=\"\">HandMag<\/a> (\u00e0 lire en ligne)<br><a href=\"https:\/\/www.ffhandball.fr\/fr\/ffhandball\/editorial\/approches\/approches-du-handball\" target=\"_blank\" rel=\"noopener\" title=\"\">Approches du Handball<\/a> (formulaire abonnement)<\/p>\n\n\n\n<p>et bien d&rsquo;autres ressources, sur le site de la <a href=\"https:\/\/www.ffhandball.fr\/\" target=\"_blank\" rel=\"noopener\" title=\"\">FFHB<\/a> dans les menus \u00ab\u00a0vie des clubs\u00a0\u00bb, \u00ab\u00a0vie f\u00e9d\u00e9rale\u00a0\u00bb&#8230;<\/p>\n\n\n\n<hr class=\"wp-block-separator has-alpha-channel-opacity\"\/>\n","protected":false},"excerpt":{"rendered":"<p>Documents au format Acrobat Reader (.pdf) M\u00e9mento Annuel 2025 x 2026 09\/2025 M\u00e9mento technique 2025 x 2026 09\/2025 Guide du club pour faire des \u00e9conomies 10\/2022 Statuts (pdf) 07\/2024 R\u00e9glement Int\u00e9rieur (pdf) 2020 Archives \/ M\u00e9mentos assembl\u00e9es g\u00e9n\u00e9rales (.pdf) :\u00e0 partir de 2022 : 2 m\u00e9mentos =&gt; M\u00e9mento AG de fin de saison (juin) + [&hellip;]<\/p>\n","protected":false},"author":1,"featured_media":0,"parent":0,"menu_order":0,"comment_status":"closed","ping_status":"closed","template":"","meta":{"footnotes":""},"class_list":["post-86","page","type-page","status-publish","hentry"],"aioseo_notices":[],"_links":{"self":[{"href":"https:\/\/hand16.com\/WP\/wp-json\/wp\/v2\/pages\/86","targetHints":{"allow":["GET"]}}],"collection":[{"href":"https:\/\/hand16.com\/WP\/wp-json\/wp\/v2\/pages"}],"about":[{"href":"https:\/\/hand16.com\/WP\/wp-json\/wp\/v2\/types\/page"}],"author":[{"embeddable":true,"href":"https:\/\/hand16.com\/WP\/wp-json\/wp\/v2\/users\/1"}],"replies":[{"embeddable":true,"href":"https:\/\/hand16.com\/WP\/wp-json\/wp\/v2\/comments?post=86"}],"version-history":[{"count":65,"href":"https:\/\/hand16.com\/WP\/wp-json\/wp\/v2\/pages\/86\/revisions"}],"predecessor-version":[{"id":3681,"href":"https:\/\/hand16.com\/WP\/wp-json\/wp\/v2\/pages\/86\/revisions\/3681"}],"wp:attachment":[{"href":"https:\/\/hand16.com\/WP\/wp-json\/wp\/v2\/media?parent=86"}],"curies":[{"name":"wp","href":"https:\/\/api.w.org\/{rel}","templated":true}]}}